{"id":9646,"date":"2024-09-09T11:17:55","date_gmt":"2024-09-09T09:17:55","guid":{"rendered":"https:\/\/www.folkecenter.net\/?page_id=9646"},"modified":"2025-07-07T13:38:26","modified_gmt":"2025-07-07T11:38:26","slug":"support-group","status":"publish","type":"page","link":"https:\/\/www.folkecenter.net\/da\/support-group\/","title":{"rendered":"Support group"},"content":{"rendered":"<h1 class=\"wp-block-heading has-text-align-center has-x-large-font-size\"><strong>ST\u00d8TTEKREDSEN<\/strong><\/h1>\n\n\n\n<div style=\"height:30px\" aria-hidden=\"true\" class=\"wp-block-spacer\"><\/div>\n\n\n\n<h2 class=\"wp-block-heading\">Ordin\u00e6r generalforsamling 2025<\/h2>\n\n\n\n<p>K\u00e6re medlem af st\u00f8ttekredsen,<\/p>\n\n\n\n<p>Den ordin\u00e6r generalforsamling af Nordisk Folkecenters st\u00f8ttekreds vil finde sted p\u00e5 <strong>s\u00f8ndag den 29. juni kl. 14<\/strong> i SkibstedFjord kursuscenter.<\/p>\n\n\n\n<p>Bem\u00e6rk venligst, at for at deltage i generalforsamlingen skal du betale dit medlemskab (hvis du ikke allerede har gjort det) inden generalforsamlingsdagen. Instruktioner findes i invitationen.&nbsp;<\/p>\n\n\n\n<p>Nordisk Folkecenter st\u00e5r i \u00f8jeblikket i en meget kritisk situation, hvor vores fortsatte eksistens er truet. Derfor h\u00e5ber vi, at du, hvis du har mulighed for det, vil overveje at give et ekstra bidrag sammen med din kontingentbetaling. Alle bidrag, store som sm\u00e5, vil blive modtaget med den st\u00f8rste taknemmelighed.&nbsp;<\/p>\n\n\n\n<p>Ser frem til samarbejde og dialog.<\/p>\n\n\n\n<p>Venlig hilsen<\/p>\n\n\n\n<p><em>Jane Kruse<\/em><br>Forstander<\/p>\n\n\n\n<div style=\"height:10px\" aria-hidden=\"true\" class=\"wp-block-spacer\"><\/div>\n\n\n\n<div class=\"wp-block-buttons is-content-justification-center is-layout-flex wp-container-core-buttons-is-layout-16018d1d wp-block-buttons-is-layout-flex\">\n<div class=\"wp-block-button\"><a class=\"wp-block-button__link has-white-color has-black-background-color has-text-color has-background has-link-color has-text-align-center wp-element-button\" href=\"https:\/\/www.folkecenter.net\/wp-content\/uploads\/2025\/06\/Invitation-General-Assembly-2025_DK.pdf\" style=\"border-radius:5px\">L\u00e6s invitationen<\/a><\/div>\n\n\n\n<div class=\"wp-block-button\"><a class=\"wp-block-button__link has-white-color has-black-background-color has-text-color has-background has-link-color wp-element-button\" href=\"https:\/\/www.folkecenter.net\/wp-content\/uploads\/2025\/07\/Generalforsamlings-29.06.2025.pdf\" style=\"border-radius:5px\">Referat fra generalforsamlingen<\/a><\/div>\n\n\n\n<div class=\"wp-block-button\"><a class=\"wp-block-button__link has-white-color has-black-background-color has-text-color has-background has-link-color wp-element-button\" href=\"https:\/\/www.folkecenter.net\/wp-content\/uploads\/2025\/07\/Minutes_General_Assembly_EN.pdf\" style=\"border-radius:5px\">Minutes of the General Assembly (EN)<\/a><\/div>\n<\/div>\n\n\n\n<div style=\"height:40px\" aria-hidden=\"true\" class=\"wp-block-spacer\"><\/div>\n\n\n\n<div style=\"height:15px\" aria-hidden=\"true\" class=\"wp-block-spacer\"><\/div>\n\n\n\n<div class=\"wp-block-columns is-layout-flex wp-container-core-columns-is-layout-9d6595d7 wp-block-columns-is-layout-flex\">\n<div class=\"wp-block-column is-layout-flow wp-block-column-is-layout-flow\" style=\"flex-basis:40%\">\n<figure class=\"wp-block-image size-full\"><img loading=\"lazy\" decoding=\"async\" width=\"1920\" height=\"2560\" src=\"https:\/\/www.folkecenter.net\/wp-content\/uploads\/2024\/06\/20240612_093227-scaled.jpg\" alt=\"\" class=\"wp-image-9419\" srcset=\"https:\/\/www.folkecenter.net\/wp-content\/uploads\/2024\/06\/20240612_093227-scaled.jpg 1920w, https:\/\/www.folkecenter.net\/wp-content\/uploads\/2024\/06\/20240612_093227-225x300.jpg 225w, https:\/\/www.folkecenter.net\/wp-content\/uploads\/2024\/06\/20240612_093227-768x1024.jpg 768w, https:\/\/www.folkecenter.net\/wp-content\/uploads\/2024\/06\/20240612_093227-1152x1536.jpg 1152w, https:\/\/www.folkecenter.net\/wp-content\/uploads\/2024\/06\/20240612_093227-1536x2048.jpg 1536w, https:\/\/www.folkecenter.net\/wp-content\/uploads\/2024\/06\/20240612_093227-9x12.jpg 9w, https:\/\/www.folkecenter.net\/wp-content\/uploads\/2024\/06\/20240612_093227-600x800.jpg 600w\" sizes=\"auto, (max-width: 1920px) 100vw, 1920px\" \/><\/figure>\n<\/div>\n\n\n\n<div class=\"wp-block-column is-layout-flow wp-block-column-is-layout-flow\" style=\"flex-basis:60%\">\n<h2 class=\"wp-block-heading has-text-align-center\"><strong>V\u00c6R MED<\/strong><\/h2>\n\n\n\n<p class=\"has-text-align-center\" style=\"font-size:18px\">Nordisk Folkecenter for Vedvarende Energi blev etableret i 1983 med det form\u00e5l at bane vejen for \u00f8get brug af vedvarende energi. Den dag i dag er det stadig vores m\u00e5l, og den overordnede mission er at skabe en b\u00e6redygtig fremtid med vedvarende energi.<\/p>\n\n\n\n<p class=\"has-text-align-center\" style=\"font-size:18px\">Du kan v\u00e6re med til at n\u00e5 m\u00e5let ved at blive medlem af St\u00f8ttekredsen. <\/p>\n\n\n\n<p class=\"has-text-align-center\" style=\"font-size:18px\">Med dit medlemskab bidrager du til arbejdet i Nordisk Folkecenter for Vedvarende Energi; tests og demonstration af vedvarende energi, trainee-programmet og ekskursioner for praktikanterne, events og formidling om vedvarende energi, vedligeholdelse af omr\u00e5det og vores projekter med andre Folkecentre rundt omkring i verden.<\/p>\n\n\n\n<div style=\"height:5px\" aria-hidden=\"true\" class=\"wp-block-spacer\"><\/div>\n\n\n\n<h3 class=\"wp-block-heading\" style=\"font-size:18px\">Fordele<\/h3>\n\n\n\n<ul class=\"wp-block-list\">\n<li>Invitation til arrangementer og vigtige m\u00f8der, f.eks. den \u00e5rlige generalforsamling og julemiddagen<\/li>\n\n\n\n<li>Mulighed for at v\u00e6lge nogle bestyrelsesmedlemmer og mulighed for at blive valgt som bestyrelsesmedlem<\/li>\n\n\n\n<li>Medlemskab af Nordisk Folkecenters Facebook-gruppe;<\/li>\n\n\n\n<li>Mulighed (hvis du er en virksomhed) for at deltage gratis (eller med rabat) ved vores firmam\u00f8dearrangementer, konferencer og andre aktiviteter<\/li>\n<\/ul>\n<\/div>\n<\/div>\n\n\n\n<h2 class=\"wp-block-heading has-text-align-center\"><strong>THE COSTS<\/strong><\/h2>\n\n\n\n<p style=\"font-size:16px\">Du kan ans\u00f8ge om medlemskab i St\u00f8ttekredsen b\u00e5de som privatperson, husstand, virksomhed, uddannelsesinstitution, forening eller organisation, og prisen er som f\u00f8lger:<\/p>\n\n\n\n<figure class=\"wp-block-table is-style-stripes\"><table class=\"has-fixed-layout\"><tbody><tr><td><strong>Type<\/strong><\/td><td><strong>\u00c5rlig betaling<\/strong> (<strong>\u20ac<\/strong>)<\/td><\/tr><tr><td>Privatperson<\/td><td>14 \u20ac<\/td><\/tr><tr><td>Husholdning<\/td><td>27 \u20ac<\/td><\/tr><tr><td>Virksomhed<\/td><td>135 \u20ac<\/td><\/tr><tr><td>Uddannelsesinstitution<\/td><td>135 \u20ac<\/td><\/tr><tr><td>Foreninger og organisationer<\/td><td>135 \u20ac<\/td><\/tr><\/tbody><\/table><\/figure>\n\n\n\n<div style=\"height:30px\" aria-hidden=\"true\" class=\"wp-block-spacer\"><\/div>\n\n\n\n<h2 class=\"wp-block-heading has-text-align-center\"><strong>REGISTRATION<\/strong><\/h2>\n\n\n\n<div class=\"wp-block-uagb-forms uagb-forms__outer-wrap uagb-block-4e00f378 uagb-forms__medium-btn\"><form class=\"uagb-forms-main-form\" method=\"post\" autocomplete=\"on\" name=\"uagb-form-4e00f378\" action=\"\">\n<div class=\"wp-block-uagb-forms-name uagb-forms-name-wrap uagb-forms-field-set uagb-block-2c9becf2\"><div class=\"uagb-forms-name-label required uagb-forms-input-label\" id=\"2c9becf2\">Navn og efternavn<\/div><input type=\"text\" placeholder=\"\" required class=\"uagb-forms-name-input uagb-forms-input\" name=\"2c9becf2\" autocomplete=\"name\"\/><\/div>\n\n\n\n<div class=\"wp-block-uagb-forms-select uagb-forms-select-wrap uagb-forms-field-set uagb-block-1142ccce\"><div class=\"uagb-forms-select-label required uagb-forms-input-label\" id=\"1142ccce\">Tilmeld som<\/div><select class=\"uagb-forms-select-box uagb-forms-input\" required name=\"1142ccce\"><option value=\"\" disabled selected>V\u00e6lg fra liste<\/option><option value=\"Individual\">Privatperson<\/option><option value=\"Household\">Husholdning<\/option><option value=\"Company\">Virksomhed<\/option><option value=\"Educational institution\">Uddannelsesinstitution<\/option><option value=\"Association\/organization\">Association\/organization<\/option><\/select><\/div>\n\n\n\n<div class=\"wp-block-uagb-forms-name uagb-forms-name-wrap uagb-forms-field-set uagb-block-85e96dea\"><div class=\"uagb-forms-name-label  uagb-forms-input-label\" id=\"85e96dea\">Navn p\u00e5 virksomhed\/uddannelsesinstitution\/forening\/organisation hvis relevant<\/div><input type=\"text\" placeholder=\"\" class=\"uagb-forms-name-input uagb-forms-input\" name=\"85e96dea\" autocomplete=\"organization\"\/><\/div>\n\n\n\n<div class=\"wp-block-uagb-forms-email uagb-forms-email-wrap uagb-forms-field-set uagb-block-06112995\"><div class=\"uagb-forms-email-label required uagb-forms-input-label\" id=\"06112995\">E-mail<\/div><input type=\"email\" class=\"uagb-forms-email-input uagb-forms-input\" placeholder=\"\" required name=\"06112995\" autocomplete=\"email\"\/><\/div>\n<div class=\"uagb-forms-form-hidden-data\"><input type=\"hidden\" class=\"uagb_forms_form_label\" value=\"Spectra Form\"\/><input type=\"hidden\" class=\"uagb_forms_form_id\" value=\"uagb-form-4e00f378\"\/><\/div><div class=\"uagb-form-reacaptcha-error-4e00f378\"><\/div><div class=\"uagb-forms-main-submit-button-wrap wp-block-button\"><button class=\"uagb-forms-main-submit-button wp-block-button__link\"><div class=\"uagb-forms-main-submit-button-text\">Tilmeld<\/div><\/button><\/div><input type=\"hidden\" name=\"trp-form-language\" value=\"da\"\/><\/form><div class=\"uagb-forms-success-message-4e00f378 uagb-forms-submit-message-hide\"><span>You have successfully applied for membership in the Support Group. Soon you will get an e-mail with information about payment. Thank you for joining.<\/span><\/div><div class=\"uagb-forms-failed-message-4e00f378 uagb-forms-submit-message-hide\"><span>There has been some error while submitting the form. Please verify all form fields again.<\/span><\/div><\/div>","protected":false},"excerpt":{"rendered":"<p>THE SUPPORT GROUP General Assembly 2025 Dear member of the Folkecenter&#8217;s Support Group, The annual general assembly of Nordic Folkecenter&#8217;s support group will take place on Sunday, June 29th at &#8230;<\/p>","protected":false},"author":2,"featured_media":8625,"parent":0,"menu_order":0,"comment_status":"closed","ping_status":"closed","template":"","meta":{"_uag_custom_page_level_css":"","footnotes":""},"folder":[50],"class_list":["post-9646","page","type-page","status-publish","has-post-thumbnail","hentry"],"uagb_featured_image_src":{"full":["https:\/\/www.folkecenter.net\/wp-content\/uploads\/2024\/01\/Drone2-2-scaled.jpg",2560,1440,false],"thumbnail":["https:\/\/www.folkecenter.net\/wp-content\/uploads\/2024\/01\/Drone2-2-scaled-150x150.jpg",150,150,true],"medium":["https:\/\/www.folkecenter.net\/wp-content\/uploads\/2024\/01\/Drone2-2-scaled-300x169.jpg",300,169,true],"medium_large":["https:\/\/www.folkecenter.net\/wp-content\/uploads\/2024\/01\/Drone2-2-scaled-768x432.jpg",768,432,true],"large":["https:\/\/www.folkecenter.net\/wp-content\/uploads\/2024\/01\/Drone2-2-scaled-1024x576.jpg",800,450,true],"1536x1536":["https:\/\/www.folkecenter.net\/wp-content\/uploads\/2024\/01\/Drone2-2-scaled-1536x864.jpg",1536,864,true],"2048x2048":["https:\/\/www.folkecenter.net\/wp-content\/uploads\/2024\/01\/Drone2-2-scaled-2048x1152.jpg",2048,1152,true],"trp-custom-language-flag":["https:\/\/www.folkecenter.net\/wp-content\/uploads\/2024\/01\/Drone2-2-scaled-18x10.jpg",18,10,true],"mgb-medium":["https:\/\/www.folkecenter.net\/wp-content\/uploads\/2024\/01\/Drone2-2-scaled-600x600.jpg",600,600,true],"mgb-vertical":["https:\/\/www.folkecenter.net\/wp-content\/uploads\/2024\/01\/Drone2-2-scaled-600x900.jpg",600,900,true],"mgb-banner":["https:\/\/www.folkecenter.net\/wp-content\/uploads\/2024\/01\/Drone2-2-scaled-1600x800.jpg",1600,800,true],"onepress-blog-small":["https:\/\/www.folkecenter.net\/wp-content\/uploads\/2024\/01\/Drone2-2-scaled-300x150.jpg",300,150,true],"onepress-small":["https:\/\/www.folkecenter.net\/wp-content\/uploads\/2024\/01\/Drone2-2-scaled-480x300.jpg",480,300,true],"onepress-medium":["https:\/\/www.folkecenter.net\/wp-content\/uploads\/2024\/01\/Drone2-2-scaled-640x400.jpg",640,400,true]},"uagb_author_info":{"display_name":"Pernille Manicus","author_link":"https:\/\/www.folkecenter.net\/da\/author\/pernille\/"},"uagb_comment_info":0,"uagb_excerpt":"THE SUPPORT GROUP General Assembly 2025 Dear member of the Folkecenter&#8217;s Support Group, The annual general assembly of Nordic Folkecenter&#8217;s support group will take place on Sunday, June 29th at ...","_links":{"self":[{"href":"https:\/\/www.folkecenter.net\/da\/wp-json\/wp\/v2\/pages\/9646","targetHints":{"allow":["GET"]}}],"collection":[{"href":"https:\/\/www.folkecenter.net\/da\/wp-json\/wp\/v2\/pages"}],"about":[{"href":"https:\/\/www.folkecenter.net\/da\/wp-json\/wp\/v2\/types\/page"}],"author":[{"embeddable":true,"href":"https:\/\/www.folkecenter.net\/da\/wp-json\/wp\/v2\/users\/2"}],"replies":[{"embeddable":true,"href":"https:\/\/www.folkecenter.net\/da\/wp-json\/wp\/v2\/comments?post=9646"}],"version-history":[{"count":0,"href":"https:\/\/www.folkecenter.net\/da\/wp-json\/wp\/v2\/pages\/9646\/revisions"}],"wp:featuredmedia":[{"embeddable":true,"href":"https:\/\/www.folkecenter.net\/da\/wp-json\/wp\/v2\/media\/8625"}],"wp:attachment":[{"href":"https:\/\/www.folkecenter.net\/da\/wp-json\/wp\/v2\/media?parent=9646"}],"wp:term":[{"taxonomy":"folder","embeddable":true,"href":"https:\/\/www.folkecenter.net\/da\/wp-json\/wp\/v2\/folder?post=9646"}],"curies":[{"name":"wp","href":"https:\/\/api.w.org\/{rel}","templated":true}]}}