{"id":7935,"date":"2023-09-06T09:07:46","date_gmt":"2023-09-06T09:07:46","guid":{"rendered":"https:\/\/www.folkecenter.net\/?page_id=7935"},"modified":"2024-11-18T13:02:31","modified_gmt":"2024-11-18T11:02:31","slug":"desert-power","status":"publish","type":"page","link":"https:\/\/www.folkecenter.net\/da\/desert-power\/","title":{"rendered":"Desert Power"},"content":{"rendered":"<h1 class=\"wp-block-heading\">Desert Power<sup>\u00ae<\/sup><\/h1>\n\n\n\n<div style=\"height:15px\" aria-hidden=\"true\" class=\"wp-block-spacer\"><\/div>\n\n\n\n<div class=\"wp-block-media-text is-stacked-on-mobile\"><figure class=\"wp-block-media-text__media\"><img loading=\"lazy\" decoding=\"async\" width=\"1024\" height=\"571\" src=\"https:\/\/www.folkecenter.net\/wp-content\/uploads\/2023\/09\/Cover-desert-power-1.png\" alt=\"Desert power - Folkecenter\" class=\"wp-image-7939 size-full\" srcset=\"https:\/\/www.folkecenter.net\/wp-content\/uploads\/2023\/09\/Cover-desert-power-1.png 1024w, https:\/\/www.folkecenter.net\/wp-content\/uploads\/2023\/09\/Cover-desert-power-1-300x167.png 300w, https:\/\/www.folkecenter.net\/wp-content\/uploads\/2023\/09\/Cover-desert-power-1-768x428.png 768w, https:\/\/www.folkecenter.net\/wp-content\/uploads\/2023\/09\/Cover-desert-power-1-18x10.png 18w\" sizes=\"auto, (max-width: 1024px) 100vw, 1024px\" \/><\/figure><div class=\"wp-block-media-text__content\">\n<h2 class=\"wp-block-heading\"><strong>PROJEKTDETALJER<\/strong><\/h2>\n\n\n\n<figure class=\"wp-block-table is-style-stripes\" style=\"font-size:16px\"><table><tbody><tr><td><strong>Partnere:<\/strong><\/td><td>Agro Industries A\/S<br>Nordisk Folkecenter for Vedvarende Energi<\/td><\/tr><tr><td><strong>Lande:<\/strong><\/td><td>Danmark<\/td><\/tr><tr><td><strong>Projekttype:<\/strong><\/td><td>Udvikling<\/td><\/tr><\/tbody><\/table><\/figure>\n<\/div><\/div>\n\n\n\n<div style=\"height:50px\" aria-hidden=\"true\" class=\"wp-block-spacer\"><\/div>\n\n\n\n<h2 class=\"wp-block-heading has-text-align-center\"><strong>PUBLIKATIONER<\/strong><\/h2>\n\n\n\n<figure class=\"wp-block-table is-style-stripes\" style=\"font-size:16px\"><table><tbody><tr><td>M\u00e6rks sejler p\u00e5 methanol (pressemeddelelse)<\/td><td><a href=\"https:\/\/www.maersk.com\/news\/articles\/2023\/06\/06\/ursula-von-der-leyen-to-be-godmother-of-landmark-green-methanol-powered-vessel\">L\u00e6s<\/a><\/td><\/tr><tr><td>D\u00e5b af verdens f\u00f8rste methanol containerskib (pressemeddelelse)<\/td><td><a href=\"https:\/\/www.maersk.com\/news\/articles\/2023\/09\/14\/eu-commission-president-names-landmark-methanol-vessel-as-laura-maersk\">L\u00e6s<\/a><\/td><\/tr><tr><td>M\u00e6rsk bestiller seks methanoldrevne skibe<\/td><td><a href=\"https:\/\/www.maersk.com\/news\/articles\/2023\/06\/26\/maersk-orders-six-methanol-powered-vessels\">L\u00e6s<\/a><\/td><\/tr><\/tbody><\/table><\/figure>\n\n\n\n<div style=\"height:50px\" aria-hidden=\"true\" class=\"wp-block-spacer\"><\/div>\n\n\n\n<h2 class=\"wp-block-heading has-text-align-center\"><strong>OM PROJEKTET<\/strong><\/h2>\n\n\n\n<p style=\"font-size:18px\">Desert Power<sup>\u00ae<\/sup> har til form\u00e5l at levere gr\u00f8n methanol til shippingindustrien for at bidrage til sektorens gr\u00f8nne omstilling.<\/p>\n\n\n\n<p style=\"font-size:18px\">I f\u00f8rste omgang vil biomasse blive brugt som kulstofkilde til at producere methanol, men det ultimative m\u00e5l med projektet er at opfange kulstof gennem Direct Air Capture (DAC) teknologi.<\/p>\n\n\n\n<p style=\"font-size:18px\">Nordisk Folkecenter vil bidrage ved at varetage markedsunders\u00f8gelsen og ved at st\u00f8tte ledelsen af \u200b\u200bprojektet.<\/p>\n\n\n\n<div style=\"height:50px\" aria-hidden=\"true\" class=\"wp-block-spacer\"><\/div>\n\n\n\n<h2 class=\"wp-block-heading has-text-align-center\"><strong>VERDENSM\u00c5L I PROJEKTET<\/strong><\/h2>\n\n\n\n<div class=\"wp-block-columns is-layout-flex wp-container-core-columns-is-layout-9d6595d7 wp-block-columns-is-layout-flex\">\n<div class=\"wp-block-column is-layout-flow wp-block-column-is-layout-flow\"><div class=\"wp-block-image\">\n<figure class=\"aligncenter size-thumbnail\"><img loading=\"lazy\" decoding=\"async\" width=\"150\" height=\"150\" src=\"https:\/\/www.folkecenter.net\/wp-content\/uploads\/2022\/07\/Verdensmaal-ikon-07.png\" alt=\"SDG 7\" class=\"wp-image-7366\" srcset=\"https:\/\/www.folkecenter.net\/wp-content\/uploads\/2022\/07\/Verdensmaal-ikon-07.png 1654w, https:\/\/www.folkecenter.net\/wp-content\/uploads\/2022\/07\/Verdensmaal-ikon-07-300x300.png 300w, https:\/\/www.folkecenter.net\/wp-content\/uploads\/2022\/07\/Verdensmaal-ikon-07-1024x1024.png 1024w, https:\/\/www.folkecenter.net\/wp-content\/uploads\/2022\/07\/Verdensmaal-ikon-07-150x150.png 150w, https:\/\/www.folkecenter.net\/wp-content\/uploads\/2022\/07\/Verdensmaal-ikon-07-768x768.png 768w, https:\/\/www.folkecenter.net\/wp-content\/uploads\/2022\/07\/Verdensmaal-ikon-07-1536x1536.png 1536w, https:\/\/www.folkecenter.net\/wp-content\/uploads\/2022\/07\/Verdensmaal-ikon-07-12x12.png 12w, https:\/\/www.folkecenter.net\/wp-content\/uploads\/2022\/07\/Verdensmaal-ikon-07-600x600.png 600w\" sizes=\"auto, (max-width: 150px) 100vw, 150px\" \/><\/figure><\/div><\/div>\n\n\n\n<div class=\"wp-block-column is-layout-flow wp-block-column-is-layout-flow\"><div class=\"wp-block-image\">\n<figure class=\"aligncenter size-thumbnail\"><img loading=\"lazy\" decoding=\"async\" width=\"150\" height=\"150\" src=\"https:\/\/www.folkecenter.net\/wp-content\/uploads\/2022\/07\/Verdensmaal-ikon-17.png\" alt=\"SDG 17\" class=\"wp-image-3063\" srcset=\"https:\/\/www.folkecenter.net\/wp-content\/uploads\/2022\/07\/Verdensmaal-ikon-17.png 1654w, https:\/\/www.folkecenter.net\/wp-content\/uploads\/2022\/07\/Verdensmaal-ikon-17-300x300.png 300w, https:\/\/www.folkecenter.net\/wp-content\/uploads\/2022\/07\/Verdensmaal-ikon-17-1024x1024.png 1024w, https:\/\/www.folkecenter.net\/wp-content\/uploads\/2022\/07\/Verdensmaal-ikon-17-150x150.png 150w, https:\/\/www.folkecenter.net\/wp-content\/uploads\/2022\/07\/Verdensmaal-ikon-17-768x768.png 768w, https:\/\/www.folkecenter.net\/wp-content\/uploads\/2022\/07\/Verdensmaal-ikon-17-1536x1536.png 1536w, https:\/\/www.folkecenter.net\/wp-content\/uploads\/2022\/07\/Verdensmaal-ikon-17-12x12.png 12w, https:\/\/www.folkecenter.net\/wp-content\/uploads\/2022\/07\/Verdensmaal-ikon-17-600x600.png 600w\" sizes=\"auto, (max-width: 150px) 100vw, 150px\" \/><\/figure><\/div><\/div>\n<\/div>\n\n\n\n<div style=\"height:50px\" aria-hidden=\"true\" class=\"wp-block-spacer\"><\/div>\n\n\n\n<h2 class=\"wp-block-heading has-text-align-center\"><strong>OM PROJEKTET<\/strong><\/h2>\n\n\n\n<h3 class=\"wp-block-heading\">Projekttidslinje<\/h3>\n\n\n<div class=\"wp-block-image\">\n<figure class=\"aligncenter size-large\"><a href=\"https:\/\/www.folkecenter.net\/wp-content\/uploads\/2023\/06\/Projekt-7-9-13_EN.pdf\"><img loading=\"lazy\" decoding=\"async\" width=\"1024\" height=\"232\" src=\"https:\/\/www.folkecenter.net\/wp-content\/uploads\/2023\/09\/Time-line-1024x232.png\" alt=\"Timeline\" class=\"wp-image-7943\" srcset=\"https:\/\/www.folkecenter.net\/wp-content\/uploads\/2023\/09\/Time-line-1024x232.png 1024w, https:\/\/www.folkecenter.net\/wp-content\/uploads\/2023\/09\/Time-line-300x68.png 300w, https:\/\/www.folkecenter.net\/wp-content\/uploads\/2023\/09\/Time-line-768x174.png 768w, https:\/\/www.folkecenter.net\/wp-content\/uploads\/2023\/09\/Time-line-18x4.png 18w, https:\/\/www.folkecenter.net\/wp-content\/uploads\/2023\/09\/Time-line.png 1045w\" sizes=\"auto, (max-width: 1024px) 100vw, 1024px\" \/><\/a><figcaption class=\"wp-element-caption\">Desert Power\u00ae tidslinje, fra projektbrochuren<\/figcaption><\/figure><\/div>\n\n\n<div style=\"height:50px\" aria-hidden=\"true\" class=\"wp-block-spacer\"><\/div>\n\n\n\n<div class=\"wp-block-media-text is-stacked-on-mobile\"><figure class=\"wp-block-media-text__media\"><img loading=\"lazy\" decoding=\"async\" width=\"1024\" height=\"680\" src=\"https:\/\/www.folkecenter.net\/wp-content\/uploads\/2023\/09\/Methanol-3D-balls-1024x680.png\" alt=\"Methanol structure\" class=\"wp-image-7944 size-full\" srcset=\"https:\/\/www.folkecenter.net\/wp-content\/uploads\/2023\/09\/Methanol-3D-balls-1024x680.png 1024w, https:\/\/www.folkecenter.net\/wp-content\/uploads\/2023\/09\/Methanol-3D-balls-300x199.png 300w, https:\/\/www.folkecenter.net\/wp-content\/uploads\/2023\/09\/Methanol-3D-balls-768x510.png 768w, https:\/\/www.folkecenter.net\/wp-content\/uploads\/2023\/09\/Methanol-3D-balls-18x12.png 18w, https:\/\/www.folkecenter.net\/wp-content\/uploads\/2023\/09\/Methanol-3D-balls.png 1100w\" sizes=\"auto, (max-width: 1024px) 100vw, 1024px\" \/><\/figure><div class=\"wp-block-media-text__content\">\n<div class=\"wp-block-group is-nowrap is-layout-flex wp-container-core-group-is-layout-ad2f72ca wp-block-group-is-layout-flex\">\n<h2 class=\"wp-block-heading\">Methanol: Det nye motorbr\u00e6ndstof<\/h2>\n<\/div>\n\n\n\n<p class=\"has-text-align-left\" style=\"font-size:16px\">Der er ingen kemisk forskel mellem methanol, biomethanol og e-methanol; deres produktionsmetoder adskiller dem.<\/p>\n\n\n\n<p class=\"has-text-align-left\" style=\"font-size:16px\">Methanol er traditionelt udvundet af kul og naturgas, hvorimod biomethanol fremstilles af biomasse, og e-methanol syntetiseres ved hj\u00e6lp af vedvarende elektricitet.<br>N\u00e5r det g\u00e6lder biomethanol stammer b\u00e5de energien og kulstoffet fra biomassekilder, mens e-methanols kulstof kan hentes fra biomasse, luften eller geotermiske anl\u00e6g.<\/p>\n\n\n\n<p class=\"has-text-align-left\" style=\"font-size:16px\">Desert Power<sup>\u00ae<\/sup>'s ultimative m\u00e5l er at fange kulstof gennem Direct Air Capture (DAC) teknologi; i de indledende faser vil biomasse dog blive brugt som kulstofkilde. Denne strategiske tilgang viser vores forpligtelse til at fremme b\u00e6redygtig og milj\u00f8venlig metanolproduktion.<\/p>\n\n\n\n<p style=\"font-size:10px\">Billede fra: <a href=\"https:\/\/commons.wikimedia.org\/wiki\/File:Methanol-3D-balls.png\" target=\"_blank\" rel=\"noreferrer noopener\">Benjah-bmm27<\/a>, Public domain, via Wikimedia Commons<\/p>\n<\/div><\/div>\n\n\n\n<div class=\"wp-block-media-text has-media-on-the-right is-stacked-on-mobile\"><div class=\"wp-block-media-text__content\">\n<div class=\"wp-block-group is-nowrap is-layout-flex wp-container-core-group-is-layout-ad2f72ca wp-block-group-is-layout-flex\">\n<h2 class=\"wp-block-heading\">Potentielle kunder<\/h2>\n<\/div>\n\n\n\n<p style=\"font-size:16px\">MAN Energy Solutions har modtaget ordrer p\u00e5 over hundrede methanoldrevne ME-LGIM-motorer, hvoraf femogtyve af dem er bestemt til A.P. M\u00f8ller \u2013 M\u00e6rsks containerskibe.<\/p>\n\n\n\n<p style=\"font-size:16px\">Den f\u00f8rste af disse er allerede p\u00e5 sin jomfrurejse og forventes i K\u00f8benhavn den 14. september, hvor den bliver navngivet af Ursula von der Leyen, formanden for Europa-Kommissionen.<\/p>\n\n\n\n<p style=\"font-size:16px\">Et containerskib ansl\u00e5s is\u00e6r at forbruge cirka 45.000 tons methanol \u00e5rligt.<br>M\u00e6rsks indf\u00f8relse af gr\u00f8n methanol har inspireret andre store rederier, drevet af IMO's forpligtelse til at opn\u00e5 fossilfri skibsfart inden for to \u00e5rtier.<\/p>\n\n\n\n<p style=\"font-size:16px\">Desert Power<sup>\u00ae<\/sup> vil levere gr\u00f8n methanol for at im\u00f8dekomme kravene til b\u00e6redygtig skibsfart.<\/p>\n<\/div><figure class=\"wp-block-media-text__media\"><img loading=\"lazy\" decoding=\"async\" width=\"636\" height=\"387\" src=\"https:\/\/www.folkecenter.net\/wp-content\/uploads\/2023\/09\/Maersk-boat.png\" alt=\"M\u00e6rsk - methanol boat\" class=\"wp-image-8069 size-full\" srcset=\"https:\/\/www.folkecenter.net\/wp-content\/uploads\/2023\/09\/Maersk-boat.png 636w, https:\/\/www.folkecenter.net\/wp-content\/uploads\/2023\/09\/Maersk-boat-300x183.png 300w, https:\/\/www.folkecenter.net\/wp-content\/uploads\/2023\/09\/Maersk-boat-18x12.png 18w\" sizes=\"auto, (max-width: 636px) 100vw, 636px\" \/><\/figure><\/div>\n\n\n\n<div class=\"wp-block-media-text is-stacked-on-mobile\"><figure class=\"wp-block-media-text__media\"><img loading=\"lazy\" decoding=\"async\" width=\"1024\" height=\"620\" src=\"https:\/\/www.folkecenter.net\/wp-content\/uploads\/2023\/09\/Location-1024x620.png\" alt=\"Location Methanol Plant - Duqm, Oman\" class=\"wp-image-7947 size-full\" srcset=\"https:\/\/www.folkecenter.net\/wp-content\/uploads\/2023\/09\/Location-1024x620.png 1024w, https:\/\/www.folkecenter.net\/wp-content\/uploads\/2023\/09\/Location-300x182.png 300w, https:\/\/www.folkecenter.net\/wp-content\/uploads\/2023\/09\/Location-768x465.png 768w, https:\/\/www.folkecenter.net\/wp-content\/uploads\/2023\/09\/Location-18x12.png 18w, https:\/\/www.folkecenter.net\/wp-content\/uploads\/2023\/09\/Location.png 1041w\" sizes=\"auto, (max-width: 1024px) 100vw, 1024px\" \/><\/figure><div class=\"wp-block-media-text__content\">\n<div class=\"wp-block-group is-nowrap is-layout-flex wp-container-core-group-is-layout-ad2f72ca wp-block-group-is-layout-flex\">\n<h2 class=\"wp-block-heading\">Lokationen<\/h2>\n<\/div>\n\n\n\n<p style=\"font-size:16px\">Danmarks Eksport- og Investeringsfond (EIFO) har seed-finansieret et methanolanl\u00e6g, der skal opf\u00f8res i verdens mest solrige region, strategisk placeret t\u00e6t p\u00e5 den travleste skibsrute.<\/p>\n\n\n\n<p style=\"font-size:16px\">Det valgte sted er den s\u00e6rlige \u00f8konomiske zone ved Duqm, beliggende i Al Wusta Governorate, Sultanatet i Oman, med et tropisk \u00f8rkenklima.<\/p>\n\n\n\n<p style=\"font-size:16px\">Den kommende methanolproduktion i Sultanatet Oman vil inkorporere en mangfoldig blanding af b\u00e6redygtige r\u00e5materialekilder, herunder vind, solenergi, affald og restprodukter, der alle er rigelige i omr\u00e5det. <\/p>\n\n\n\n<p style=\"font-size:16px\">Alene Golfregionen genererer svimlende 30 millioner tons kommunalt fast affald (MSW) \u00e5rligt; samtidig er et stort areal p\u00e5 250 kvadratkilometer blevet afsat til sol- og vindm\u00f8lleparker, der udnytter cirka 3.500 solskinstimer og st\u00e6rke kystvinde fra Det Indiske Ocean hele \u00e5ret, hvilket skaber de ideelle betingelser for at udnytte vedvarende energikilder til methanolproduktionsproces.<\/p>\n<\/div><\/div>\n\n\n\n<div style=\"height:100px\" aria-hidden=\"true\" class=\"wp-block-spacer\"><\/div>\n\n\n\n<p><\/p>","protected":false},"excerpt":{"rendered":"<p>Projekt 7-9-13 samler erfaringer fra nuv\u00e6rende og tidligere studerende\/ praktikanter til inspiration for danske unge p\u00e5 deres vej til arbejdsmarkedet - fra ungdomsliv til arbejdsliv. Projektets navn relaterer til FN verdensm\u00e5l 7,9 og 13. Derud over har 7-9-13 en er dobbelt betydning p\u00e5 den m\u00e5de, at det er noget man siger med h\u00e5b om at tingene ikke skal g\u00e5 s\u00e5 galt.<\/p>","protected":false},"author":1,"featured_media":0,"parent":0,"menu_order":0,"comment_status":"closed","ping_status":"closed","template":"","meta":{"_uag_custom_page_level_css":"","footnotes":""},"folder":[49],"class_list":["post-7935","page","type-page","status-publish","hentry"],"uagb_featured_image_src":{"full":false,"thumbnail":false,"medium":false,"medium_large":false,"large":false,"1536x1536":false,"2048x2048":false,"trp-custom-language-flag":false,"mgb-medium":false,"mgb-vertical":false,"mgb-banner":false,"onepress-blog-small":false,"onepress-small":false,"onepress-medium":false},"uagb_author_info":{"display_name":"admin","author_link":"https:\/\/www.folkecenter.net\/da\/author\/admin\/"},"uagb_comment_info":0,"uagb_excerpt":"Project 7-9-13 gathers experiences from current and former students and trainees as inspiration for Danish young people on their way to the labor market - from youth life to working life. The project's name relates to UN goals 7, 9 and 13, but it has also a a double meaning: that's what it said in&hellip;","_links":{"self":[{"href":"https:\/\/www.folkecenter.net\/da\/wp-json\/wp\/v2\/pages\/7935","targetHints":{"allow":["GET"]}}],"collection":[{"href":"https:\/\/www.folkecenter.net\/da\/wp-json\/wp\/v2\/pages"}],"about":[{"href":"https:\/\/www.folkecenter.net\/da\/wp-json\/wp\/v2\/types\/page"}],"author":[{"embeddable":true,"href":"https:\/\/www.folkecenter.net\/da\/wp-json\/wp\/v2\/users\/1"}],"replies":[{"embeddable":true,"href":"https:\/\/www.folkecenter.net\/da\/wp-json\/wp\/v2\/comments?post=7935"}],"version-history":[{"count":0,"href":"https:\/\/www.folkecenter.net\/da\/wp-json\/wp\/v2\/pages\/7935\/revisions"}],"wp:attachment":[{"href":"https:\/\/www.folkecenter.net\/da\/wp-json\/wp\/v2\/media?parent=7935"}],"wp:term":[{"taxonomy":"folder","embeddable":true,"href":"https:\/\/www.folkecenter.net\/da\/wp-json\/wp\/v2\/folder?post=7935"}],"curies":[{"name":"wp","href":"https:\/\/api.w.org\/{rel}","templated":true}]}}