{"id":7531,"date":"2023-04-19T10:46:21","date_gmt":"2023-04-19T10:46:21","guid":{"rendered":"https:\/\/www.folkecenter.net\/?page_id=7531"},"modified":"2024-11-18T12:42:31","modified_gmt":"2024-11-18T10:42:31","slug":"randal-beton","status":"publish","type":"page","link":"https:\/\/www.folkecenter.net\/da\/randal-beton\/","title":{"rendered":"Randal Beton"},"content":{"rendered":"<h1 class=\"wp-block-heading\">Et gr\u00f8nnere gr\u00e5 - B\u00e6redygtig udvikling p\u00e5 Randal Beton<\/h1>\n\n\n\n<div style=\"height:15px\" aria-hidden=\"true\" class=\"wp-block-spacer\"><\/div>\n\n\n\n<div class=\"wp-block-media-text is-stacked-on-mobile\"><figure class=\"wp-block-media-text__media\"><img loading=\"lazy\" decoding=\"async\" width=\"700\" height=\"394\" src=\"https:\/\/www.folkecenter.net\/wp-content\/uploads\/2023\/04\/Cover-Randal-beton.png\" alt=\"A greener shade of grey - Sustainability at Randal Beton\" class=\"wp-image-7530 size-full\" srcset=\"https:\/\/www.folkecenter.net\/wp-content\/uploads\/2023\/04\/Cover-Randal-beton.png 700w, https:\/\/www.folkecenter.net\/wp-content\/uploads\/2023\/04\/Cover-Randal-beton-300x169.png 300w, https:\/\/www.folkecenter.net\/wp-content\/uploads\/2023\/04\/Cover-Randal-beton-18x10.png 18w\" sizes=\"auto, (max-width: 700px) 100vw, 700px\" \/><\/figure><div class=\"wp-block-media-text__content\">\n<h2 class=\"wp-block-heading\"><strong>PROJEKTDETALJER<\/strong><\/h2>\n\n\n\n<figure class=\"wp-block-table is-style-stripes\"><table><tbody><tr><td><strong>Periode<\/strong><\/td><td>2023<\/td><\/tr><tr><td><strong>Lande<\/strong><\/td><td>Danmark<\/td><\/tr><tr><td><strong>Projekttype<\/strong><\/td><td>Gr\u00f8n omstilling, kapacitetsopbygning om b\u00e6redygtige l\u00f8sninger for SMV'er, kommunikation<\/td><\/tr><\/tbody><\/table><\/figure>\n<\/div><\/div>\n\n\n\n<div style=\"height:50px\" aria-hidden=\"true\" class=\"wp-block-spacer\"><\/div>\n\n\n\n<h2 class=\"wp-block-heading has-text-align-center\"><strong>PROJEKTNYHEDER<\/strong><\/h2>\n\n\n\n\t\t\t<div class=\"wp-block-uagb-post-grid uagb-post-grid  uagb-post__image-position-background uagb-post__image-enabled uagb-block-0e6f57f2     uagb-post__items uagb-post__columns-1 is-grid uagb-post__columns-tablet-2 uagb-post__columns-mobile-1\" data-total=\"1\" style=\"\">\n\n\t\t\t\t\t\t\t\t\t\t\t\t<article class=\"uagb-post__inner-wrap\">\t\t\t\t\t\t\t\t<h4 class=\"uagb-post__title uagb-post__text\">\n\t\t\t\t<a href=\"https:\/\/www.folkecenter.net\/da\/randal-beton-fokuserer-pa-baeredygtighed\/\" target=\"_self\" rel=\"bookmark noopener noreferrer\">Randal Beton fokuserer p\u00e5 b\u00e6redygtighed<\/a>\n\t\t\t<\/h4>\n\t\t\t\t\t\t<div class='uagb-post__text uagb-post-grid-byline'>\n\t\t\t\t\t\t\t\t<time datetime=\"2023-05-02T13:22:37+02:00\" class=\"uagb-post__date\">\n\t\t\t\t<span class=\"dashicons-calendar dashicons\"><\/span>\t\t\t\t\t2 maj 2023\t\t\t\t<\/time>\n\t\t\t\t\t\t<\/div>\n\t\t\t\t\t\t<div class='uagb-post__image'>\n\t\t\t\t\t\t\t\t\t<a href=\"https:\/\/www.folkecenter.net\/da\/randal-beton-fokuserer-pa-baeredygtighed\/\" target=\"_self\" rel=\"bookmark noopener noreferrer\"><img loading=\"lazy\" decoding=\"async\" width=\"800\" height=\"433\" src=\"https:\/\/www.folkecenter.net\/wp-content\/uploads\/2023\/05\/Randal-beton-visit.png\" class=\"attachment-large size-large\" alt=\"Visit at Randal Beton\" srcset=\"https:\/\/www.folkecenter.net\/wp-content\/uploads\/2023\/05\/Randal-beton-visit.png 900w, https:\/\/www.folkecenter.net\/wp-content\/uploads\/2023\/05\/Randal-beton-visit-300x162.png 300w, https:\/\/www.folkecenter.net\/wp-content\/uploads\/2023\/05\/Randal-beton-visit-768x416.png 768w, https:\/\/www.folkecenter.net\/wp-content\/uploads\/2023\/05\/Randal-beton-visit-18x10.png 18w\" sizes=\"auto, (max-width: 800px) 100vw, 800px\" \/>\t\t\t\t\t<\/a>\n\t\t\t\t\t\t\t\t\t<\/div>\n\t\t\t\n\t\t\t\t\t\t\t\t<a class=\"uagb-post__link-complete-box\" href=\"https:\/\/www.folkecenter.net\/da\/randal-beton-fokuserer-pa-baeredygtighed\/\" target=\"_self\" rel=\"bookmark noopener noreferrer\"><\/a>\n\t\t\t\t\t\t\t<\/article>\n\t\t\t\t\t\t\t\t\t\t\t<\/div>\n\t\t\t\n\n\n<div style=\"height:50px\" aria-hidden=\"true\" class=\"wp-block-spacer\"><\/div>\n\n\n\n<h2 class=\"wp-block-heading has-text-align-center\"><strong>OM PROJEKTET<\/strong><\/h2>\n\n\n\n<div class=\"wp-block-columns is-layout-flex wp-container-core-columns-is-layout-9d6595d7 wp-block-columns-is-layout-flex\">\n<div class=\"wp-block-column is-layout-flow wp-block-column-is-layout-flow\" style=\"flex-basis:66.66%\">\n<figure class=\"wp-block-embed aligncenter is-type-video is-provider-youtube wp-block-embed-youtube wp-embed-aspect-16-9 wp-has-aspect-ratio\"><div class=\"wp-block-embed__wrapper\">\n<iframe loading=\"lazy\" title=\"Et gr\u00f8nnere gr\u00e5 - Randal Beton\" width=\"800\" height=\"450\" src=\"https:\/\/www.youtube.com\/embed\/tIGLUHCHOac?feature=oembed\" frameborder=\"0\" allow=\"accelerometer; autoplay; clipboard-write; encrypted-media; gyroscope; picture-in-picture; web-share\" referrerpolicy=\"strict-origin-when-cross-origin\" allowfullscreen><\/iframe>\n<\/div><\/figure>\n<\/div>\n\n\n\n<div class=\"wp-block-column is-layout-flow wp-block-column-is-layout-flow\" style=\"flex-basis:33.33%\">\n<p style=\"font-size:18px\" class=\"translation-block\">B\u00e6redygtighed spiller en afg\u00f8rende rolle for betonfabrikker, da beton er et af de mest udbredte byggematerialer i verden, og dens produktion kan medf\u00f8re en betydelig milj\u00f8p\u00e5virkning og er en stor kilde til CO2-udledning.<\/p>\n\n\n\n<p style=\"font-size:18px\">Randal Beton som er en specialiseret st\u00f8berivirksomhed, der ikke involverer sig i produktion eller blanding af beton, har indledt et samarbejde med Nordisk Folkecenter for Vedvarende Energi i projektet \"Et gr\u00f8nnere gr\u00e5\". Form\u00e5let med projektet er at implementere en r\u00e6kke b\u00e6redygtige tiltag og praksisser i virksomheden, der vil bidrage til at minimere deres samlede milj\u00f8belastning og \u00f8ge deres sociale ansvarlighed.<\/p>\n<\/div>\n<\/div>\n\n\n\n<div style=\"height:50px\" aria-hidden=\"true\" class=\"wp-block-spacer\"><\/div>\n\n\n\n<h2 class=\"wp-block-heading has-text-align-center\"><strong>VERDENSM\u00c5L I PROJEKTET<\/strong><\/h2>\n\n\n\n<div class=\"wp-block-columns is-layout-flex wp-container-core-columns-is-layout-9d6595d7 wp-block-columns-is-layout-flex\">\n<div class=\"wp-block-column is-layout-flow wp-block-column-is-layout-flow\"><div class=\"wp-block-image\">\n<figure class=\"aligncenter size-full\"><img loading=\"lazy\" decoding=\"async\" width=\"3000\" height=\"3000\" src=\"https:\/\/www.folkecenter.net\/wp-content\/uploads\/2023\/04\/E_SDG-goals_icons-individual-cmyk-03.png\" alt=\"SDG 3\" class=\"wp-image-7362\" srcset=\"https:\/\/www.folkecenter.net\/wp-content\/uploads\/2023\/04\/E_SDG-goals_icons-individual-cmyk-03.png 3000w, https:\/\/www.folkecenter.net\/wp-content\/uploads\/2023\/04\/E_SDG-goals_icons-individual-cmyk-03-300x300.png 300w, https:\/\/www.folkecenter.net\/wp-content\/uploads\/2023\/04\/E_SDG-goals_icons-individual-cmyk-03-1024x1024.png 1024w, https:\/\/www.folkecenter.net\/wp-content\/uploads\/2023\/04\/E_SDG-goals_icons-individual-cmyk-03-150x150.png 150w, https:\/\/www.folkecenter.net\/wp-content\/uploads\/2023\/04\/E_SDG-goals_icons-individual-cmyk-03-768x768.png 768w, https:\/\/www.folkecenter.net\/wp-content\/uploads\/2023\/04\/E_SDG-goals_icons-individual-cmyk-03-1536x1536.png 1536w, https:\/\/www.folkecenter.net\/wp-content\/uploads\/2023\/04\/E_SDG-goals_icons-individual-cmyk-03-2048x2048.png 2048w, https:\/\/www.folkecenter.net\/wp-content\/uploads\/2023\/04\/E_SDG-goals_icons-individual-cmyk-03-12x12.png 12w, https:\/\/www.folkecenter.net\/wp-content\/uploads\/2023\/04\/E_SDG-goals_icons-individual-cmyk-03-600x600.png 600w\" sizes=\"auto, (max-width: 3000px) 100vw, 3000px\" \/><\/figure><\/div><\/div>\n\n\n\n<div class=\"wp-block-column is-layout-flow wp-block-column-is-layout-flow\"><div class=\"wp-block-image\">\n<figure class=\"aligncenter size-large\"><img loading=\"lazy\" decoding=\"async\" width=\"1024\" height=\"1024\" src=\"https:\/\/www.folkecenter.net\/wp-content\/uploads\/2023\/04\/icons-rgb-2016-07.png\" alt=\"SDG 7\" class=\"wp-image-7366\" srcset=\"https:\/\/www.folkecenter.net\/wp-content\/uploads\/2023\/04\/icons-rgb-2016-07.png 1600w, https:\/\/www.folkecenter.net\/wp-content\/uploads\/2023\/04\/icons-rgb-2016-07-300x300.png 300w, https:\/\/www.folkecenter.net\/wp-content\/uploads\/2023\/04\/icons-rgb-2016-07-1024x1024.png 1024w, https:\/\/www.folkecenter.net\/wp-content\/uploads\/2023\/04\/icons-rgb-2016-07-150x150.png 150w, https:\/\/www.folkecenter.net\/wp-content\/uploads\/2023\/04\/icons-rgb-2016-07-768x768.png 768w, https:\/\/www.folkecenter.net\/wp-content\/uploads\/2023\/04\/icons-rgb-2016-07-1536x1536.png 1536w, https:\/\/www.folkecenter.net\/wp-content\/uploads\/2023\/04\/icons-rgb-2016-07-12x12.png 12w, https:\/\/www.folkecenter.net\/wp-content\/uploads\/2023\/04\/icons-rgb-2016-07-600x600.png 600w\" sizes=\"auto, (max-width: 1024px) 100vw, 1024px\" \/><\/figure><\/div><\/div>\n\n\n\n<div class=\"wp-block-column is-layout-flow wp-block-column-is-layout-flow\"><div class=\"wp-block-image\">\n<figure class=\"aligncenter size-large\"><img loading=\"lazy\" decoding=\"async\" width=\"1024\" height=\"1024\" src=\"https:\/\/www.folkecenter.net\/wp-content\/uploads\/2023\/04\/icons-rgb-2016-12.png\" alt=\"SDG 12\" class=\"wp-image-7371\" srcset=\"https:\/\/www.folkecenter.net\/wp-content\/uploads\/2023\/04\/icons-rgb-2016-12.png 1600w, https:\/\/www.folkecenter.net\/wp-content\/uploads\/2023\/04\/icons-rgb-2016-12-300x300.png 300w, https:\/\/www.folkecenter.net\/wp-content\/uploads\/2023\/04\/icons-rgb-2016-12-1024x1024.png 1024w, https:\/\/www.folkecenter.net\/wp-content\/uploads\/2023\/04\/icons-rgb-2016-12-150x150.png 150w, https:\/\/www.folkecenter.net\/wp-content\/uploads\/2023\/04\/icons-rgb-2016-12-768x768.png 768w, https:\/\/www.folkecenter.net\/wp-content\/uploads\/2023\/04\/icons-rgb-2016-12-1536x1536.png 1536w, https:\/\/www.folkecenter.net\/wp-content\/uploads\/2023\/04\/icons-rgb-2016-12-12x12.png 12w, https:\/\/www.folkecenter.net\/wp-content\/uploads\/2023\/04\/icons-rgb-2016-12-600x600.png 600w\" sizes=\"auto, (max-width: 1024px) 100vw, 1024px\" \/><\/figure><\/div><\/div>\n<\/div>\n\n\n\n<div style=\"height:50px\" aria-hidden=\"true\" class=\"wp-block-spacer\"><\/div>\n\n\n\n<h2 class=\"wp-block-heading has-text-align-center\"><strong>SUSTAINABLE ACTIONS<\/strong><\/h2>\n\n\n\n<p style=\"font-size:16px\" class=\"translation-block\">B\u00e6redygtighed spiller en afg\u00f8rende rolle for betonfabrikker, da beton er et af de mest udbredte byggematerialer i verden, og dens produktion kan medf\u00f8re en betydelig milj\u00f8p\u00e5virkning og er en stor kilde til CO2-udledning.<\/p>\n\n\n\n<p style=\"font-size:16px\">Randal Beton som er en specialiseret st\u00f8berivirksomhed, der ikke involverer sig i produktion eller blanding af beton, har indledt et samarbejde med Nordisk Folkecenter for Vedvarende Energi i projektet \"Et gr\u00f8nnere gr\u00e5\". Form\u00e5let med projektet er at implementere en r\u00e6kke b\u00e6redygtige tiltag og praksisser i virksomheden, der vil bidrage til at minimere deres samlede milj\u00f8belastning og \u00f8ge deres sociale ansvarlighed.<\/p>\n\n\n\n<p style=\"font-size:16px\">Projektet \u201dEt gr\u00f8nnere gr\u00e5\u201d omfatter f\u00f8lgende b\u00e6redygtige indsatsomr\u00e5der p\u00e5 Randal Beton:<\/p>\n\n\n\n<ol class=\"wp-block-list\">\n<li style=\"font-size:16px\">Energi - el<\/li>\n\n\n\n<li style=\"font-size:16px\">Energi - varme<\/li>\n\n\n\n<li style=\"font-size:16px\">Affald<\/li>\n\n\n\n<li style=\"font-size:16px\">Substitution<\/li>\n\n\n\n<li style=\"font-size:16px\">Socialt ansvar, sundhed og trivsel<\/li>\n<\/ol>\n\n\n\n<p style=\"font-size:16px\">Randal Beton har identifificeret energieffektivisering som en v\u00e6sentlig del af deres b\u00e6redygtighedsstrategi. Som f\u00f8rste skridt er virksomheden g\u00e5et over til LED-lysarmaturer i produktionshaller og p\u00e5 kontoret, endvidere er udend\u00f8rsprojektorer er blevet udskiftet til LED-teknologi. Yderligere forbedringer af belysningen vil blive gennemf\u00f8rt gennem reng\u00f8ring af lysarmaturerne, hvilket ogs\u00e5 vil have en positiv effekt p\u00e5 arbejdsmilj\u00f8et.<\/p>\n\n\n\n<p style=\"font-size:16px\" class=\"translation-block\">For at reducerer CO2-udledningen overvejer virksomhedens direkt\u00f8r, Jan Riisager, at skifte sin nuv\u00e6rende hybridbil ud med en elbil og installere ladestandere p\u00e5 arbejdspladsen. Virksomheden vil desuden opfordre medarbejderne til at k\u00f8be hybrid- eller elbiler, og vil tilbyde fri ladning som et firmagode. P\u00e5 sigt overvejer virksomheden at investere i en brintbil.<\/p>\n\n\n\n<p style=\"font-size:16px\">Med hensyn til varme anvender virksomheden tr\u00e6pillefyr og kaloriferer varmebl\u00e6sere samt str\u00e5levarme til opvarmning i produktionshallerne. Randal Beton har kontaktet Fredericia fjernvarme for at unders\u00f8ge mulighederne for at anvende fjernvarme i virksomheden. Jan er ogs\u00e5 interesseret i alternative l\u00f8sninger, s\u00e5som varmepumper og solceller, til opvarmning af administrationen, som nu opvarmes med oliefyr. <\/p>\n\n\n\n<p style=\"font-size:16px\">I forhold til affaldssortering vil virksomheden implementeret et system i produktionshallerne med bedre sortering og indk\u00f8be nye containere, der g\u00f8r det nemmere at sortere. Restaffald\/sm\u00e5t br\u00e6ndbart sendes til forbr\u00e6nding, mens papir, pap og rent tr\u00e6 sendes til genbrug. Beton affald knuses og genbruges af P. Olesen. Der er et \u00f8nske om at anvende en \u00f8get m\u00e6ngden af knust beton, der kan genbruges i produktionen. Virksomheden vil forts\u00e6tte med at unders\u00f8ge muligheden for at forbedre affaldssorteringen og \u00f8ge genanvendelsesgraden af affaldet.<\/p>\n\n\n\n<p style=\"font-size:16px\">Randal Beton \u00f8nsker ogs\u00e5 at reducere deres brug af plast i produktionen og unders\u00f8ger muligheden for at erstatte limtr\u00e6plader med andre materialer, som kan v\u00e6re mere milj\u00f8venlige. Desuden overvejer de at erstatte deres nuv\u00e6rende dieseltruck med en mere b\u00e6redygtig eldrevet variant. <\/p>\n\n\n\n<p style=\"font-size:16px\">Derudover vil virksomheden implementere milj\u00f8m\u00e6rket genbrugspapir og reng\u00f8ringsprodukter p\u00e5 kontoret for at reducere deres milj\u00f8belastning yderligere. Dette sender ogs\u00e5 et positivt signal til medarbejdere og kunder om, at Randal Beton tager deres milj\u00f8ansvar alvorligt og \u00f8nsker at g\u00f8re en positiv forskel.<\/p>\n\n\n\n<p style=\"font-size:16px\">Ud over at fokusere p\u00e5 milj\u00f8m\u00e6ssige tiltag, er Randal Beton ogs\u00e5 engageret i at tage socialt ansvar ved at fokusere p\u00e5 sundhed og trivsel for deres medarbejdere. Dette vil blive opn\u00e5et gennem en r\u00e6kke initiativer, som vil omfatte sundhedsfremmende tiltag p\u00e5 arbejdspladsen og et fokus p\u00e5 at skabe et arbejdsmilj\u00f8, der fremmer trivsel og arbejdsgl\u00e6de. Virksomheden fors\u00f8ger ogs\u00e5 at st\u00f8tte \u00f8konomisk og menneskeligt op, i lokalsamfundet, bl.a. med sponsorater til det lokale idr\u00e6ts- og foreningsliv. <\/p>\n\n\n\n<p style=\"font-size:16px\">Randal Beton er bevidst om deres ansvar i forhold til milj\u00f8et og samfundet som helhed, og derfor har de taget initiativ til projektet \"Et gr\u00f8nnere gr\u00e5\". <\/p>\n\n\n\n<p style=\"font-size:16px\">Dette projekt repr\u00e6senterer en vigtig milep\u00e6l i virksomhedens rejse mod en mere b\u00e6redygtig fremtid og er i overensstemmelse med den globale dagsorden om b\u00e6redygtig udvikling og underst\u00f8tter flere af FN's verdensm\u00e5l, herunder verdensm\u00e5l 3 om sundhed og trivsel, verdensm\u00e5l 7 om b\u00e6redygtig energi og verdensm\u00e5l 12 om ansvarligt forbrug og produktion.<\/p>\n\n\n\n<p style=\"font-size:16px\">Gennem dette initiativ viser Randal Beton et st\u00e6rkt engagement i at minimere deres milj\u00f8p\u00e5virkning og \u00f8ge deres sociale ansvarlighed, og det er en vigtig demonstration af virksomhedens langsigtede forpligtelse til at opn\u00e5 en mere b\u00e6redygtig fremtid. <\/p>\n\n\n\n<p style=\"font-size:16px\">Randal Beton ser frem til at forts\u00e6tte deres b\u00e6redygtige rejse og bidrage til en mere ansvarlig betonindustri.<\/p>\n\n\n\n<div style=\"height:50px\" aria-hidden=\"true\" class=\"wp-block-spacer\"><\/div>\n\n\n\n<h2 class=\"wp-block-heading has-text-align-center\"><strong>PROJEKTPARTNERE<\/strong><\/h2>\n\n\n\n<div class=\"wp-block-columns is-layout-flex wp-container-core-columns-is-layout-9d6595d7 wp-block-columns-is-layout-flex\">\n<div class=\"wp-block-column is-layout-flow wp-block-column-is-layout-flow\"><div class=\"wp-block-image\">\n<figure class=\"aligncenter size-full is-resized\"><img loading=\"lazy\" decoding=\"async\" width=\"200\" height=\"200\" src=\"https:\/\/www.folkecenter.net\/wp-content\/uploads\/2023\/05\/Randal-beton-logo2.jpg\" alt=\"Randal Beton logo\" class=\"wp-image-7549\" style=\"width:200px;height:200px\" srcset=\"https:\/\/www.folkecenter.net\/wp-content\/uploads\/2023\/05\/Randal-beton-logo2.jpg 200w, https:\/\/www.folkecenter.net\/wp-content\/uploads\/2023\/05\/Randal-beton-logo2-150x150.jpg 150w, https:\/\/www.folkecenter.net\/wp-content\/uploads\/2023\/05\/Randal-beton-logo2-12x12.jpg 12w\" sizes=\"auto, (max-width: 200px) 100vw, 200px\" \/><\/figure><\/div><\/div>\n\n\n\n<div class=\"wp-block-column is-layout-flow wp-block-column-is-layout-flow\">\n<figure class=\"wp-block-image alignwide size-full\"><img loading=\"lazy\" decoding=\"async\" width=\"567\" height=\"197\" src=\"https:\/\/www.folkecenter.net\/wp-content\/uploads\/2022\/06\/Folkecenter-logo-partial-transparent_dk-1.png\" alt=\"Nordisk Folkecenter for Vedvarende Energi\" class=\"wp-image-3488\" srcset=\"https:\/\/www.folkecenter.net\/wp-content\/uploads\/2022\/06\/Folkecenter-logo-partial-transparent_dk-1.png 567w, https:\/\/www.folkecenter.net\/wp-content\/uploads\/2022\/06\/Folkecenter-logo-partial-transparent_dk-1-300x104.png 300w, https:\/\/www.folkecenter.net\/wp-content\/uploads\/2022\/06\/Folkecenter-logo-partial-transparent_dk-1-18x6.png 18w\" sizes=\"auto, (max-width: 567px) 100vw, 567px\" \/><\/figure>\n\n\n\n<p><\/p>\n<\/div>\n<\/div>\n\n\n\n<div style=\"height:100px\" aria-hidden=\"true\" class=\"wp-block-spacer\"><\/div>\n\n\n\n<p><\/p>","protected":false},"excerpt":{"rendered":"<p>Randal Beton som er en specialiseret st\u00f8berivirksomhed, der ikke involverer sig i produktion eller blanding af beton, har indledt et samarbejde med Nordisk Folkecenter for Vedvarende Energi i projektet \"Et gr\u00f8nnere gr\u00e5\". Form\u00e5let med projektet er at implementere en r\u00e6kke b\u00e6redygtige tiltag og praksisser i virksomheden, der vil bidrage til at minimere deres samlede milj\u00f8belastning og \u00f8ge deres sociale ansvarlighed.<\/p>","protected":false},"author":1,"featured_media":7530,"parent":0,"menu_order":0,"comment_status":"closed","ping_status":"closed","template":"","meta":{"_uag_custom_page_level_css":"","footnotes":""},"folder":[49],"class_list":["post-7531","page","type-page","status-publish","has-post-thumbnail","hentry"],"uagb_featured_image_src":{"full":["https:\/\/www.folkecenter.net\/wp-content\/uploads\/2023\/04\/Cover-Randal-beton.png",700,394,false],"thumbnail":["https:\/\/www.folkecenter.net\/wp-content\/uploads\/2023\/04\/Cover-Randal-beton-150x150.png",150,150,true],"medium":["https:\/\/www.folkecenter.net\/wp-content\/uploads\/2023\/04\/Cover-Randal-beton-300x169.png",300,169,true],"medium_large":["https:\/\/www.folkecenter.net\/wp-content\/uploads\/2023\/04\/Cover-Randal-beton.png",700,394,false],"large":["https:\/\/www.folkecenter.net\/wp-content\/uploads\/2023\/04\/Cover-Randal-beton.png",700,394,false],"1536x1536":["https:\/\/www.folkecenter.net\/wp-content\/uploads\/2023\/04\/Cover-Randal-beton.png",700,394,false],"2048x2048":["https:\/\/www.folkecenter.net\/wp-content\/uploads\/2023\/04\/Cover-Randal-beton.png",700,394,false],"trp-custom-language-flag":["https:\/\/www.folkecenter.net\/wp-content\/uploads\/2023\/04\/Cover-Randal-beton-18x10.png",18,10,true],"mgb-medium":["https:\/\/www.folkecenter.net\/wp-content\/uploads\/2023\/04\/Cover-Randal-beton-600x394.png",600,394,true],"mgb-vertical":["https:\/\/www.folkecenter.net\/wp-content\/uploads\/2023\/04\/Cover-Randal-beton-600x394.png",600,394,true],"mgb-banner":["https:\/\/www.folkecenter.net\/wp-content\/uploads\/2023\/04\/Cover-Randal-beton.png",700,394,false],"onepress-blog-small":["https:\/\/www.folkecenter.net\/wp-content\/uploads\/2023\/04\/Cover-Randal-beton-300x150.png",300,150,true],"onepress-small":["https:\/\/www.folkecenter.net\/wp-content\/uploads\/2023\/04\/Cover-Randal-beton-480x300.png",480,300,true],"onepress-medium":["https:\/\/www.folkecenter.net\/wp-content\/uploads\/2023\/04\/Cover-Randal-beton-640x394.png",640,394,true]},"uagb_author_info":{"display_name":"admin","author_link":"https:\/\/www.folkecenter.net\/da\/author\/admin\/"},"uagb_comment_info":0,"uagb_excerpt":"The purpose of the project, which is carried out together with Randal Beton, is to implement a number of sustainable measures and practices that will contribute to minimize the overall environmental impact of the company and that will increase its social responsibility.","_links":{"self":[{"href":"https:\/\/www.folkecenter.net\/da\/wp-json\/wp\/v2\/pages\/7531","targetHints":{"allow":["GET"]}}],"collection":[{"href":"https:\/\/www.folkecenter.net\/da\/wp-json\/wp\/v2\/pages"}],"about":[{"href":"https:\/\/www.folkecenter.net\/da\/wp-json\/wp\/v2\/types\/page"}],"author":[{"embeddable":true,"href":"https:\/\/www.folkecenter.net\/da\/wp-json\/wp\/v2\/users\/1"}],"replies":[{"embeddable":true,"href":"https:\/\/www.folkecenter.net\/da\/wp-json\/wp\/v2\/comments?post=7531"}],"version-history":[{"count":0,"href":"https:\/\/www.folkecenter.net\/da\/wp-json\/wp\/v2\/pages\/7531\/revisions"}],"wp:featuredmedia":[{"embeddable":true,"href":"https:\/\/www.folkecenter.net\/da\/wp-json\/wp\/v2\/media\/7530"}],"wp:attachment":[{"href":"https:\/\/www.folkecenter.net\/da\/wp-json\/wp\/v2\/media?parent=7531"}],"wp:term":[{"taxonomy":"folder","embeddable":true,"href":"https:\/\/www.folkecenter.net\/da\/wp-json\/wp\/v2\/folder?post=7531"}],"curies":[{"name":"wp","href":"https:\/\/api.w.org\/{rel}","templated":true}]}}