{"id":75,"date":"2020-01-27T08:29:32","date_gmt":"2020-01-27T08:29:32","guid":{"rendered":"https:\/\/demosites.io\/web-agency-gb\/?page_id=75"},"modified":"2025-09-29T13:55:13","modified_gmt":"2025-09-29T11:55:13","slug":"contact-us","status":"publish","type":"page","link":"https:\/\/www.folkecenter.net\/da\/contact-us\/","title":{"rendered":"Kontakt"},"content":{"rendered":"<h1 class=\"wp-block-heading has-text-align-center has-text-color\" id=\"contact-us\" style=\"color:#5e5043\"><strong>KONTAKT<\/strong><\/h1>\n\n\n\n<div style=\"height:30px\" aria-hidden=\"true\" class=\"wp-block-spacer\"><\/div>\n\n\n\n<div class=\"wp-block-columns is-layout-flex wp-container-core-columns-is-layout-9d6595d7 wp-block-columns-is-layout-flex\">\n<div class=\"wp-block-column is-layout-flow wp-block-column-is-layout-flow\" style=\"flex-basis:66.66%\">\t\t\t<div \n\t\t\tclass=\"wp-block-uagb-google-map uagb-google-map__wrap uagb-block-2e1c1d5a\"\n\t\t\tstyle=\"\" >\n\t\t\t\t<embed\n\t\t\t\t\tclass=\"uagb-google-map__iframe\"\n\t\t\t\t\ttitle=\"Google Map for \"\n\t\t\t\t\tsrc=\"https:\/\/maps.google.com\/maps?q=Nordisk%20Folkecenter%20for%20Renewable%20Energy&#038;z=12&#038;hl=en&#038;t=m&#038;output=embed&#038;iwloc=near\"\n\t\t\t\t\twidth=\"640\"\n\t\t\t\t\theight=\"460\"\n\t\t\t\t\tloading=\"lazy\"\n\t\t\t\t><\/embed>\n\t\t\t<\/div>\n\t\t\t<\/div>\n\n\n\n<div class=\"wp-block-column is-layout-flow wp-block-column-is-layout-flow\" style=\"flex-basis:33.33%\">\n<p class=\"myText\" style=\"font-size:16px\">Kammersgaardsvej 16, Sdr. Ydby<br>DK-7760 Hurup Thy<\/p>\n\n\n\n<p class=\"myText\" style=\"font-size:16px\"><i class=\"fas fa-phone-alt\"><\/i> :   +45 9795 6600 <\/p>\n\n\n\n<p class=\"myText\" style=\"font-size:16px\"> <i class=\"fas fa-envelope\"><\/i> : <a href=\"mailto:info@folkecenter.dk\">info@folkecenter.dk<\/a><\/p>\n\n\n\n<p class=\"has-text-align-left uag-hide-desktop uag-hide-tab uag-hide-mob\" style=\"font-size:16px\"><i class=\"fas fa-clock\"><\/i> : selfrundvisninger kan finde sted hver dag i dagslystimerne. <br>Hvis du har brug for at m\u00f8des med en medarbejder, bedes du f\u00f8rst at kontakte os p\u00e5 telefonnummeret ovenfor.<\/p>\n\n\n\n<p class=\"has-text-align-center myText has-medium-font-size\"><a href=\"https:\/\/www.facebook.com\/nordiskfolkecenter\" target=\"_blank\" rel=\"noreferrer noopener\"><i class=\"fab fa-facebook-square\"><\/i><\/a> <a href=\"https:\/\/www.linkedin.com\/company\/2814120\" target=\"_blank\" rel=\"noreferrer noopener\"><i class=\"fab fa-linkedin\"><\/i><\/a> <a href=\"https:\/\/www.youtube.com\/channel\/UCRn_EaovqPlA_q1B4f4Ax2w\" target=\"_blank\" rel=\"noreferrer noopener\"><i class=\"fab fa-youtube-square\"><\/i><\/a> <a href=\"https:\/\/www.instagram.com\/nordicfolkecenter\/\" target=\"_blank\" rel=\"noreferrer noopener\"><i class=\"fab fa-instagram\"><\/i><\/a><\/p>\n\n\n\n<div class=\"wp-block-group has-white-color has-black-background-color has-text-color has-background is-nowrap is-layout-flex wp-container-core-group-is-layout-ad2f72ca wp-block-group-is-layout-flex\">\n<p class=\"has-text-align-center myPadding\" style=\"font-size:16px\"><strong>Bem\u00e6rk! Regninger og fakturaer skal sendes til<\/strong><br><strong> <a href=\"mailto:bogholderi@folkecenter.dk\">bogholderi@folkecenter.dk<\/a><\/strong><\/p>\n<\/div>\n\n\n\n<div style=\"height:10px\" aria-hidden=\"true\" class=\"wp-block-spacer\"><\/div>\n\n\n\n<p class=\"uag-hide-desktop uag-hide-tab uag-hide-mob\">Nordisk Folkecenter for Vedvarende4 Energi kan kontaktes pr. telefon til:<\/p>\n\n\n\n<ul class=\"wp-block-list\">\n<li class=\"uag-hide-desktop uag-hide-tab uag-hide-mob\">+45 4060 4551, Jane Kruse<\/li>\n\n\n\n<li class=\"uag-hide-desktop uag-hide-tab uag-hide-mob\">+45 2386 8886, Per Thostrup<\/li>\n\n\n\n<li class=\"uag-hide-desktop uag-hide-tab uag-hide-mob\">+45 2546 0420, Gitte Davidsen<\/li>\n<\/ul>\n\n\n\n<p class=\"uag-hide-desktop uag-hide-tab uag-hide-mob\">Betaling for overnatning kan ske via MobilePay 79 906 eller  venligst l\u00e6gges pengene  i kuvert (kuverter ligger i toiletbegningen). Kuverten l\u00e6gges i Folkecenters postkasse placeret ved indk\u00f8rsel til Kammersgaardsvej 16. Postkassen t\u00f8mmes hver dag. Prisen for overnatning er 75 DKK \/ nat.<\/p>\n<\/div>\n<\/div>\n\n\n\n<div style=\"height:70px\" aria-hidden=\"true\" class=\"wp-block-spacer\"><\/div>\n\n\n\n<h2 class=\"wp-block-heading has-text-align-center has-x-large-font-size\"><strong>ANSATTE<\/strong><\/h2>\n\n\n\n<div style=\"height:70px\" aria-hidden=\"true\" class=\"wp-block-spacer\"><\/div>\n\n\n\n<div class=\"wp-block-columns is-layout-flex wp-container-core-columns-is-layout-9d6595d7 wp-block-columns-is-layout-flex\">\n<div class=\"wp-block-column is-layout-flow wp-block-column-is-layout-flow\">\n<div class=\"wp-block-group alignwide\"><div class=\"wp-block-group__inner-container is-layout-flow wp-block-group-is-layout-flow\"><div class=\"wp-block-image\">\n<figure class=\"aligncenter size-large is-resized\"><img decoding=\"async\" src=\"https:\/\/www.folkecenter.net\/wp-content\/uploads\/2022\/06\/Jane.png\" alt=\"Jane Kruse\" style=\"width:150px;height:150px\"\/><\/figure><\/div>\n\n\n<h3 class=\"wp-block-heading alignwide has-text-align-center\" id=\"tonny-brink\">Jane Kruse<\/h3>\n\n\n\n<p class=\"has-text-align-center has-neve-text-color-color has-text-color\" style=\"font-size:15px\">Forstander<br> Tel: +45 9795 6600<br>Mob: +45 4060 4551<br>Email: jk@folkecenter.dk<\/p>\n<\/div><\/div>\n<\/div>\n\n\n\n<div class=\"wp-block-column is-layout-flow wp-block-column-is-layout-flow\">\n<div class=\"wp-block-group alignwide\"><div class=\"wp-block-group__inner-container is-layout-flow wp-block-group-is-layout-flow\"><div class=\"wp-block-image is-style-rounded\">\n<figure class=\"aligncenter size-full is-resized\"><img loading=\"lazy\" decoding=\"async\" width=\"2274\" height=\"2560\" src=\"https:\/\/www.folkecenter.net\/wp-content\/uploads\/2022\/09\/Dorte-Worm-scaled.jpg\" alt=\"\" class=\"wp-image-5525\" style=\"width:150px;height:150px\" srcset=\"https:\/\/www.folkecenter.net\/wp-content\/uploads\/2022\/09\/Dorte-Worm-scaled.jpg 2274w, https:\/\/www.folkecenter.net\/wp-content\/uploads\/2022\/09\/Dorte-Worm-scaled-266x300.jpg 266w, https:\/\/www.folkecenter.net\/wp-content\/uploads\/2022\/09\/Dorte-Worm-scaled-910x1024.jpg 910w, https:\/\/www.folkecenter.net\/wp-content\/uploads\/2022\/09\/Dorte-Worm-scaled-768x865.jpg 768w, https:\/\/www.folkecenter.net\/wp-content\/uploads\/2022\/09\/Dorte-Worm-scaled-1364x1536.jpg 1364w, https:\/\/www.folkecenter.net\/wp-content\/uploads\/2022\/09\/Dorte-Worm-scaled-1819x2048.jpg 1819w, https:\/\/www.folkecenter.net\/wp-content\/uploads\/2022\/09\/Dorte-Worm-scaled-11x12.jpg 11w\" sizes=\"auto, (max-width: 2274px) 100vw, 2274px\" \/><\/figure><\/div>\n\n\n<h3 class=\"wp-block-heading alignwide has-text-align-center\" id=\"tonny-brink\">Dorte Worm<\/h3>\n\n\n\n<p class=\"has-text-align-center has-neve-text-color-color has-text-color\" style=\"font-size:15px\">\u00d8konomiansvarlig<br>Tel: +45 9795 6600<br>Mob: +45 9299 1616<br>Email: dw@folkecenter.dk<\/p>\n\n\n\n<p><\/p>\n\n\n\n<p class=\"has-text-align-center has-neve-text-color-color has-text-color\" style=\"font-size:15px\"><br><br><\/p>\n<\/div><\/div>\n<\/div>\n\n\n\n<div class=\"wp-block-column is-layout-flow wp-block-column-is-layout-flow\"><div class=\"wp-block-image\">\n<figure class=\"aligncenter size-large is-resized\"><img decoding=\"async\" src=\"https:\/\/www.folkecenter.net\/wp-content\/uploads\/2022\/06\/Gitte-1024x1024.png\" alt=\"Gitte Davidsen\" style=\"width:150px;height:150px\"\/><\/figure><\/div>\n\n\n<h3 class=\"wp-block-heading has-text-align-center\" id=\"anker-mardal\">Gitte Davidsen<\/h3>\n\n\n\n<p class=\"has-text-align-center has-neve-text-color-color has-text-color\" style=\"font-size:15px\">Sustainability Manager &amp; Head of Project Management<br> Tel: +45 25 46 04 20<br>Email: gd@folkecenter.dk<br><\/p>\n<\/div>\n<\/div>\n\n\n\n<div class=\"wp-block-columns is-layout-flex wp-container-core-columns-is-layout-9d6595d7 wp-block-columns-is-layout-flex\">\n<div class=\"wp-block-column is-layout-flow wp-block-column-is-layout-flow\"><div class=\"wp-block-image is-style-rounded\">\n<figure class=\"aligncenter size-thumbnail is-resized\"><img loading=\"lazy\" decoding=\"async\" width=\"150\" height=\"150\" src=\"https:\/\/www.folkecenter.net\/wp-content\/uploads\/2025\/07\/DP6-150x150.png?ver=1751367181\" alt=\"Daniele Pagani\" class=\"wp-image-11214\" style=\"width:150px\" srcset=\"https:\/\/www.folkecenter.net\/wp-content\/uploads\/2025\/07\/DP6-150x150.png 150w, https:\/\/www.folkecenter.net\/wp-content\/uploads\/2025\/07\/DP6-300x300.png 300w, https:\/\/www.folkecenter.net\/wp-content\/uploads\/2025\/07\/DP6-12x12.png 12w, https:\/\/www.folkecenter.net\/wp-content\/uploads\/2025\/07\/DP6.png 510w\" sizes=\"auto, (max-width: 150px) 100vw, 150px\" \/><\/figure><\/div>\n\n\n<div class=\"wp-block-group alignwide\"><div class=\"wp-block-group__inner-container is-layout-flow wp-block-group-is-layout-flow\">\n<h3 class=\"wp-block-heading alignwide has-text-align-center\" id=\"tonny-brink\">Daniele Pagani<\/h3>\n\n\n\n<p class=\"has-text-align-center has-neve-text-color-color has-text-color\" style=\"font-size:15px\">Kapacitetsopbygningskoordinator &amp; Projekter<br>Email: dp@folkecenter.dk<\/p>\n\n\n\n<p class=\"has-text-align-center has-neve-text-color-color has-text-color\" style=\"font-size:15px\"><br><br><\/p>\n<\/div><\/div>\n<\/div>\n\n\n\n<div class=\"wp-block-column is-layout-flow wp-block-column-is-layout-flow\">\n<div class=\"wp-block-group alignwide\"><div class=\"wp-block-group__inner-container is-layout-flow wp-block-group-is-layout-flow\"><div class=\"wp-block-image\">\n<figure class=\"aligncenter size-large is-resized\"><img decoding=\"async\" src=\"https:\/\/www.folkecenter.net\/wp-content\/uploads\/2022\/03\/Anker.png\" alt=\"Anker Mardal\" style=\"width:150px;height:150px\"\/><\/figure><\/div>\n\n\n<h3 class=\"wp-block-heading has-text-align-center\" id=\"anker-mardal\">Anker Mardal<\/h3>\n\n\n\n<p class=\"has-text-align-center has-neve-text-color-color has-text-color\" style=\"font-size:15px\">AC\/DC expert, Hybridl\u00f8sninger, Micronet, Data &amp; Testning<br><\/p>\n\n\n\n<p class=\"has-text-align-center has-neve-text-color-color has-text-color\" style=\"font-size:15px\"><br><br><\/p>\n<\/div><\/div>\n<\/div>\n\n\n\n<div class=\"wp-block-column is-layout-flow wp-block-column-is-layout-flow\"><div class=\"wp-block-image is-style-rounded\">\n<figure class=\"aligncenter size-full is-resized\"><img loading=\"lazy\" decoding=\"async\" width=\"700\" height=\"700\" src=\"https:\/\/www.folkecenter.net\/wp-content\/uploads\/2025\/07\/Anna_Krenz.png\" alt=\"Anna Krenz\" class=\"wp-image-11234\" style=\"width:150px;height:150px\" srcset=\"https:\/\/www.folkecenter.net\/wp-content\/uploads\/2025\/07\/Anna_Krenz.png 700w, https:\/\/www.folkecenter.net\/wp-content\/uploads\/2025\/07\/Anna_Krenz-300x300.png 300w, https:\/\/www.folkecenter.net\/wp-content\/uploads\/2025\/07\/Anna_Krenz-150x150.png 150w, https:\/\/www.folkecenter.net\/wp-content\/uploads\/2025\/07\/Anna_Krenz-12x12.png 12w, https:\/\/www.folkecenter.net\/wp-content\/uploads\/2025\/07\/Anna_Krenz-600x600.png 600w\" sizes=\"auto, (max-width: 700px) 100vw, 700px\" \/><\/figure><\/div>\n\n\n<h3 class=\"wp-block-heading alignwide has-text-align-center\">Anna Krenz<\/h3>\n\n\n\n<p class=\"has-text-align-center has-neve-text-color-color has-text-color\" style=\"font-size:15px\">Grafisk design og kommunikation<\/p>\n<\/div>\n<\/div>\n\n\n\n<div class=\"wp-block-columns is-layout-flex wp-container-core-columns-is-layout-9d6595d7 wp-block-columns-is-layout-flex\">\n<div class=\"wp-block-column is-layout-flow wp-block-column-is-layout-flow\">\n<div class=\"wp-block-group alignwide\"><div class=\"wp-block-group__inner-container is-layout-flow wp-block-group-is-layout-flow\"><div class=\"wp-block-image is-style-rounded\">\n<figure class=\"aligncenter size-thumbnail is-resized\"><img loading=\"lazy\" decoding=\"async\" width=\"150\" height=\"150\" src=\"https:\/\/www.folkecenter.net\/wp-content\/uploads\/2025\/07\/Lene-150x150.png\" alt=\"Lene H\u00f8gh\" class=\"wp-image-11215\" style=\"width:150px\" srcset=\"https:\/\/www.folkecenter.net\/wp-content\/uploads\/2025\/07\/Lene-150x150.png 150w, https:\/\/www.folkecenter.net\/wp-content\/uploads\/2025\/07\/Lene-300x300.png 300w, https:\/\/www.folkecenter.net\/wp-content\/uploads\/2025\/07\/Lene-1024x1024.png 1024w, https:\/\/www.folkecenter.net\/wp-content\/uploads\/2025\/07\/Lene-768x768.png 768w, https:\/\/www.folkecenter.net\/wp-content\/uploads\/2025\/07\/Lene-12x12.png 12w, https:\/\/www.folkecenter.net\/wp-content\/uploads\/2025\/07\/Lene-600x600.png 600w, https:\/\/www.folkecenter.net\/wp-content\/uploads\/2025\/07\/Lene.png 1414w\" sizes=\"auto, (max-width: 150px) 100vw, 150px\" \/><\/figure><\/div>\n\n\n<h3 class=\"wp-block-heading alignwide has-text-align-center\" id=\"tonny-brink\">Lene H\u00f8gh<\/h3>\n\n\n\n<p class=\"has-text-align-center has-neve-text-color-color has-text-color\" style=\"font-size:15px\">Civilsamfunds expert<\/p>\n<\/div><\/div>\n<\/div>\n\n\n\n<div class=\"wp-block-column is-layout-flow wp-block-column-is-layout-flow\">\n<div class=\"wp-block-group alignwide\"><div class=\"wp-block-group__inner-container is-layout-flow wp-block-group-is-layout-flow\"><div class=\"wp-block-image\">\n<figure class=\"aligncenter size-full is-resized\"><img loading=\"lazy\" decoding=\"async\" width=\"500\" height=\"500\" src=\"https:\/\/www.folkecenter.net\/wp-content\/uploads\/2025\/09\/Rasmus_munch.png\" alt=\"Rasmus Munch\" class=\"wp-image-11369\" style=\"width:150px;height:150px\" srcset=\"https:\/\/www.folkecenter.net\/wp-content\/uploads\/2025\/09\/Rasmus_munch.png 500w, https:\/\/www.folkecenter.net\/wp-content\/uploads\/2025\/09\/Rasmus_munch-300x300.png 300w, https:\/\/www.folkecenter.net\/wp-content\/uploads\/2025\/09\/Rasmus_munch-150x150.png 150w, https:\/\/www.folkecenter.net\/wp-content\/uploads\/2025\/09\/Rasmus_munch-12x12.png 12w\" sizes=\"auto, (max-width: 500px) 100vw, 500px\" \/><\/figure><\/div>\n\n\n<h3 class=\"wp-block-heading alignwide has-text-align-center\" id=\"tonny-brink\">Rasmus Munch<\/h3>\n\n\n\n<p class=\"has-text-align-center has-neve-text-color-color has-text-color\" style=\"font-size:15px\">Finansierings- og fundraising ekspert<br><\/p>\n\n\n\n<p><\/p>\n\n\n\n<p class=\"has-text-align-center has-neve-text-color-color has-text-color\" style=\"font-size:15px\"><br><br><\/p>\n<\/div><\/div>\n<\/div>\n\n\n\n<div class=\"wp-block-column is-layout-flow wp-block-column-is-layout-flow\">\n<div class=\"wp-block-group alignwide\"><div class=\"wp-block-group__inner-container is-layout-flow wp-block-group-is-layout-flow\"><div class=\"wp-block-image\">\n<figure class=\"aligncenter size-full is-resized\"><img loading=\"lazy\" decoding=\"async\" width=\"163\" height=\"164\" src=\"https:\/\/www.folkecenter.net\/wp-content\/uploads\/2022\/06\/Mikael.png\" alt=\"Mik\u00e6l L\u00e6rum\" class=\"wp-image-3107\" style=\"width:150px;height:150px\" srcset=\"https:\/\/www.folkecenter.net\/wp-content\/uploads\/2022\/06\/Mikael.png 163w, https:\/\/www.folkecenter.net\/wp-content\/uploads\/2022\/06\/Mikael-150x150.png 150w, https:\/\/www.folkecenter.net\/wp-content\/uploads\/2022\/06\/Mikael-12x12.png 12w\" sizes=\"auto, (max-width: 163px) 100vw, 163px\" \/><\/figure><\/div>\n\n\n<h3 class=\"wp-block-heading alignwide has-text-align-center\" id=\"tonny-brink\">Mikael L\u00e6rum<\/h3>\n\n\n\n<p class=\"has-text-align-center has-neve-text-color-color has-text-color\" style=\"font-size:15px\">IT ansvarlig<br><\/p>\n\n\n\n<p><\/p>\n\n\n\n<p class=\"has-text-align-center has-neve-text-color-color has-text-color\" style=\"font-size:15px\"><br><br><\/p>\n<\/div><\/div>\n<\/div>\n<\/div>\n\n\n\n<div class=\"wp-block-columns is-layout-flex wp-container-core-columns-is-layout-9d6595d7 wp-block-columns-is-layout-flex\">\n<div class=\"wp-block-column is-layout-flow wp-block-column-is-layout-flow\">\n<div class=\"wp-block-group alignwide\"><div class=\"wp-block-group__inner-container is-layout-flow wp-block-group-is-layout-flow\"><div class=\"wp-block-image\">\n<figure class=\"aligncenter size-full is-resized\"><img loading=\"lazy\" decoding=\"async\" width=\"300\" height=\"300\" src=\"https:\/\/www.folkecenter.net\/wp-content\/uploads\/2025\/07\/Helle.png\" alt=\"Helle S\u00f8vs\u00f8\" class=\"wp-image-11223\" style=\"width:150px;height:150px\" srcset=\"https:\/\/www.folkecenter.net\/wp-content\/uploads\/2025\/07\/Helle.png 300w, https:\/\/www.folkecenter.net\/wp-content\/uploads\/2025\/07\/Helle-150x150.png 150w, https:\/\/www.folkecenter.net\/wp-content\/uploads\/2025\/07\/Helle-12x12.png 12w\" sizes=\"auto, (max-width: 300px) 100vw, 300px\" \/><\/figure><\/div>\n\n\n<h3 class=\"wp-block-heading alignwide has-text-align-center\" id=\"tonny-brink\">Helle S\u00f8vs\u00f8<\/h3>\n\n\n\n<p class=\"has-text-align-center has-neve-text-color-color has-text-color\" style=\"font-size:15px\">Flexibel Flexjobber<\/p>\n\n\n\n<p><\/p>\n\n\n\n<p class=\"has-text-align-center has-neve-text-color-color has-text-color\" style=\"font-size:15px\"><br><br><\/p>\n<\/div><\/div>\n<\/div>\n\n\n\n<div class=\"wp-block-column is-layout-flow wp-block-column-is-layout-flow\"><\/div>\n\n\n\n<div class=\"wp-block-column is-layout-flow wp-block-column-is-layout-flow\">\n<div class=\"wp-block-group alignwide\"><div class=\"wp-block-group__inner-container is-layout-flow wp-block-group-is-layout-flow\">\n<h3 class=\"wp-block-heading alignwide has-text-align-center\" id=\"tonny-brink\"><br><br><\/h3>\n<\/div><\/div>\n<\/div>\n<\/div>\n\n\n\n<div class=\"wp-block-columns uag-hide-desktop uag-hide-tab uag-hide-mob is-layout-flex wp-container-core-columns-is-layout-9d6595d7 wp-block-columns-is-layout-flex\">\n<div class=\"wp-block-column is-layout-flow wp-block-column-is-layout-flow\">\n<div class=\"wp-block-group alignwide\"><div class=\"wp-block-group__inner-container is-layout-flow wp-block-group-is-layout-flow\"><div class=\"wp-block-image\">\n<figure class=\"aligncenter size-large is-resized\"><img decoding=\"async\" src=\"https:\/\/www.folkecenter.net\/wp-content\/uploads\/2022\/06\/Bjarne.png\" alt=\"Bjarne Villasen\" style=\"width:150px;height:150px\"\/><\/figure><\/div>\n\n\n<h3 class=\"wp-block-heading alignwide has-text-align-center\" id=\"tonny-brink\">Bjarne Villadsen <\/h3>\n\n\n\n<p class=\"has-text-align-center has-neve-text-color-color has-text-color\" style=\"font-size:15px\">Vedligehold, v\u00e6rkstedsansvarlig<br>Tel: +45 9795 6600<br><\/p>\n\n\n\n<p><\/p>\n\n\n\n<p class=\"has-text-align-center has-neve-text-color-color has-text-color\" style=\"font-size:15px\"><br><br><\/p>\n<\/div><\/div>\n<\/div>\n\n\n\n<div class=\"wp-block-column is-layout-flow wp-block-column-is-layout-flow\"><div class=\"wp-block-image\">\n<figure class=\"aligncenter size-full is-resized\"><img loading=\"lazy\" decoding=\"async\" width=\"200\" height=\"200\" src=\"https:\/\/www.folkecenter.net\/wp-content\/uploads\/2022\/06\/Mathias.png\" alt=\"Mathias Dyreborg\" class=\"wp-image-3109\" style=\"width:150px;height:150px\" srcset=\"https:\/\/www.folkecenter.net\/wp-content\/uploads\/2022\/06\/Mathias.png 200w, https:\/\/www.folkecenter.net\/wp-content\/uploads\/2022\/06\/Mathias-150x150.png 150w, https:\/\/www.folkecenter.net\/wp-content\/uploads\/2022\/06\/Mathias-12x12.png 12w\" sizes=\"auto, (max-width: 200px) 100vw, 200px\" \/><\/figure><\/div>\n\n\n<h3 class=\"wp-block-heading alignwide has-text-align-center\" id=\"tonny-brink\">Mathias Dyreborg<\/h3>\n\n\n\n<p class=\"has-text-align-center has-neve-text-color-color has-text-color\" style=\"font-size:15px\">CO2-neutral og selvforsynende havearbejde<br>Tel: +45 9795 6600<br>Email: md@folkecenter.dk<\/p>\n<\/div>\n\n\n\n<div class=\"wp-block-column is-layout-flow wp-block-column-is-layout-flow\">\n<div class=\"wp-block-group alignwide\"><div class=\"wp-block-group__inner-container is-layout-flow wp-block-group-is-layout-flow\"><div class=\"wp-block-image\">\n<figure class=\"aligncenter size-full is-resized\"><img loading=\"lazy\" decoding=\"async\" width=\"495\" height=\"495\" src=\"https:\/\/www.folkecenter.net\/wp-content\/uploads\/2022\/06\/Pernille.png\" alt=\"Pernille Kviesgaard Manicus\" class=\"wp-image-3543\" style=\"width:150px;height:150px\" srcset=\"https:\/\/www.folkecenter.net\/wp-content\/uploads\/2022\/06\/Pernille.png 495w, https:\/\/www.folkecenter.net\/wp-content\/uploads\/2022\/06\/Pernille-300x300.png 300w, https:\/\/www.folkecenter.net\/wp-content\/uploads\/2022\/06\/Pernille-150x150.png 150w, https:\/\/www.folkecenter.net\/wp-content\/uploads\/2022\/06\/Pernille-12x12.png 12w\" sizes=\"auto, (max-width: 495px) 100vw, 495px\" \/><\/figure><\/div>\n\n\n<h3 class=\"wp-block-heading alignwide has-text-align-center\" id=\"tonny-brink\">Pernille Kviesgaard Manicus<\/h3>\n\n\n\n<p class=\"has-text-align-center\">Kommunikationsansvarlig og safariguide<br>Arbejdsmilj\u00f8repr\u00e6sentant<br>Tel: +45 9795 6600<br>Mob: +45 92 99 16 17<br>Email: pkm@folkecenter.dk<\/p>\n<\/div><\/div>\n<\/div>\n<\/div>\n\n\n\n<div style=\"height:50px\" aria-hidden=\"true\" class=\"wp-block-spacer\"><\/div>\n\n\n\n<p><\/p>","protected":false},"excerpt":{"rendered":"<p>CONTACT Kammersgaardsvej 16, Sdr. YdbyDK-7760 Hurup Thy : +45 9795 6600 : info@folkecenter.dk : Self-guided tours can take place every day, during light-hours. If you need to meet someone from &#8230;<\/p>","protected":false},"author":1,"featured_media":0,"parent":0,"menu_order":0,"comment_status":"closed","ping_status":"closed","template":"","meta":{"_uag_custom_page_level_css":"","footnotes":""},"folder":[50],"class_list":["post-75","page","type-page","status-publish","hentry"],"uagb_featured_image_src":{"full":false,"thumbnail":false,"medium":false,"medium_large":false,"large":false,"1536x1536":false,"2048x2048":false,"trp-custom-language-flag":false,"mgb-medium":false,"mgb-vertical":false,"mgb-banner":false,"onepress-blog-small":false,"onepress-small":false,"onepress-medium":false},"uagb_author_info":{"display_name":"admin","author_link":"https:\/\/www.folkecenter.net\/da\/author\/admin\/"},"uagb_comment_info":0,"uagb_excerpt":"CONTACT Kammersgaardsvej 16, Sdr. YdbyDK-7760 Hurup Thy : +45 9795 6600 : info@folkecenter.dk : Self-guided tours can take place every day, during light-hours. If you need to meet someone from ...","_links":{"self":[{"href":"https:\/\/www.folkecenter.net\/da\/wp-json\/wp\/v2\/pages\/75","targetHints":{"allow":["GET"]}}],"collection":[{"href":"https:\/\/www.folkecenter.net\/da\/wp-json\/wp\/v2\/pages"}],"about":[{"href":"https:\/\/www.folkecenter.net\/da\/wp-json\/wp\/v2\/types\/page"}],"author":[{"embeddable":true,"href":"https:\/\/www.folkecenter.net\/da\/wp-json\/wp\/v2\/users\/1"}],"replies":[{"embeddable":true,"href":"https:\/\/www.folkecenter.net\/da\/wp-json\/wp\/v2\/comments?post=75"}],"version-history":[{"count":0,"href":"https:\/\/www.folkecenter.net\/da\/wp-json\/wp\/v2\/pages\/75\/revisions"}],"wp:attachment":[{"href":"https:\/\/www.folkecenter.net\/da\/wp-json\/wp\/v2\/media?parent=75"}],"wp:term":[{"taxonomy":"folder","embeddable":true,"href":"https:\/\/www.folkecenter.net\/da\/wp-json\/wp\/v2\/folder?post=75"}],"curies":[{"name":"wp","href":"https:\/\/api.w.org\/{rel}","templated":true}]}}