{"id":712,"date":"2022-02-16T13:00:33","date_gmt":"2022-02-16T13:00:33","guid":{"rendered":"https:\/\/www.folkecenter.eu\/Trial-CMS6\/?page_id=712"},"modified":"2024-10-23T12:48:35","modified_gmt":"2024-10-23T10:48:35","slug":"about-us","status":"publish","type":"page","link":"https:\/\/www.folkecenter.net\/da\/about-us\/","title":{"rendered":"Om os"},"content":{"rendered":"<h1 class=\"wp-block-heading has-text-align-center has-black-color has-text-color\" id=\"about-us\"><strong>VORES M\u00c5L<\/strong><\/h1>\n\n\n\n<h2 class=\"wp-block-heading has-text-align-center\"><em><small><em><strong>Vi arbejder for <\/strong><\/em><strong>en vedvarende verden<\/strong><\/small><\/em><\/h2>\n\n\n\n<p class=\"has-text-align-center\" style=\"font-size:20px\">Vores langsigtede m\u00e5l er en komplet erstatning af fossile br\u00e6ndstoffer og atomkraft med vedvarende energier og energibesparelser, mens vi fremmer b\u00e6redygtighed, modstandsdygtighed og udvikling af lokalsamfund rundt om i verden. Til dette form\u00e5l har vi samarbejdet med lokale civilsamfundsorganisationer,  forsknings- og uddannelsescentre,\nvirksomheder, fagfolk og regeringsmyndigheder fra hele verden i \u00e5rtier.<\/p>\n\n\n\n<div style=\"height:10px\" aria-hidden=\"true\" class=\"wp-block-spacer\"><\/div>\n\n\n\n<div class=\"wp-block-columns are-vertically-aligned-top is-layout-flex wp-container-core-columns-is-layout-9d6595d7 wp-block-columns-is-layout-flex\">\n<div class=\"wp-block-column is-vertically-aligned-top is-layout-flow wp-block-column-is-layout-flow\" style=\"flex-basis:66.66%\">\n<figure class=\"wp-block-embed alignwide is-type-video is-provider-youtube wp-block-embed-youtube wp-embed-aspect-16-9 wp-has-aspect-ratio\"><div class=\"wp-block-embed__wrapper\">\n<iframe loading=\"lazy\" title=\"Nordisk Folkecenter for Vedvarende Energi\" width=\"800\" height=\"450\" src=\"https:\/\/www.youtube.com\/embed\/GpnuF03jWU0?feature=oembed\" frameborder=\"0\" allow=\"accelerometer; autoplay; clipboard-write; encrypted-media; gyroscope; picture-in-picture; web-share\" referrerpolicy=\"strict-origin-when-cross-origin\" allowfullscreen><\/iframe>\n<\/div><\/figure>\n<\/div>\n\n\n\n<div class=\"wp-block-column is-vertically-aligned-top is-layout-flow wp-block-column-is-layout-flow\" style=\"flex-basis:33.33%\">\n<figure class=\"wp-block-image size-large is-resized\"><img decoding=\"async\" src=\"https:\/\/www.folkecenter.net\/wp-content\/uploads\/2024\/01\/Drone2-2-1024x576.jpg\" alt=\"Nordic Folkecenter for Renewable Energy\" class=\"wp-image-8625\" style=\"width:250px\"\/><\/figure>\n\n\n\n<figure class=\"wp-block-image size-large is-resized\"><img decoding=\"async\" src=\"https:\/\/www.folkecenter.net\/wp-content\/uploads\/2024\/01\/Drone3-2-1024x576.jpg\" alt=\"\" class=\"wp-image-8626\" style=\"width:250px\"\/><\/figure>\n\n\n\n<figure class=\"wp-block-image size-large is-resized\"><img loading=\"lazy\" decoding=\"async\" width=\"1024\" height=\"576\" src=\"https:\/\/www.folkecenter.net\/wp-content\/uploads\/2024\/08\/Skibstedfjordbygningen_NordiskFolkecenter-1024x576.jpg\" alt=\"\" class=\"wp-image-9904\" style=\"width:250px\" srcset=\"https:\/\/www.folkecenter.net\/wp-content\/uploads\/2024\/08\/Skibstedfjordbygningen_NordiskFolkecenter-1024x576.jpg 1024w, https:\/\/www.folkecenter.net\/wp-content\/uploads\/2024\/08\/Skibstedfjordbygningen_NordiskFolkecenter-300x169.jpg 300w, https:\/\/www.folkecenter.net\/wp-content\/uploads\/2024\/08\/Skibstedfjordbygningen_NordiskFolkecenter-768x432.jpg 768w, https:\/\/www.folkecenter.net\/wp-content\/uploads\/2024\/08\/Skibstedfjordbygningen_NordiskFolkecenter-1536x864.jpg 1536w, https:\/\/www.folkecenter.net\/wp-content\/uploads\/2024\/08\/Skibstedfjordbygningen_NordiskFolkecenter-2048x1152.jpg 2048w, https:\/\/www.folkecenter.net\/wp-content\/uploads\/2024\/08\/Skibstedfjordbygningen_NordiskFolkecenter-18x10.jpg 18w\" sizes=\"auto, (max-width: 1024px) 100vw, 1024px\" \/><\/figure>\n<\/div>\n<\/div>\n\n\n\n<div style=\"height:10px\" aria-hidden=\"true\" class=\"wp-block-spacer\"><\/div>\n\n\n\n<hr class=\"wp-block-separator has-css-opacity is-style-wide\"\/>\n\n\n\n<h2 class=\"wp-block-heading has-text-align-center\"><strong>FOUNDING MEMBER OF<\/strong><\/h2>\n\n\n\n<div style=\"height:10px\" aria-hidden=\"true\" class=\"wp-block-spacer\"><\/div>\n\n\n\n<div class=\"wp-block-columns is-layout-flex wp-container-core-columns-is-layout-9d6595d7 wp-block-columns-is-layout-flex\">\n<div class=\"wp-block-column is-layout-flow wp-block-column-is-layout-flow\">\n<div class=\"wp-block-columns is-layout-flex wp-container-core-columns-is-layout-9d6595d7 wp-block-columns-is-layout-flex\">\n<div class=\"wp-block-column is-layout-flow wp-block-column-is-layout-flow\">\n<figure class=\"wp-block-image size-full\"><img loading=\"lazy\" decoding=\"async\" width=\"250\" height=\"100\" src=\"https:\/\/www.folkecenter.eu\/Trial-CMS6\/wp-content\/uploads\/2022\/05\/WWEA2.png\" alt=\"WWEA\" class=\"wp-image-1562\" srcset=\"https:\/\/www.folkecenter.net\/wp-content\/uploads\/2022\/05\/WWEA2.png 250w, https:\/\/www.folkecenter.net\/wp-content\/uploads\/2022\/05\/WWEA2-18x7.png 18w\" sizes=\"auto, (max-width: 250px) 100vw, 250px\" \/><\/figure>\n<\/div>\n\n\n\n<div class=\"wp-block-column is-layout-flow wp-block-column-is-layout-flow\">\n<figure class=\"wp-block-image size-full\"><img loading=\"lazy\" decoding=\"async\" width=\"250\" height=\"100\" src=\"https:\/\/www.folkecenter.eu\/Trial-CMS6\/wp-content\/uploads\/2022\/05\/Eurosolar2.png\" alt=\"Eurosolar\" class=\"wp-image-1565\" srcset=\"https:\/\/www.folkecenter.net\/wp-content\/uploads\/2022\/05\/Eurosolar2.png 250w, https:\/\/www.folkecenter.net\/wp-content\/uploads\/2022\/05\/Eurosolar2-18x7.png 18w\" sizes=\"auto, (max-width: 250px) 100vw, 250px\" \/><\/figure>\n<\/div>\n<\/div>\n<\/div>\n\n\n\n<div class=\"wp-block-column is-layout-flow wp-block-column-is-layout-flow\">\n<div class=\"wp-block-columns is-layout-flex wp-container-core-columns-is-layout-9d6595d7 wp-block-columns-is-layout-flex\">\n<div class=\"wp-block-column is-layout-flow wp-block-column-is-layout-flow\">\n<figure class=\"wp-block-image size-full\"><img loading=\"lazy\" decoding=\"async\" width=\"250\" height=\"100\" src=\"https:\/\/www.folkecenter.eu\/Trial-CMS6\/wp-content\/uploads\/2022\/05\/EREF2.png\" alt=\"EREF\" class=\"wp-image-1564\" srcset=\"https:\/\/www.folkecenter.net\/wp-content\/uploads\/2022\/05\/EREF2.png 250w, https:\/\/www.folkecenter.net\/wp-content\/uploads\/2022\/05\/EREF2-18x7.png 18w\" sizes=\"auto, (max-width: 250px) 100vw, 250px\" \/><\/figure>\n<\/div>\n\n\n\n<div class=\"wp-block-column is-layout-flow wp-block-column-is-layout-flow\">\n<figure class=\"wp-block-image size-full\"><img loading=\"lazy\" decoding=\"async\" width=\"250\" height=\"100\" src=\"https:\/\/www.folkecenter.eu\/Trial-CMS6\/wp-content\/uploads\/2022\/05\/INFORSE2.png\" alt=\"Inforse-Europe\" class=\"wp-image-1569\" srcset=\"https:\/\/www.folkecenter.net\/wp-content\/uploads\/2022\/05\/INFORSE2.png 250w, https:\/\/www.folkecenter.net\/wp-content\/uploads\/2022\/05\/INFORSE2-18x7.png 18w\" sizes=\"auto, (max-width: 250px) 100vw, 250px\" \/><\/figure>\n<\/div>\n<\/div>\n<\/div>\n<\/div>\n\n\n\n<div style=\"height:10px\" aria-hidden=\"true\" class=\"wp-block-spacer\"><\/div>\n\n\n\n<hr class=\"wp-block-separator has-css-opacity is-style-wide\"\/>\n\n\n\n<div style=\"height:10px\" aria-hidden=\"true\" class=\"wp-block-spacer\"><\/div>\n\n\n\n<h2 class=\"wp-block-heading has-text-align-center\"><strong>PARTNERE<\/strong><\/h2>\n\n\n\n<div class=\"wp-block-group is-content-justification-center is-layout-flex wp-container-core-group-is-layout-19578e90 wp-block-group-is-layout-flex\">\n<div class=\"wp-block-columns is-layout-flex wp-container-core-columns-is-layout-9d6595d7 wp-block-columns-is-layout-flex\">\n<div class=\"wp-block-column is-layout-flow wp-block-column-is-layout-flow\"><div class=\"wp-block-image\">\n<figure class=\"aligncenter size-full\"><img loading=\"lazy\" decoding=\"async\" width=\"250\" height=\"100\" src=\"https:\/\/www.folkecenter.eu\/Trial-CMS6\/wp-content\/uploads\/2022\/05\/WWEA2.png\" alt=\"WWEA\" class=\"wp-image-1562\" srcset=\"https:\/\/www.folkecenter.net\/wp-content\/uploads\/2022\/05\/WWEA2.png 250w, https:\/\/www.folkecenter.net\/wp-content\/uploads\/2022\/05\/WWEA2-18x7.png 18w\" sizes=\"auto, (max-width: 250px) 100vw, 250px\" \/><\/figure><\/div><\/div>\n\n\n\n<div class=\"wp-block-column is-layout-flow wp-block-column-is-layout-flow\"><div class=\"wp-block-image\">\n<figure class=\"aligncenter size-full\"><img loading=\"lazy\" decoding=\"async\" width=\"250\" height=\"100\" src=\"https:\/\/www.folkecenter.eu\/Trial-CMS6\/wp-content\/uploads\/2022\/05\/Eurosolar2.png\" alt=\"Eurosolar\" class=\"wp-image-1565\" srcset=\"https:\/\/www.folkecenter.net\/wp-content\/uploads\/2022\/05\/Eurosolar2.png 250w, https:\/\/www.folkecenter.net\/wp-content\/uploads\/2022\/05\/Eurosolar2-18x7.png 18w\" sizes=\"auto, (max-width: 250px) 100vw, 250px\" \/><\/figure><\/div><\/div>\n\n\n\n<div class=\"wp-block-column is-layout-flow wp-block-column-is-layout-flow\"><div class=\"wp-block-image\">\n<figure class=\"aligncenter size-full\"><img loading=\"lazy\" decoding=\"async\" width=\"250\" height=\"100\" src=\"https:\/\/www.folkecenter.eu\/Trial-CMS6\/wp-content\/uploads\/2022\/05\/EREF2.png\" alt=\"EREF\" class=\"wp-image-1564\" srcset=\"https:\/\/www.folkecenter.net\/wp-content\/uploads\/2022\/05\/EREF2.png 250w, https:\/\/www.folkecenter.net\/wp-content\/uploads\/2022\/05\/EREF2-18x7.png 18w\" sizes=\"auto, (max-width: 250px) 100vw, 250px\" \/><\/figure><\/div><\/div>\n\n\n\n<div class=\"wp-block-column is-layout-flow wp-block-column-is-layout-flow\"><div class=\"wp-block-image\">\n<figure class=\"aligncenter size-full\"><img loading=\"lazy\" decoding=\"async\" width=\"250\" height=\"100\" src=\"https:\/\/www.folkecenter.eu\/Trial-CMS6\/wp-content\/uploads\/2022\/05\/INFORSE2.png\" alt=\"Inforse-Europe\" class=\"wp-image-1569\" srcset=\"https:\/\/www.folkecenter.net\/wp-content\/uploads\/2022\/05\/INFORSE2.png 250w, https:\/\/www.folkecenter.net\/wp-content\/uploads\/2022\/05\/INFORSE2-18x7.png 18w\" sizes=\"auto, (max-width: 250px) 100vw, 250px\" \/><\/figure><\/div><\/div>\n\n\n\n<div class=\"wp-block-column is-layout-flow wp-block-column-is-layout-flow\"><div class=\"wp-block-image\">\n<figure class=\"aligncenter size-full\"><img loading=\"lazy\" decoding=\"async\" width=\"250\" height=\"100\" src=\"https:\/\/www.folkecenter.eu\/Trial-CMS6\/wp-content\/uploads\/2022\/05\/Energivagt2-1.png\" alt=\"Energivagt\" class=\"wp-image-1563\" srcset=\"https:\/\/www.folkecenter.net\/wp-content\/uploads\/2022\/05\/Energivagt2-1.png 250w, https:\/\/www.folkecenter.net\/wp-content\/uploads\/2022\/05\/Energivagt2-1-18x7.png 18w\" sizes=\"auto, (max-width: 250px) 100vw, 250px\" \/><\/figure><\/div><\/div>\n\n\n\n<div class=\"wp-block-column is-layout-flow wp-block-column-is-layout-flow\"><div class=\"wp-block-image\">\n<figure class=\"aligncenter size-full\"><img loading=\"lazy\" decoding=\"async\" width=\"250\" height=\"100\" src=\"https:\/\/www.folkecenter.eu\/Trial-CMS6\/wp-content\/uploads\/2022\/05\/Victor_energy2.png\" alt=\"Victor Energy\" class=\"wp-image-1566\" srcset=\"https:\/\/www.folkecenter.net\/wp-content\/uploads\/2022\/05\/Victor_energy2.png 250w, https:\/\/www.folkecenter.net\/wp-content\/uploads\/2022\/05\/Victor_energy2-18x7.png 18w\" sizes=\"auto, (max-width: 250px) 100vw, 250px\" \/><\/figure><\/div><\/div>\n<\/div>\n<\/div>","protected":false},"excerpt":{"rendered":"<p>Our ultimate long term goal is a complete replacement of fossil fuels and atomic power with renewable energies &#038; energy savings while promoting the sustainability, resilience and development of local communities around the world. For this purpose, we have collaborated with local civil society organisations, research and education centres, companies, professionals and governmental authorities from all over the globe for decades.<\/p>","protected":false},"author":1,"featured_media":6756,"parent":0,"menu_order":0,"comment_status":"closed","ping_status":"closed","template":"","meta":{"_uag_custom_page_level_css":"","footnotes":""},"folder":[50],"class_list":["post-712","page","type-page","status-publish","has-post-thumbnail","hentry"],"uagb_featured_image_src":{"full":["https:\/\/www.folkecenter.net\/wp-content\/uploads\/2023\/01\/Herosection2023winter.png",4000,2250,false],"thumbnail":["https:\/\/www.folkecenter.net\/wp-content\/uploads\/2023\/01\/Herosection2023winter-150x150.png",150,150,true],"medium":["https:\/\/www.folkecenter.net\/wp-content\/uploads\/2023\/01\/Herosection2023winter-300x169.png",300,169,true],"medium_large":["https:\/\/www.folkecenter.net\/wp-content\/uploads\/2023\/01\/Herosection2023winter-768x432.png",768,432,true],"large":["https:\/\/www.folkecenter.net\/wp-content\/uploads\/2023\/01\/Herosection2023winter-1024x576.png",800,450,true],"1536x1536":["https:\/\/www.folkecenter.net\/wp-content\/uploads\/2023\/01\/Herosection2023winter-1536x864.png",1536,864,true],"2048x2048":["https:\/\/www.folkecenter.net\/wp-content\/uploads\/2023\/01\/Herosection2023winter-2048x1152.png",2048,1152,true],"trp-custom-language-flag":["https:\/\/www.folkecenter.net\/wp-content\/uploads\/2023\/01\/Herosection2023winter-18x10.png",18,10,true],"mgb-medium":["https:\/\/www.folkecenter.net\/wp-content\/uploads\/2023\/01\/Herosection2023winter-600x600.png",600,600,true],"mgb-vertical":["https:\/\/www.folkecenter.net\/wp-content\/uploads\/2023\/01\/Herosection2023winter-600x900.png",600,900,true],"mgb-banner":["https:\/\/www.folkecenter.net\/wp-content\/uploads\/2023\/01\/Herosection2023winter-1600x800.png",1600,800,true],"onepress-blog-small":["https:\/\/www.folkecenter.net\/wp-content\/uploads\/2023\/01\/Herosection2023winter-300x150.png",300,150,true],"onepress-small":["https:\/\/www.folkecenter.net\/wp-content\/uploads\/2023\/01\/Herosection2023winter-480x300.png",480,300,true],"onepress-medium":["https:\/\/www.folkecenter.net\/wp-content\/uploads\/2023\/01\/Herosection2023winter-640x400.png",640,400,true]},"uagb_author_info":{"display_name":"admin","author_link":"https:\/\/www.folkecenter.net\/da\/author\/admin\/"},"uagb_comment_info":0,"uagb_excerpt":"Our ultimate long term goal is a complete replacement of fossil fuels and atomic power with renewable energies & energy savings while promoting the sustainability, resilience and development of local communities around the world. For this purpose, we have collaborated with local civil society organisations, research and education centres, companies, professionals and governmental authorities from&hellip;","_links":{"self":[{"href":"https:\/\/www.folkecenter.net\/da\/wp-json\/wp\/v2\/pages\/712","targetHints":{"allow":["GET"]}}],"collection":[{"href":"https:\/\/www.folkecenter.net\/da\/wp-json\/wp\/v2\/pages"}],"about":[{"href":"https:\/\/www.folkecenter.net\/da\/wp-json\/wp\/v2\/types\/page"}],"author":[{"embeddable":true,"href":"https:\/\/www.folkecenter.net\/da\/wp-json\/wp\/v2\/users\/1"}],"replies":[{"embeddable":true,"href":"https:\/\/www.folkecenter.net\/da\/wp-json\/wp\/v2\/comments?post=712"}],"version-history":[{"count":0,"href":"https:\/\/www.folkecenter.net\/da\/wp-json\/wp\/v2\/pages\/712\/revisions"}],"wp:featuredmedia":[{"embeddable":true,"href":"https:\/\/www.folkecenter.net\/da\/wp-json\/wp\/v2\/media\/6756"}],"wp:attachment":[{"href":"https:\/\/www.folkecenter.net\/da\/wp-json\/wp\/v2\/media?parent=712"}],"wp:term":[{"taxonomy":"folder","embeddable":true,"href":"https:\/\/www.folkecenter.net\/da\/wp-json\/wp\/v2\/folder?post=712"}],"curies":[{"name":"wp","href":"https:\/\/api.w.org\/{rel}","templated":true}]}}