{"id":6958,"date":"2023-02-13T13:47:04","date_gmt":"2023-02-13T13:47:04","guid":{"rendered":"https:\/\/www.folkecenter.net\/?page_id=6958"},"modified":"2024-11-06T15:52:34","modified_gmt":"2024-11-06T13:52:34","slug":"permagov","status":"publish","type":"page","link":"https:\/\/www.folkecenter.net\/da\/permagov\/","title":{"rendered":"PERMAGOV"},"content":{"rendered":"<h1 class=\"wp-block-heading\">Multi-layer governance performance af havpolitikker (PERMAGOV)<\/h1>\n\n\n\n<div style=\"height:15px\" aria-hidden=\"true\" class=\"wp-block-spacer\"><\/div>\n\n\n\n<div class=\"wp-block-media-text is-stacked-on-mobile\"><figure class=\"wp-block-media-text__media\"><img loading=\"lazy\" decoding=\"async\" width=\"700\" height=\"450\" src=\"https:\/\/www.folkecenter.net\/wp-content\/uploads\/2023\/02\/Permagov-project-fc.png\" alt=\"PERMAGOV project\" class=\"wp-image-6959 size-full\" srcset=\"https:\/\/www.folkecenter.net\/wp-content\/uploads\/2023\/02\/Permagov-project-fc.png 700w, https:\/\/www.folkecenter.net\/wp-content\/uploads\/2023\/02\/Permagov-project-fc-300x193.png 300w, https:\/\/www.folkecenter.net\/wp-content\/uploads\/2023\/02\/Permagov-project-fc-18x12.png 18w\" sizes=\"auto, (max-width: 700px) 100vw, 700px\" \/><\/figure><div class=\"wp-block-media-text__content\">\n<h2 class=\"wp-block-heading\"><strong>PROJEKTDETALJER<\/strong><\/h2>\n\n\n\n<figure class=\"wp-block-table is-style-stripes\" style=\"font-size:16px\"><table><tbody><tr><td><strong>Partnere:<\/strong><\/td><td>Wageningen University, NL (projektkoordinator)<br>Aalborg University, DK<br>UiT The Arctic University of Norway, NO<br>Research Institute for Sustainability \u2013 Helmholtz Centre Potsdam, DE<br>The Finnish Environment Institute, FI<br>LifeWatch ERIC, ES<br>Nordic Folkecenter for Renewable Energy, DK<br>European Shippers Council, BE<br>WWF Italia, IT<br>Plan Bleu, FR<br>The Baltic Marine Environment Protection Commission \u2013 Helsinki Commission, FI<br>Arctic Energy Partners, NO<br>The Queen\u2019s University of Belfast, UK<br>21c Consultancy, UK<br>Celtic Sea Power, UK<\/td><\/tr><tr><td><strong>Lande:<\/strong><\/td><td>Holland, Danmark, Norge, Tyskland, Finland, Spanien, Belgien, Italien, Frankrig og UK<\/td><\/tr><tr><td><strong>Projekttype:<\/strong><\/td><td>Udvikling af politikker<\/td><\/tr><tr><td><strong>Finansiering:<\/strong><\/td><td><br>Horizon Europe og UK Research and Innovation<\/td><\/tr><\/tbody><\/table><\/figure>\n<\/div><\/div>\n\n\n\n<div style=\"height:50px\" aria-hidden=\"true\" class=\"wp-block-spacer\"><\/div>\n\n\n\n<h2 class=\"wp-block-heading has-text-align-center\"><strong>PROJEKTNYHEDER<\/strong><\/h2>\n\n\n\n\t\t\t<div class=\"wp-block-uagb-post-grid uagb-post-grid  uagb-post__image-position-background uagb-post__image-enabled uagb-block-0e6f57f2     uagb-post__items uagb-post__columns-3 is-grid uagb-post__columns-tablet-2 uagb-post__columns-mobile-1 uagb-post__equal-height\" data-total=\"1\" style=\"\">\n\n\t\t\t\t\t\t\t\t\t\t\t\t<article class=\"uagb-post__inner-wrap\">\t\t\t\t\t\t\t\t<h4 class=\"uagb-post__title uagb-post__text\">\n\t\t\t\t<a href=\"https:\/\/www.folkecenter.net\/da\/permagov-parnership-meets-in-brussels\/\" target=\"_self\" rel=\"bookmark noopener noreferrer\">PERMAGOV-partnerskab m\u00f8des i Bruxelles<\/a>\n\t\t\t<\/h4>\n\t\t\t\t\t\t<div class='uagb-post__text uagb-post-grid-byline'>\n\t\t\t\t\t\t\t\t<time datetime=\"2024-04-02T11:56:19+02:00\" class=\"uagb-post__date\">\n\t\t\t\t<span class=\"dashicons-calendar dashicons\"><\/span>\t\t\t\t\t2 april 2024\t\t\t\t<\/time>\n\t\t\t\t\t\t<\/div>\n\t\t\t\t\t\t<div class='uagb-post__image'>\n\t\t\t\t\t\t\t\t\t<a href=\"https:\/\/www.folkecenter.net\/da\/permagov-parnership-meets-in-brussels\/\" target=\"_self\" rel=\"bookmark noopener noreferrer\"><img loading=\"lazy\" decoding=\"async\" width=\"800\" height=\"600\" src=\"https:\/\/www.folkecenter.net\/wp-content\/uploads\/2024\/03\/IMG_20240215_090050-scaled-1024x768.jpg\" class=\"attachment-large size-large\" alt=\"Judith van Leeuwen, PERMAGOV\" srcset=\"https:\/\/www.folkecenter.net\/wp-content\/uploads\/2024\/03\/IMG_20240215_090050-scaled-1024x768.jpg 1024w, https:\/\/www.folkecenter.net\/wp-content\/uploads\/2024\/03\/IMG_20240215_090050-scaled-300x225.jpg 300w, https:\/\/www.folkecenter.net\/wp-content\/uploads\/2024\/03\/IMG_20240215_090050-scaled-768x576.jpg 768w, https:\/\/www.folkecenter.net\/wp-content\/uploads\/2024\/03\/IMG_20240215_090050-scaled-1536x1152.jpg 1536w, https:\/\/www.folkecenter.net\/wp-content\/uploads\/2024\/03\/IMG_20240215_090050-scaled-2048x1536.jpg 2048w, https:\/\/www.folkecenter.net\/wp-content\/uploads\/2024\/03\/IMG_20240215_090050-scaled-16x12.jpg 16w\" sizes=\"auto, (max-width: 800px) 100vw, 800px\" \/>\t\t\t\t\t<\/a>\n\t\t\t\t\t\t\t\t\t<\/div>\n\t\t\t\n\t\t\t\t\t\t\t\t<a class=\"uagb-post__link-complete-box\" href=\"https:\/\/www.folkecenter.net\/da\/permagov-parnership-meets-in-brussels\/\" target=\"_self\" rel=\"bookmark noopener noreferrer\"><\/a>\n\t\t\t\t\t\t\t<\/article>\n\t\t\t\t\t\t\t\t\t\t\t\t\t\t\t\t<article class=\"uagb-post__inner-wrap\">\t\t\t\t\t\t\t\t<h4 class=\"uagb-post__title uagb-post__text\">\n\t\t\t\t<a href=\"https:\/\/www.folkecenter.net\/da\/the-sea-is-the-limit-new-project-for-folkecenter\/\" target=\"_self\" rel=\"bookmark noopener noreferrer\">Havet er gr\u00e6nsen \u2013 nyt projekt for Folkecenteret!<\/a>\n\t\t\t<\/h4>\n\t\t\t\t\t\t<div class='uagb-post__text uagb-post-grid-byline'>\n\t\t\t\t\t\t\t\t<time datetime=\"2023-04-04T08:11:02+02:00\" class=\"uagb-post__date\">\n\t\t\t\t<span class=\"dashicons-calendar dashicons\"><\/span>\t\t\t\t\t4 april 2023\t\t\t\t<\/time>\n\t\t\t\t\t\t<\/div>\n\t\t\t\t\t\t<div class='uagb-post__image'>\n\t\t\t\t\t\t\t\t\t<a href=\"https:\/\/www.folkecenter.net\/da\/the-sea-is-the-limit-new-project-for-folkecenter\/\" target=\"_self\" rel=\"bookmark noopener noreferrer\"><img loading=\"lazy\" decoding=\"async\" width=\"637\" height=\"450\" src=\"https:\/\/www.folkecenter.net\/wp-content\/uploads\/2023\/04\/IMG_20230321_133532.png\" class=\"attachment-large size-large\" alt=\"PERMAGOV Kick-off Meeting 21-23 March 2023\" srcset=\"https:\/\/www.folkecenter.net\/wp-content\/uploads\/2023\/04\/IMG_20230321_133532.png 637w, https:\/\/www.folkecenter.net\/wp-content\/uploads\/2023\/04\/IMG_20230321_133532-300x212.png 300w, https:\/\/www.folkecenter.net\/wp-content\/uploads\/2023\/04\/IMG_20230321_133532-18x12.png 18w\" sizes=\"auto, (max-width: 637px) 100vw, 637px\" \/>\t\t\t\t\t<\/a>\n\t\t\t\t\t\t\t\t\t<\/div>\n\t\t\t\n\t\t\t\t\t\t\t\t<a class=\"uagb-post__link-complete-box\" href=\"https:\/\/www.folkecenter.net\/da\/the-sea-is-the-limit-new-project-for-folkecenter\/\" target=\"_self\" rel=\"bookmark noopener noreferrer\"><\/a>\n\t\t\t\t\t\t\t<\/article>\n\t\t\t\t\t\t\t\t\t\t\t\t\t\t\t\t<article class=\"uagb-post__inner-wrap\">\t\t\t\t\t\t\t\t<h4 class=\"uagb-post__title uagb-post__text\">\n\t\t\t\t<a href=\"https:\/\/www.folkecenter.net\/da\/eu-marine-governance-gets-a-boost-as-new-european-research-project-sets-sail\/\" target=\"_self\" rel=\"bookmark noopener noreferrer\">EU's havforvaltning f\u00e5r et l\u00f8ft, da nyt europ\u00e6isk forskningsprojekt s\u00e6tter sejl<\/a>\n\t\t\t<\/h4>\n\t\t\t\t\t\t<div class='uagb-post__text uagb-post-grid-byline'>\n\t\t\t\t\t\t\t\t<time datetime=\"2023-02-14T09:57:49+02:00\" class=\"uagb-post__date\">\n\t\t\t\t<span class=\"dashicons-calendar dashicons\"><\/span>\t\t\t\t\t14 februar 2023\t\t\t\t<\/time>\n\t\t\t\t\t\t<\/div>\n\t\t\t\t\t\t<div class='uagb-post__image'>\n\t\t\t\t\t\t\t\t\t<a href=\"https:\/\/www.folkecenter.net\/da\/eu-marine-governance-gets-a-boost-as-new-european-research-project-sets-sail\/\" target=\"_self\" rel=\"bookmark noopener noreferrer\"><img loading=\"lazy\" decoding=\"async\" width=\"700\" height=\"450\" src=\"https:\/\/www.folkecenter.net\/wp-content\/uploads\/2023\/02\/Permagov-project-fc.png\" class=\"attachment-large size-large\" alt=\"PERMAGOV project\" srcset=\"https:\/\/www.folkecenter.net\/wp-content\/uploads\/2023\/02\/Permagov-project-fc.png 700w, https:\/\/www.folkecenter.net\/wp-content\/uploads\/2023\/02\/Permagov-project-fc-300x193.png 300w, https:\/\/www.folkecenter.net\/wp-content\/uploads\/2023\/02\/Permagov-project-fc-18x12.png 18w\" sizes=\"auto, (max-width: 700px) 100vw, 700px\" \/>\t\t\t\t\t<\/a>\n\t\t\t\t\t\t\t\t\t<\/div>\n\t\t\t\n\t\t\t\t\t\t\t\t<a class=\"uagb-post__link-complete-box\" href=\"https:\/\/www.folkecenter.net\/da\/eu-marine-governance-gets-a-boost-as-new-european-research-project-sets-sail\/\" target=\"_self\" rel=\"bookmark noopener noreferrer\"><\/a>\n\t\t\t\t\t\t\t<\/article>\n\t\t\t\t\t\t\t\t\t\t\t\t\t\t\t\t<article class=\"uagb-post__inner-wrap\">\t\t\t\t\t\t\t\t<h4 class=\"uagb-post__title uagb-post__text\">\n\t\t\t\t<a href=\"https:\/\/www.folkecenter.net\/da\/new-project-for-folkecenter\/\" target=\"_self\" rel=\"bookmark noopener noreferrer\">Ny projekt p\u00e5 Nordisk Folkecenter<\/a>\n\t\t\t<\/h4>\n\t\t\t\t\t\t<div class='uagb-post__text uagb-post-grid-byline'>\n\t\t\t\t\t\t\t\t<time datetime=\"2023-01-14T09:59:00+02:00\" class=\"uagb-post__date\">\n\t\t\t\t<span class=\"dashicons-calendar dashicons\"><\/span>\t\t\t\t\t14 januar 2023\t\t\t\t<\/time>\n\t\t\t\t\t\t<\/div>\n\t\t\t\t\t\t<div class='uagb-post__image'>\n\t\t\t\t\t\t\t\t\t<a href=\"https:\/\/www.folkecenter.net\/da\/new-project-for-folkecenter\/\" target=\"_self\" rel=\"bookmark noopener noreferrer\"><img loading=\"lazy\" decoding=\"async\" width=\"700\" height=\"450\" src=\"https:\/\/www.folkecenter.net\/wp-content\/uploads\/2023\/02\/Permagov-project-fc.png\" class=\"attachment-large size-large\" alt=\"PERMAGOV project\" srcset=\"https:\/\/www.folkecenter.net\/wp-content\/uploads\/2023\/02\/Permagov-project-fc.png 700w, https:\/\/www.folkecenter.net\/wp-content\/uploads\/2023\/02\/Permagov-project-fc-300x193.png 300w, https:\/\/www.folkecenter.net\/wp-content\/uploads\/2023\/02\/Permagov-project-fc-18x12.png 18w\" sizes=\"auto, (max-width: 700px) 100vw, 700px\" \/>\t\t\t\t\t<\/a>\n\t\t\t\t\t\t\t\t\t<\/div>\n\t\t\t\n\t\t\t\t\t\t\t\t<a class=\"uagb-post__link-complete-box\" href=\"https:\/\/www.folkecenter.net\/da\/new-project-for-folkecenter\/\" target=\"_self\" rel=\"bookmark noopener noreferrer\"><\/a>\n\t\t\t\t\t\t\t<\/article>\n\t\t\t\t\t\t\t\t\t\t\t<\/div>\n\t\t\t\n\n\n<div style=\"height:50px\" aria-hidden=\"true\" class=\"wp-block-spacer\"><\/div>\n\n\n\n<h2 class=\"wp-block-heading has-text-align-center\"><strong>OM PROJEKTET<\/strong><\/h2>\n\n\n\n<p style=\"font-size:16px\">PERMAGOV sigter mod at opn\u00e5 en mere tv\u00e6rg\u00e5ende og smidig ordning mellem den nuv\u00e6rende fragmenterede EU-havstyring ved at afpr\u00f8ve en ny forvaltningstilgang p\u00e5 flere niveauer for forskellige regionale have og nationale farvande rundt om i Europa, m\u00e5lrettet mod fire omr\u00e5der af afg\u00f8rende betydning for b\u00e6redygtig udvikling: s\u00f8transport, havenergi, havliv og havaffald.<\/p>\n\n\n\n<div style=\"height:50px\" aria-hidden=\"true\" class=\"wp-block-spacer\"><\/div>\n\n\n\n<h3 class=\"wp-block-heading has-text-align-center\">The project is supported by Horizon Europe and UK Research and Innovation<\/h3>\n\n\n\n<p style=\"font-size:16px\">PERMAGOV har modtaget st\u00f8tte fra EU's Horizon Europe forsknings- og innovationsprogram HORIZON-CL6-2022-GOVERNANCE-01-03 under tilskudsaftale nr. 101086297 og fra UK Research and Innovation under den britiske regerings Horizon Europe-finansieringsgarantibevillingsnumre 100459620, 970 , 101086297. Materialet p\u00e5 denne side repr\u00e6senterer kun PERMAGOV-projektets synspunkter.<\/p>\n\n\n\n<div style=\"height:15px\" aria-hidden=\"true\" class=\"wp-block-spacer\"><\/div>\n\n\n<div class=\"wp-block-image\">\n<figure class=\"aligncenter size-full\"><img loading=\"lazy\" decoding=\"async\" width=\"615\" height=\"83\" src=\"https:\/\/www.folkecenter.net\/wp-content\/uploads\/2023\/02\/Funding-programs.png\" alt=\"Funded by EU + Funded by UK Research &amp; Innovation\" class=\"wp-image-6986\" srcset=\"https:\/\/www.folkecenter.net\/wp-content\/uploads\/2023\/02\/Funding-programs.png 615w, https:\/\/www.folkecenter.net\/wp-content\/uploads\/2023\/02\/Funding-programs-300x40.png 300w, https:\/\/www.folkecenter.net\/wp-content\/uploads\/2023\/02\/Funding-programs-18x2.png 18w\" sizes=\"auto, (max-width: 615px) 100vw, 615px\" \/><\/figure><\/div>\n\n\n<div style=\"height:100px\" aria-hidden=\"true\" class=\"wp-block-spacer\"><\/div>","protected":false},"excerpt":{"rendered":"<p>Multi-layer governance performance of marine policies (PERMAGOV) PROJECT DETAILS Project partners: Wageningen University, NL (project coordinator)Aalborg University, DKUiT The Arctic University of Norway, NOResearch Institute for Sustainability \u2013 Helmholtz Centre &#8230;<\/p>","protected":false},"author":1,"featured_media":0,"parent":0,"menu_order":0,"comment_status":"closed","ping_status":"closed","template":"","meta":{"_uag_custom_page_level_css":"","footnotes":""},"folder":[49],"class_list":["post-6958","page","type-page","status-publish","hentry"],"uagb_featured_image_src":{"full":false,"thumbnail":false,"medium":false,"medium_large":false,"large":false,"1536x1536":false,"2048x2048":false,"trp-custom-language-flag":false,"mgb-medium":false,"mgb-vertical":false,"mgb-banner":false,"onepress-blog-small":false,"onepress-small":false,"onepress-medium":false},"uagb_author_info":{"display_name":"admin","author_link":"https:\/\/www.folkecenter.net\/da\/author\/admin\/"},"uagb_comment_info":0,"uagb_excerpt":"Multi-layer governance performance of marine policies (PERMAGOV) PROJECT DETAILS Project partners: Wageningen University, NL (project coordinator)Aalborg University, DKUiT The Arctic University of Norway, NOResearch Institute for Sustainability \u2013 Helmholtz Centre ...","_links":{"self":[{"href":"https:\/\/www.folkecenter.net\/da\/wp-json\/wp\/v2\/pages\/6958","targetHints":{"allow":["GET"]}}],"collection":[{"href":"https:\/\/www.folkecenter.net\/da\/wp-json\/wp\/v2\/pages"}],"about":[{"href":"https:\/\/www.folkecenter.net\/da\/wp-json\/wp\/v2\/types\/page"}],"author":[{"embeddable":true,"href":"https:\/\/www.folkecenter.net\/da\/wp-json\/wp\/v2\/users\/1"}],"replies":[{"embeddable":true,"href":"https:\/\/www.folkecenter.net\/da\/wp-json\/wp\/v2\/comments?post=6958"}],"version-history":[{"count":0,"href":"https:\/\/www.folkecenter.net\/da\/wp-json\/wp\/v2\/pages\/6958\/revisions"}],"wp:attachment":[{"href":"https:\/\/www.folkecenter.net\/da\/wp-json\/wp\/v2\/media?parent=6958"}],"wp:term":[{"taxonomy":"folder","embeddable":true,"href":"https:\/\/www.folkecenter.net\/da\/wp-json\/wp\/v2\/folder?post=6958"}],"curies":[{"name":"wp","href":"https:\/\/api.w.org\/{rel}","templated":true}]}}