{"id":6671,"date":"2023-04-13T14:28:15","date_gmt":"2023-04-13T14:28:15","guid":{"rendered":"https:\/\/www.folkecenter.net\/?page_id=6671"},"modified":"2023-04-13T14:30:14","modified_gmt":"2023-04-13T14:30:14","slug":"strawbale-house-fc","status":"publish","type":"page","link":"https:\/\/www.folkecenter.net\/da\/strawbale-house-fc\/","title":{"rendered":"Strawbale House"},"content":{"rendered":"<h1 class=\"wp-block-heading\">Strawbale House<\/h1>\n\n\n\n<div style=\"height:15px\" aria-hidden=\"true\" class=\"wp-block-spacer\"><\/div>\n\n\n\n<p><a href=\"https:\/\/www.folkecenter.net\/da\/\" data-type=\"page\" data-id=\"308\">Hjem<\/a> \/ <a href=\"https:\/\/www.folkecenter.net\/da\/activities\/\" data-type=\"page\" data-id=\"5223\">Aktiviteter <\/a>\/ <a href=\"https:\/\/www.folkecenter.net\/da\/research-development\/\" data-type=\"page\" data-id=\"3655\">R&amp;D<\/a> \/ <a href=\"https:\/\/www.folkecenter.net\/da\/buildings\/\" data-type=\"page\" data-id=\"6331\">Bygninger<\/a> \/ Strawbale House<\/p>\n\n\n\n<div style=\"height:30px\" aria-hidden=\"true\" class=\"wp-block-spacer\"><\/div>\n\n\n\n<p class=\"has-text-align-center\">Page under construction. We apologize for the inconvenience<\/p>\n\n\n\n<div style=\"height:30px\" aria-hidden=\"true\" class=\"wp-block-spacer\"><\/div>\n\n\n\n<h2 class=\"wp-block-heading\">Relaterede artikler<\/h2>\n\n\n\n<div style=\"height:15px\" aria-hidden=\"true\" class=\"wp-block-spacer\"><\/div>\n\n\n<ul class=\"wp-block-latest-posts__list has-dates wp-block-latest-posts\"><li><div class=\"wp-block-latest-posts__featured-image alignleft\"><img loading=\"lazy\" decoding=\"async\" width=\"150\" height=\"150\" src=\"https:\/\/www.folkecenter.net\/wp-content\/uploads\/2023\/04\/Strawbale_video-150x150.png\" class=\"attachment-thumbnail size-thumbnail wp-post-image\" alt=\"Building with pre-made straw elements\" style=\"\" \/><\/div><a class=\"wp-block-latest-posts__post-title\" href=\"https:\/\/www.folkecenter.net\/da\/modern-straw-construction-at-feldballe-independent-school\/\">Moderne halmbyggeri p\u00e5 Feldballe Friskole<\/a><time datetime=\"2023-03-27T08:38:30+02:00\" class=\"wp-block-latest-posts__post-date\">27 marts 2023<\/time><div class=\"wp-block-latest-posts__post-excerpt\">I 90'erne blev Danmarks f\u00f8rste beboelsesgodkendte halmhus opf\u00f8rt p\u00e5 Nordisk Folkecenter for Vedvarende Energi. Lars Keller, der dengang var kraftigt medvirkende til byggeriet p\u00e5 Folkecentret, arbejder stadig med halmhuse, som i dag er noget ganske andet end stablede halmballer. Et eksempel p\u00e5 moderne halmbyggeri Feldballe Friskoles naturfags- og udskolingsbygning, som er opf\u00f8rt i 2021. V\u00e6ggene best\u00e5r af halmelementer, som grundl\u00e6ggende er et tr\u00e6skelet fyldt ud med halm.<\/div><\/li>\n<li><div class=\"wp-block-latest-posts__featured-image alignleft\"><img loading=\"lazy\" decoding=\"async\" width=\"150\" height=\"150\" src=\"https:\/\/www.folkecenter.net\/wp-content\/uploads\/2023\/04\/Smart-strawbale-150x150.png\" class=\"attachment-thumbnail size-thumbnail wp-post-image\" alt=\"Smart-strawbale house\" style=\"\" \/><\/div><a class=\"wp-block-latest-posts__post-title\" href=\"https:\/\/www.folkecenter.net\/da\/the-smart-strawbale-house\/\">Det smarte halmhus<\/a><time datetime=\"2022-11-29T10:25:26+02:00\" class=\"wp-block-latest-posts__post-date\">29 november 2022<\/time><div class=\"wp-block-latest-posts__post-excerpt\">Blandt Nordisk Folkecenter for Vedvarende Energis b\u00e6redygtige byggerier finder man et halmhus, som blev bygget i 1998. Huset har egen vindm\u00f8lle, solvarme og batteribank, og derudover er det sp\u00e6kket med teknik og \u2019internet of things\u2019, som g\u00f8r det muligt at programmere huset til alle t\u00e6nkelige energiscenarier. Med et par klik p\u00e5 computeren kan man derfor s\u00e6tte det til op til automatisk henholdsvis at lade p\u00e5 batterierne, sende vindm\u00f8llestr\u00f8m ud p\u00e5 elnettet eller varme vand alt efter elpriser, vindstyrke, batterisp\u00e6nding eller andre parametre, man m\u00e5tte \u00f8nske. <\/div><\/li>\n<\/ul>\n\n\n<div style=\"height:100px\" aria-hidden=\"true\" class=\"wp-block-spacer\"><\/div>","protected":false},"excerpt":{"rendered":"<p>Strawbale House Home \/ Activities \/ R&amp;D \/ Buildings \/ Strawbale House Page under construction. We apologize for the inconvenience Related Articles<\/p>","protected":false},"author":1,"featured_media":0,"parent":0,"menu_order":0,"comment_status":"closed","ping_status":"closed","template":"","meta":{"_uag_custom_page_level_css":"","footnotes":""},"folder":[227],"class_list":["post-6671","page","type-page","status-publish","hentry"],"uagb_featured_image_src":{"full":false,"thumbnail":false,"medium":false,"medium_large":false,"large":false,"1536x1536":false,"2048x2048":false,"trp-custom-language-flag":false,"mgb-medium":false,"mgb-vertical":false,"mgb-banner":false,"onepress-blog-small":false,"onepress-small":false,"onepress-medium":false},"uagb_author_info":{"display_name":"admin","author_link":"https:\/\/www.folkecenter.net\/da\/author\/admin\/"},"uagb_comment_info":0,"uagb_excerpt":"Strawbale House Home \/ Activities \/ R&amp;D \/ Buildings \/ Strawbale House Page under construction. We apologize for the inconvenience Related Articles","_links":{"self":[{"href":"https:\/\/www.folkecenter.net\/da\/wp-json\/wp\/v2\/pages\/6671","targetHints":{"allow":["GET"]}}],"collection":[{"href":"https:\/\/www.folkecenter.net\/da\/wp-json\/wp\/v2\/pages"}],"about":[{"href":"https:\/\/www.folkecenter.net\/da\/wp-json\/wp\/v2\/types\/page"}],"author":[{"embeddable":true,"href":"https:\/\/www.folkecenter.net\/da\/wp-json\/wp\/v2\/users\/1"}],"replies":[{"embeddable":true,"href":"https:\/\/www.folkecenter.net\/da\/wp-json\/wp\/v2\/comments?post=6671"}],"version-history":[{"count":0,"href":"https:\/\/www.folkecenter.net\/da\/wp-json\/wp\/v2\/pages\/6671\/revisions"}],"wp:attachment":[{"href":"https:\/\/www.folkecenter.net\/da\/wp-json\/wp\/v2\/media?parent=6671"}],"wp:term":[{"taxonomy":"folder","embeddable":true,"href":"https:\/\/www.folkecenter.net\/da\/wp-json\/wp\/v2\/folder?post=6671"}],"curies":[{"name":"wp","href":"https:\/\/api.w.org\/{rel}","templated":true}]}}