{"id":6430,"date":"2022-12-14T10:51:27","date_gmt":"2022-12-14T10:51:27","guid":{"rendered":"https:\/\/www.folkecenter.net\/?page_id=6430"},"modified":"2024-10-02T11:58:02","modified_gmt":"2024-10-02T09:58:02","slug":"change-agents","status":"publish","type":"page","link":"https:\/\/www.folkecenter.net\/da\/change-agents\/","title":{"rendered":"Change Agents for a Green Society"},"content":{"rendered":"<h1 class=\"wp-block-heading has-text-align-center\" id=\"Top\"><strong>Change Agents for a Green Society<\/strong><\/h1>\n\n\n\n<div style=\"height:50px\" aria-hidden=\"true\" class=\"wp-block-spacer\"><\/div>\n\n\n\n<div class=\"wp-block-media-text is-stacked-on-mobile\"><figure class=\"wp-block-media-text__media\"><img loading=\"lazy\" decoding=\"async\" width=\"1024\" height=\"759\" src=\"https:\/\/www.folkecenter.net\/wp-content\/uploads\/2022\/12\/Web_billede-1024x759.jpg\" alt=\"\" class=\"wp-image-6432 size-full\" srcset=\"https:\/\/www.folkecenter.net\/wp-content\/uploads\/2022\/12\/Web_billede-1024x759.jpg 1024w, https:\/\/www.folkecenter.net\/wp-content\/uploads\/2022\/12\/Web_billede-300x222.jpg 300w, https:\/\/www.folkecenter.net\/wp-content\/uploads\/2022\/12\/Web_billede-768x569.jpg 768w, https:\/\/www.folkecenter.net\/wp-content\/uploads\/2022\/12\/Web_billede-16x12.jpg 16w, https:\/\/www.folkecenter.net\/wp-content\/uploads\/2022\/12\/Web_billede.jpg 1116w\" sizes=\"auto, (max-width: 1024px) 100vw, 1024px\" \/><\/figure><div class=\"wp-block-media-text__content\">\n<h2 class=\"wp-block-heading\"><strong>PROJEKTDETALJER<\/strong><\/h2>\n\n\n\n<figure class=\"wp-block-table is-style-stripes\"><table><tbody><tr><td><strong>Partnere:<\/strong><\/td><td>Nordic Folkecenter for Renewable Energy (project manager)<br>INFORSE-Europe<br>Center for Environmental Initiatives Ecoaction<br>Renewable Energy Agency NGO \u2013 REA<br>Ecoclub<\/td><\/tr><tr><td><strong>Lande:<\/strong><\/td><td>Ukraine<\/td><\/tr><tr><td><strong>Projekttype:<\/strong><\/td><td>Information, formidling, social p\u00e5virkning<\/td><\/tr><tr><td><strong>Funding<\/strong>:<\/td><td>The New Democracy Fund og EU<\/td><\/tr><\/tbody><\/table><\/figure>\n<\/div><\/div>\n\n\n\n<div style=\"height:50px\" aria-hidden=\"true\" class=\"wp-block-spacer\"><\/div>\n\n\n\n<h2 class=\"wp-block-heading has-text-align-center\"><strong>PROJEKTNYHEDER<\/strong><\/h2>\n\n\n\n\t\t\t<div class=\"wp-block-uagb-post-grid uagb-post-grid  uagb-post__image-position-background uagb-post__image-enabled uagb-block-46a19766     uagb-post__items uagb-post__columns-3 is-grid uagb-post__columns-tablet-2 uagb-post__columns-mobile-1 uagb-post__equal-height\" data-total=\"1\" style=\"\">\n\n\t\t\t\t\t\t\t\t\t\t\t\t<article class=\"uagb-post__inner-wrap\">\t\t\t\t\t\t\t\t<h4 class=\"uagb-post__title uagb-post__text\">\n\t\t\t\t<a href=\"https:\/\/www.folkecenter.net\/da\/event-20-12-solar-heating-challenges-and-opportunities-for-district-heating\/\" target=\"_self\" rel=\"bookmark noopener noreferrer\">EVENT 20\/12: Solvarme\u00a0- Udfordringer og muligheder for fjernvarme<\/a>\n\t\t\t<\/h4>\n\t\t\t\t\t\t<div class='uagb-post__text uagb-post-grid-byline'>\n\t\t\t\t\t\t\t\t<time datetime=\"2022-12-15T08:46:46+02:00\" class=\"uagb-post__date\">\n\t\t\t\t<span class=\"dashicons-calendar dashicons\"><\/span>\t\t\t\t\t15 december 2022\t\t\t\t<\/time>\n\t\t\t\t\t\t<\/div>\n\t\t\t\t\t\t<div class='uagb-post__image'>\n\t\t\t\t\t\t\t\t\t<a href=\"https:\/\/www.folkecenter.net\/da\/event-20-12-solar-heating-challenges-and-opportunities-for-district-heating\/\" target=\"_self\" rel=\"bookmark noopener noreferrer\"><img loading=\"lazy\" decoding=\"async\" width=\"800\" height=\"593\" src=\"https:\/\/www.folkecenter.net\/wp-content\/uploads\/2022\/12\/Web_billede-1024x759.jpg\" class=\"attachment-large size-large\" alt=\"\" srcset=\"https:\/\/www.folkecenter.net\/wp-content\/uploads\/2022\/12\/Web_billede-1024x759.jpg 1024w, https:\/\/www.folkecenter.net\/wp-content\/uploads\/2022\/12\/Web_billede-300x222.jpg 300w, https:\/\/www.folkecenter.net\/wp-content\/uploads\/2022\/12\/Web_billede-768x569.jpg 768w, https:\/\/www.folkecenter.net\/wp-content\/uploads\/2022\/12\/Web_billede-16x12.jpg 16w, https:\/\/www.folkecenter.net\/wp-content\/uploads\/2022\/12\/Web_billede.jpg 1116w\" sizes=\"auto, (max-width: 800px) 100vw, 800px\" \/>\t\t\t\t\t<\/a>\n\t\t\t\t\t\t\t\t\t<\/div>\n\t\t\t\n\t\t\t\t\t\t\t\t<a class=\"uagb-post__link-complete-box\" href=\"https:\/\/www.folkecenter.net\/da\/event-20-12-solar-heating-challenges-and-opportunities-for-district-heating\/\" target=\"_self\" rel=\"bookmark noopener noreferrer\"><\/a>\n\t\t\t\t\t\t\t<\/article>\n\t\t\t\t\t\t\t\t\t\t\t\t\t\t\t\t<article class=\"uagb-post__inner-wrap\">\t\t\t\t\t\t\t\t<h4 class=\"uagb-post__title uagb-post__text\">\n\t\t\t\t<a href=\"https:\/\/www.folkecenter.net\/da\/event-a-greener-ukraine-with-renewable-energy-after-the-war\/\" target=\"_self\" rel=\"bookmark noopener noreferrer\">EVENT 19\/12: Et gr\u00f8nnere Ukraine med vedvarende energi efter krigen<\/a>\n\t\t\t<\/h4>\n\t\t\t\t\t\t<div class='uagb-post__text uagb-post-grid-byline'>\n\t\t\t\t\t\t\t\t<time datetime=\"2022-12-14T10:56:40+02:00\" class=\"uagb-post__date\">\n\t\t\t\t<span class=\"dashicons-calendar dashicons\"><\/span>\t\t\t\t\t14 december 2022\t\t\t\t<\/time>\n\t\t\t\t\t\t<\/div>\n\t\t\t\t\t\t<div class='uagb-post__image'>\n\t\t\t\t\t\t\t\t\t<a href=\"https:\/\/www.folkecenter.net\/da\/event-a-greener-ukraine-with-renewable-energy-after-the-war\/\" target=\"_self\" rel=\"bookmark noopener noreferrer\"><img loading=\"lazy\" decoding=\"async\" width=\"800\" height=\"593\" src=\"https:\/\/www.folkecenter.net\/wp-content\/uploads\/2022\/12\/Web_billede-1024x759.jpg\" class=\"attachment-large size-large\" alt=\"\" srcset=\"https:\/\/www.folkecenter.net\/wp-content\/uploads\/2022\/12\/Web_billede-1024x759.jpg 1024w, https:\/\/www.folkecenter.net\/wp-content\/uploads\/2022\/12\/Web_billede-300x222.jpg 300w, https:\/\/www.folkecenter.net\/wp-content\/uploads\/2022\/12\/Web_billede-768x569.jpg 768w, https:\/\/www.folkecenter.net\/wp-content\/uploads\/2022\/12\/Web_billede-16x12.jpg 16w, https:\/\/www.folkecenter.net\/wp-content\/uploads\/2022\/12\/Web_billede.jpg 1116w\" sizes=\"auto, (max-width: 800px) 100vw, 800px\" \/>\t\t\t\t\t<\/a>\n\t\t\t\t\t\t\t\t\t<\/div>\n\t\t\t\n\t\t\t\t\t\t\t\t<a class=\"uagb-post__link-complete-box\" href=\"https:\/\/www.folkecenter.net\/da\/event-a-greener-ukraine-with-renewable-energy-after-the-war\/\" target=\"_self\" rel=\"bookmark noopener noreferrer\"><\/a>\n\t\t\t\t\t\t\t<\/article>\n\t\t\t\t\t\t\t\t\t\t\t\t\t\t\t\t<article class=\"uagb-post__inner-wrap\">\t\t\t\t\t\t\t\t<h4 class=\"uagb-post__title uagb-post__text\">\n\t\t\t\t<a href=\"https:\/\/www.folkecenter.net\/da\/webinar-for-ukrainians-heat-pumps-in-central-heating-systems\/\" target=\"_self\" rel=\"bookmark noopener noreferrer\">Webinar for ukrainere: Varmepumper i centralvarmeanl\u00e6g<\/a>\n\t\t\t<\/h4>\n\t\t\t\t\t\t<div class='uagb-post__text uagb-post-grid-byline'>\n\t\t\t\t\t\t\t\t<time datetime=\"2022-09-14T11:23:32+02:00\" class=\"uagb-post__date\">\n\t\t\t\t<span class=\"dashicons-calendar dashicons\"><\/span>\t\t\t\t\t14 september 2022\t\t\t\t<\/time>\n\t\t\t\t\t\t<\/div>\n\t\t\t\t\t\t<div class='uagb-post__image'>\n\t\t\t\t\t\t\t\t\t<a href=\"https:\/\/www.folkecenter.net\/da\/webinar-for-ukrainians-heat-pumps-in-central-heating-systems\/\" target=\"_self\" rel=\"bookmark noopener noreferrer\"><img loading=\"lazy\" decoding=\"async\" width=\"800\" height=\"593\" src=\"https:\/\/www.folkecenter.net\/wp-content\/uploads\/2022\/12\/Web_billede-1024x759.jpg\" class=\"attachment-large size-large\" alt=\"\" srcset=\"https:\/\/www.folkecenter.net\/wp-content\/uploads\/2022\/12\/Web_billede-1024x759.jpg 1024w, https:\/\/www.folkecenter.net\/wp-content\/uploads\/2022\/12\/Web_billede-300x222.jpg 300w, https:\/\/www.folkecenter.net\/wp-content\/uploads\/2022\/12\/Web_billede-768x569.jpg 768w, https:\/\/www.folkecenter.net\/wp-content\/uploads\/2022\/12\/Web_billede-16x12.jpg 16w, https:\/\/www.folkecenter.net\/wp-content\/uploads\/2022\/12\/Web_billede.jpg 1116w\" sizes=\"auto, (max-width: 800px) 100vw, 800px\" \/>\t\t\t\t\t<\/a>\n\t\t\t\t\t\t\t\t\t<\/div>\n\t\t\t\n\t\t\t\t\t\t\t\t<a class=\"uagb-post__link-complete-box\" href=\"https:\/\/www.folkecenter.net\/da\/webinar-for-ukrainians-heat-pumps-in-central-heating-systems\/\" target=\"_self\" rel=\"bookmark noopener noreferrer\"><\/a>\n\t\t\t\t\t\t\t<\/article>\n\t\t\t\t\t\t\t\t\t\t\t<\/div>\n\t\t\t\n\n\n<div style=\"height:50px\" aria-hidden=\"true\" class=\"wp-block-spacer\"><\/div>\n\n\n\n<h2 class=\"wp-block-heading has-text-align-center\"><strong>OM PROJEKTET<\/strong><\/h2>\n\n\n\n<p style=\"font-size:16px\">Projektet var oprindeligt planlagt til at engagere unge til at v\u00e6re gr\u00f8nne agenter for et gr\u00f8nt samfund ved at p\u00e5virke deres lokale civilbefolkning.<\/p>\n\n\n\n<p style=\"font-size:16px\">Men p\u00e5 grund af den nuv\u00e6rende situation i Ukraine, er det oprindelige projektform\u00e5l ikke relevant for \u00f8jeblikket. I stedet er projektet revideret til at aktiviteterne i projektet omhandler udvikling af forslag og bistand, der direkte kan hj\u00e6lpe folk i Ukraine med et \u00f8jeblikkeligt problem, nemlig at f\u00e5 energi til opvarmning. <\/p>\n\n\n\n<p style=\"font-size:16px\">Med projektet \u00f8nsker projektpartnerne at hj\u00e6lpe ukrainerne i deres nuv\u00e6rende vanskelige situation med fokus p\u00e5 et specifikt problem; fortsat at kunne levere varme og samtidig g\u00f8re opvarmningen mere b\u00e6redygtig.<\/p>\n\n\n\n<div style=\"height:20px\" aria-hidden=\"true\" class=\"wp-block-spacer\"><\/div>\n\n\n\n<h3 class=\"wp-block-heading\">Projektets oprindelige m\u00e5ls\u00e6tning<\/h3>\n\n\n\n<p style=\"font-size:16px\">Change Agents for a Green Society m\u00e5ls\u00e6tning:<\/p>\n\n\n\n<ul class=\"wp-block-list\">\n<li style=\"font-size:16px\">\u00d8ge bevidstheden i Ukraine om alternativer til den nuv\u00e6rende fossilbaserede opvarmning, der er dominerende i Ukraine, og hvordan fjernvarme kan v\u00e6re en vigtig del af omstillingen, baseret p\u00e5 danske erfaringer.<\/li>\n<\/ul>\n\n\n\n<ul style=\"font-size:16px\" class=\"wp-block-list\">\n<li>Udvikle to-tre pr\u00e6-unders\u00f8gelser af, hvordan Ukraines fjernvarmesystemer kan omdannes til vedvarende energi og \u00f8ge energieffektiviteten.<\/li>\n<\/ul>\n\n\n\n<ul style=\"font-size:16px\" class=\"wp-block-list\">\n<li>Engagere lokale akt\u00f8rer om realisering af overgangen fra fjernvarme til vedvarende energi<\/li>\n<\/ul>\n\n\n\n<ul style=\"font-size:16px\" class=\"wp-block-list\">\n<li>Forberede realisering af vedvarende energi og energieffektivitet i fjernvarme.<\/li>\n<\/ul>\n\n\n\n<ul style=\"font-size:16px\" class=\"wp-block-list\">\n<li>Igangs\u00e6tte et ressourcebibliotek for omstilling til vedvarende energi af fjernvarme og energibesparelser i fjernvarme.<\/li>\n<\/ul>\n\n\n\n<ul style=\"font-size:16px\" class=\"wp-block-list\">\n<li>Et event og offentlig oplysning i Danmark om situationen i Ukraine og v\u00e6rdien af \u200b\u200bdansk-ukrainske partnerskaber p\u00e5 alle niveauer.<\/li>\n<\/ul>\n\n\n\n<div style=\"height:50px\" aria-hidden=\"true\" class=\"wp-block-spacer\"><\/div>\n\n\n\n<h2 class=\"wp-block-heading has-text-align-center\"><strong>PUBLIKATIONER<\/strong><\/h2>\n\n\n\n<figure class=\"wp-block-table is-style-stripes\" style=\"font-size:16px\"><table><tbody><tr><td>Til danske politikere og medier: \"Ukraine shall be rebuilt with renewable energy\"<br>&#8220;Ukraine skal genopbygges med vedvarende energi&#8221;<\/td><td><a href=\"https:\/\/www.folkecenter.net\/wp-content\/uploads\/2023\/01\/PressM-Ukraine_skal_genopbygges_med_vedvarende_energi_30.12.2022.pdf\" data-type=\"attachment\" data-id=\"6697\" target=\"_blank\" rel=\"noreferrer noopener\">PDF (Dansk)<\/a><\/td><\/tr><tr><td>Forbedret katalog med lokale l\u00f8sninger til at spare energi og bruge vedvarende energi<\/td><td><a href=\"https:\/\/selnee.rea.org.ua\/en\/\" data-type=\"URL\" data-id=\"https:\/\/selnee.rea.org.ua\/en\/\" target=\"_blank\" rel=\"noreferrer noopener\">LINK<\/a><\/td><\/tr><tr><td>Ressourcebibliotek om vedvarende energi til fjernvarme til Ukraine og andre steder<\/td><td><a href=\"https:\/\/dhrl.rea.org.ua\/en\/index.html\" target=\"_blank\" rel=\"noreferrer noopener\">LINK<\/a><\/td><\/tr><tr><td>Analyse af geotermisk og affaldsopvarmningspotentialer i Ukraine<\/td><td><a href=\"https:\/\/www.folkecenter.net\/wp-content\/uploads\/2023\/01\/Ukr-Pub_Analysis_of_waste_and_geothermal_potentials_districtheating_Ukraine_2022.12_EN-1.pdf\" data-type=\"attachment\" data-id=\"6696\">PDF (Engelsk)<\/a><\/td><\/tr><\/tbody><\/table><\/figure>\n\n\n\n<div style=\"height:50px\" aria-hidden=\"true\" class=\"wp-block-spacer\"><\/div>\n\n\n\n<h2 class=\"wp-block-heading has-text-align-center\"><strong>PROJEKTPARTNERE<\/strong><\/h2>\n\n\n\n<div style=\"height:20px\" aria-hidden=\"true\" class=\"wp-block-spacer\"><\/div>\n\n\n\n<div class=\"wp-block-columns is-layout-flex wp-container-core-columns-is-layout-9d6595d7 wp-block-columns-is-layout-flex\">\n<div class=\"wp-block-column is-layout-flow wp-block-column-is-layout-flow\"><div class=\"wp-block-image\">\n<figure class=\"aligncenter size-full\"><img loading=\"lazy\" decoding=\"async\" width=\"160\" height=\"85\" src=\"https:\/\/www.folkecenter.net\/wp-content\/uploads\/2022\/05\/logo_REA_Ukraine-.jpg\" alt=\"\" class=\"wp-image-1608\" srcset=\"https:\/\/www.folkecenter.net\/wp-content\/uploads\/2022\/05\/logo_REA_Ukraine-.jpg 160w, https:\/\/www.folkecenter.net\/wp-content\/uploads\/2022\/05\/logo_REA_Ukraine--18x10.jpg 18w\" sizes=\"auto, (max-width: 160px) 100vw, 160px\" \/><\/figure><\/div>\n\n\n<p class=\"has-text-align-center\"><a href=\"https:\/\/rea.org.ua\/en\/\">Renewable Energy Agency<\/a><\/p>\n<\/div>\n\n\n\n<div class=\"wp-block-column is-layout-flow wp-block-column-is-layout-flow\"><div class=\"wp-block-image\">\n<figure class=\"aligncenter size-full\"><img loading=\"lazy\" decoding=\"async\" width=\"200\" height=\"73\" src=\"https:\/\/www.folkecenter.net\/wp-content\/uploads\/2022\/12\/ecoaction.png\" alt=\"\" class=\"wp-image-6439\" srcset=\"https:\/\/www.folkecenter.net\/wp-content\/uploads\/2022\/12\/ecoaction.png 200w, https:\/\/www.folkecenter.net\/wp-content\/uploads\/2022\/12\/ecoaction-18x7.png 18w\" sizes=\"auto, (max-width: 200px) 100vw, 200px\" \/><\/figure><\/div>\n\n\n<p class=\"has-text-align-center\"><a href=\"https:\/\/en.ecoaction.org.ua\/\">Ecoaction<\/a><\/p>\n<\/div>\n\n\n\n<div class=\"wp-block-column is-layout-flow wp-block-column-is-layout-flow\"><div class=\"wp-block-image\">\n<figure class=\"aligncenter size-full\"><img loading=\"lazy\" decoding=\"async\" width=\"1015\" height=\"224\" src=\"https:\/\/www.folkecenter.net\/wp-content\/uploads\/2022\/09\/INFORSE-Europe-logo-png.png\" alt=\"\" class=\"wp-image-5435\" srcset=\"https:\/\/www.folkecenter.net\/wp-content\/uploads\/2022\/09\/INFORSE-Europe-logo-png.png 1015w, https:\/\/www.folkecenter.net\/wp-content\/uploads\/2022\/09\/INFORSE-Europe-logo-png-300x66.png 300w, https:\/\/www.folkecenter.net\/wp-content\/uploads\/2022\/09\/INFORSE-Europe-logo-png-768x169.png 768w, https:\/\/www.folkecenter.net\/wp-content\/uploads\/2022\/09\/INFORSE-Europe-logo-png-18x4.png 18w\" sizes=\"auto, (max-width: 1015px) 100vw, 1015px\" \/><\/figure><\/div>\n\n\n<p class=\"has-text-align-center\"><a href=\"https:\/\/www.inforse.org\/europe\/\">INFORSE-Europe<\/a><\/p>\n<\/div>\n\n\n\n<div class=\"wp-block-column is-layout-flow wp-block-column-is-layout-flow\"><div class=\"wp-block-image\">\n<figure class=\"aligncenter size-full is-resized\"><img loading=\"lazy\" decoding=\"async\" width=\"567\" height=\"175\" src=\"https:\/\/www.folkecenter.net\/wp-content\/uploads\/2022\/05\/cropped-Folkecenter-logo-partial-transparent.png\" alt=\"\" class=\"wp-image-1265\" style=\"width:199px;height:60px\" srcset=\"https:\/\/www.folkecenter.net\/wp-content\/uploads\/2022\/05\/cropped-Folkecenter-logo-partial-transparent.png 567w, https:\/\/www.folkecenter.net\/wp-content\/uploads\/2022\/05\/cropped-Folkecenter-logo-partial-transparent-300x93.png 300w, https:\/\/www.folkecenter.net\/wp-content\/uploads\/2022\/05\/cropped-Folkecenter-logo-partial-transparent-18x6.png 18w\" sizes=\"auto, (max-width: 567px) 100vw, 567px\" \/><\/figure><\/div>\n\n\n<p class=\"has-text-align-center\">Nordisk Folkecenter for Vedvarende Energi<\/p>\n<\/div>\n<\/div>\n\n\n\n<div style=\"height:20px\" aria-hidden=\"true\" class=\"wp-block-spacer\"><\/div>\n\n\n\n<h3 class=\"wp-block-heading has-text-align-center\">Projektet er st\u00f8ttet af <a href=\"https:\/\/www.newdemocracyfund.org\/2022\/12\/07\/change-agents-green-society\/\">New Democracy Fund<\/a><\/h3>\n\n\n<div class=\"wp-block-image\">\n<figure class=\"aligncenter size-large is-resized\"><img loading=\"lazy\" decoding=\"async\" width=\"1024\" height=\"594\" src=\"https:\/\/www.folkecenter.net\/wp-content\/uploads\/2023\/01\/ndf-1024x594.png\" alt=\"\" class=\"wp-image-6792\" style=\"width:256px;height:149px\" srcset=\"https:\/\/www.folkecenter.net\/wp-content\/uploads\/2023\/01\/ndf-1024x594.png 1024w, https:\/\/www.folkecenter.net\/wp-content\/uploads\/2023\/01\/ndf-300x174.png 300w, https:\/\/www.folkecenter.net\/wp-content\/uploads\/2023\/01\/ndf-768x445.png 768w, https:\/\/www.folkecenter.net\/wp-content\/uploads\/2023\/01\/ndf-1536x890.png 1536w, https:\/\/www.folkecenter.net\/wp-content\/uploads\/2023\/01\/ndf-2048x1187.png 2048w, https:\/\/www.folkecenter.net\/wp-content\/uploads\/2023\/01\/ndf-18x10.png 18w\" sizes=\"auto, (max-width: 1024px) 100vw, 1024px\" \/><\/figure><\/div>","protected":false},"excerpt":{"rendered":"<p>Ikke f\u00e6rre end 90 deltagere m\u00f8dte op p\u00e5 Zoom, da kameraet blev t\u00e6ndt til webinaret \"Varmepumper i centralvarme: hvordan monteres det, og hvad koster det\", et arrangement i projektet Forandringsagenter for et gr\u00f8nt samfund. Nordisk Folkecenter for Vedvarende Energi er projektleder og webinaret skulle udveksle viden og erfaringer om varmepumper.<br \/>&#8230;<\/p>","protected":false},"author":1,"featured_media":6432,"parent":0,"menu_order":0,"comment_status":"closed","ping_status":"closed","template":"","meta":{"_uag_custom_page_level_css":"","footnotes":""},"folder":[49],"class_list":["post-6430","page","type-page","status-publish","has-post-thumbnail","hentry"],"uagb_featured_image_src":{"full":["https:\/\/www.folkecenter.net\/wp-content\/uploads\/2022\/12\/Web_billede.jpg",1116,827,false],"thumbnail":["https:\/\/www.folkecenter.net\/wp-content\/uploads\/2022\/12\/Web_billede-150x150.jpg",150,150,true],"medium":["https:\/\/www.folkecenter.net\/wp-content\/uploads\/2022\/12\/Web_billede-300x222.jpg",300,222,true],"medium_large":["https:\/\/www.folkecenter.net\/wp-content\/uploads\/2022\/12\/Web_billede-768x569.jpg",768,569,true],"large":["https:\/\/www.folkecenter.net\/wp-content\/uploads\/2022\/12\/Web_billede-1024x759.jpg",800,593,true],"1536x1536":["https:\/\/www.folkecenter.net\/wp-content\/uploads\/2022\/12\/Web_billede.jpg",1116,827,false],"2048x2048":["https:\/\/www.folkecenter.net\/wp-content\/uploads\/2022\/12\/Web_billede.jpg",1116,827,false],"trp-custom-language-flag":["https:\/\/www.folkecenter.net\/wp-content\/uploads\/2022\/12\/Web_billede-16x12.jpg",16,12,true],"mgb-medium":["https:\/\/www.folkecenter.net\/wp-content\/uploads\/2022\/12\/Web_billede-600x600.jpg",600,600,true],"mgb-vertical":["https:\/\/www.folkecenter.net\/wp-content\/uploads\/2022\/12\/Web_billede-600x827.jpg",600,827,true],"mgb-banner":["https:\/\/www.folkecenter.net\/wp-content\/uploads\/2022\/12\/Web_billede-1116x800.jpg",1116,800,true],"onepress-blog-small":["https:\/\/www.folkecenter.net\/wp-content\/uploads\/2022\/12\/Web_billede-300x150.jpg",300,150,true],"onepress-small":["https:\/\/www.folkecenter.net\/wp-content\/uploads\/2022\/12\/Web_billede-480x300.jpg",480,300,true],"onepress-medium":["https:\/\/www.folkecenter.net\/wp-content\/uploads\/2022\/12\/Web_billede-640x400.jpg",640,400,true]},"uagb_author_info":{"display_name":"admin","author_link":"https:\/\/www.folkecenter.net\/da\/author\/admin\/"},"uagb_comment_info":0,"uagb_excerpt":"No fewer than 90 participants turned up on Zoom when the camera was switched on for the webinar \u201cHeat pumps in central heating: how it is installed and how much it costs\u201d, an event in the Change Agents for a Green Society project. Nordic Folkecenter for Renewable Energy is the project manager and the webinar&hellip;","_links":{"self":[{"href":"https:\/\/www.folkecenter.net\/da\/wp-json\/wp\/v2\/pages\/6430","targetHints":{"allow":["GET"]}}],"collection":[{"href":"https:\/\/www.folkecenter.net\/da\/wp-json\/wp\/v2\/pages"}],"about":[{"href":"https:\/\/www.folkecenter.net\/da\/wp-json\/wp\/v2\/types\/page"}],"author":[{"embeddable":true,"href":"https:\/\/www.folkecenter.net\/da\/wp-json\/wp\/v2\/users\/1"}],"replies":[{"embeddable":true,"href":"https:\/\/www.folkecenter.net\/da\/wp-json\/wp\/v2\/comments?post=6430"}],"version-history":[{"count":0,"href":"https:\/\/www.folkecenter.net\/da\/wp-json\/wp\/v2\/pages\/6430\/revisions"}],"wp:featuredmedia":[{"embeddable":true,"href":"https:\/\/www.folkecenter.net\/da\/wp-json\/wp\/v2\/media\/6432"}],"wp:attachment":[{"href":"https:\/\/www.folkecenter.net\/da\/wp-json\/wp\/v2\/media?parent=6430"}],"wp:term":[{"taxonomy":"folder","embeddable":true,"href":"https:\/\/www.folkecenter.net\/da\/wp-json\/wp\/v2\/folder?post=6430"}],"curies":[{"name":"wp","href":"https:\/\/api.w.org\/{rel}","templated":true}]}}