{"id":6311,"date":"2022-12-12T15:03:31","date_gmt":"2022-12-12T15:03:31","guid":{"rendered":"https:\/\/www.folkecenter.net\/?page_id=6311"},"modified":"2023-02-06T03:37:36","modified_gmt":"2023-02-06T03:37:36","slug":"solar-energy","status":"publish","type":"page","link":"https:\/\/www.folkecenter.net\/da\/solar-energy\/","title":{"rendered":"Solenergi"},"content":{"rendered":"<h1 class=\"wp-block-heading\">Solenergi<\/h1>\n\n\n\n<div style=\"height:15px\" aria-hidden=\"true\" class=\"wp-block-spacer\"><\/div>\n\n\n\n<p><a href=\"https:\/\/www.folkecenter.net\/da\/\" data-type=\"page\" data-id=\"308\">Hjem<\/a> \/ <a href=\"https:\/\/www.folkecenter.net\/da\/research-development\/\" data-type=\"page\" data-id=\"3655\">R&amp;D<\/a> \/ Solar Energy<\/p>\n\n\n\n<div style=\"height:30px\" aria-hidden=\"true\" class=\"wp-block-spacer\"><\/div>\n\n\n\n<div style=\"height:15px\" aria-hidden=\"true\" class=\"wp-block-spacer\"><\/div>\n\n\n\n<h2 class=\"wp-block-heading\">Relaterede artikler<\/h2>\n\n\n\n<div style=\"height:15px\" aria-hidden=\"true\" class=\"wp-block-spacer\"><\/div>\n\n\n<ul class=\"wp-block-latest-posts__list has-dates wp-block-latest-posts\"><li><div class=\"wp-block-latest-posts__featured-image alignleft\"><a href=\"https:\/\/www.folkecenter.net\/da\/is-solar-energy-the-right-technology-for-denmark\/\" aria-label=\"&lt;strong&gt;Er solenergi den rette teknologi i Danmark?&lt;\/strong&gt;\"><img loading=\"lazy\" decoding=\"async\" width=\"150\" height=\"150\" src=\"https:\/\/www.folkecenter.net\/wp-content\/uploads\/2023\/01\/Danish-weather-150x150.jpg\" class=\"attachment-thumbnail size-thumbnail wp-post-image\" alt=\"Danish Weather\" style=\"\" \/><\/a><\/div><a class=\"wp-block-latest-posts__post-title\" href=\"https:\/\/www.folkecenter.net\/da\/is-solar-energy-the-right-technology-for-denmark\/\"><strong>Er solenergi den rette teknologi i Danmark?<\/strong><\/a><time datetime=\"2023-01-31T10:35:46+02:00\" class=\"wp-block-latest-posts__post-date\">31 januar 2023<\/time><div class=\"wp-block-latest-posts__post-excerpt\">N\u00e5r man siger solenergi, er Danmark ikke ligefrem det f\u00f8rste land, man t\u00e6nker p\u00e5. Vi forbinder normalt sol med Italien, Gr\u00e6kenland, Spanien og alle de andre middelhavslande. Selvom det kan v\u00e6re tilf\u00e6ldet, n\u00e5r du skal v\u00e6lge en feriedestination, er det ikke n\u00f8dvendigvis s\u00e5dan, n\u00e5r det kommer til energi.<\/div><\/li>\n<\/ul>\n\n\n<div style=\"height:100px\" aria-hidden=\"true\" class=\"wp-block-spacer\"><\/div>","protected":false},"excerpt":{"rendered":"<p>Solar Energy Home \/ R&amp;D \/ Solar Energy Related Articles<\/p>","protected":false},"author":1,"featured_media":0,"parent":0,"menu_order":0,"comment_status":"closed","ping_status":"closed","template":"","meta":{"_uag_custom_page_level_css":"","footnotes":""},"folder":[227],"class_list":["post-6311","page","type-page","status-publish","hentry"],"uagb_featured_image_src":{"full":false,"thumbnail":false,"medium":false,"medium_large":false,"large":false,"1536x1536":false,"2048x2048":false,"trp-custom-language-flag":false,"mgb-medium":false,"mgb-vertical":false,"mgb-banner":false,"onepress-blog-small":false,"onepress-small":false,"onepress-medium":false},"uagb_author_info":{"display_name":"admin","author_link":"https:\/\/www.folkecenter.net\/da\/author\/admin\/"},"uagb_comment_info":0,"uagb_excerpt":"Solar Energy Home \/ R&amp;D \/ Solar Energy Related Articles","_links":{"self":[{"href":"https:\/\/www.folkecenter.net\/da\/wp-json\/wp\/v2\/pages\/6311","targetHints":{"allow":["GET"]}}],"collection":[{"href":"https:\/\/www.folkecenter.net\/da\/wp-json\/wp\/v2\/pages"}],"about":[{"href":"https:\/\/www.folkecenter.net\/da\/wp-json\/wp\/v2\/types\/page"}],"author":[{"embeddable":true,"href":"https:\/\/www.folkecenter.net\/da\/wp-json\/wp\/v2\/users\/1"}],"replies":[{"embeddable":true,"href":"https:\/\/www.folkecenter.net\/da\/wp-json\/wp\/v2\/comments?post=6311"}],"version-history":[{"count":0,"href":"https:\/\/www.folkecenter.net\/da\/wp-json\/wp\/v2\/pages\/6311\/revisions"}],"wp:attachment":[{"href":"https:\/\/www.folkecenter.net\/da\/wp-json\/wp\/v2\/media?parent=6311"}],"wp:term":[{"taxonomy":"folder","embeddable":true,"href":"https:\/\/www.folkecenter.net\/da\/wp-json\/wp\/v2\/folder?post=6311"}],"curies":[{"name":"wp","href":"https:\/\/api.w.org\/{rel}","templated":true}]}}