{"id":3724,"date":"2022-06-15T09:42:47","date_gmt":"2022-06-15T09:42:47","guid":{"rendered":"https:\/\/www.folkecenter.eu\/Trial-CMS6\/?page_id=3724"},"modified":"2024-09-23T12:23:18","modified_gmt":"2024-09-23T10:23:18","slug":"renewable-energy-implementation-in-developing-countries","status":"publish","type":"page","link":"https:\/\/www.folkecenter.net\/da\/renewable-energy-implementation-in-developing-countries\/","title":{"rendered":"Renewable Energy Implementation in Developing Countries"},"content":{"rendered":"<h1 class=\"wp-block-heading has-text-align-center\"><strong>GLOBALT SAMARBEJDE<\/strong><\/h1>\n\n\n\n<div style=\"height:20px\" aria-hidden=\"true\" class=\"wp-block-spacer\"><\/div>\n\n\n\n<div class=\"wp-block-media-text is-stacked-on-mobile\"><figure class=\"wp-block-media-text__media\"><img loading=\"lazy\" decoding=\"async\" width=\"624\" height=\"446\" src=\"https:\/\/www.folkecenter.net\/wp-content\/uploads\/2023\/12\/Uganda2023-11.png\" alt=\"Nordic Folkecenter visits JEEP Uganda Folkecenter - 2023\" class=\"wp-image-8499 size-full\" srcset=\"https:\/\/www.folkecenter.net\/wp-content\/uploads\/2023\/12\/Uganda2023-11.png 624w, https:\/\/www.folkecenter.net\/wp-content\/uploads\/2023\/12\/Uganda2023-11-300x214.png 300w, https:\/\/www.folkecenter.net\/wp-content\/uploads\/2023\/12\/Uganda2023-11-18x12.png 18w\" sizes=\"auto, (max-width: 624px) 100vw, 624px\" \/><\/figure><div class=\"wp-block-media-text__content\">\n<p class=\"has-text-align-center\" style=\"font-size:18px\">Alle har brug for ren energi! Manglende adgang til rene og moderne energityper er en af \u200b\u200bde vigtigste, mest hastende og presserende energiudfordringer, vi st\u00e5r overfor.<\/p>\n\n\n\n<p class=\"has-text-align-center\" style=\"font-size:18px\">Vi arbejder for universel adgang til vedvarende energi, og vi har forst\u00e5et relevansen af \u200b\u200bdet, for at opn\u00e5 de \u00f8vrige b\u00e6redygtige udviklingsm\u00e5l. Nordisk Folkecenter har organiseret sollysprojekter i Afrika siden 1998. Gennem \u00e5rene har vi ogs\u00e5 v\u00e6ret involveret i biobr\u00e6ndselsprojekter med jatropha, mini-elnet installationer, tr\u00e6planteskole, gr\u00f8n virksomhedsoprettelse m.fl. Altid i samarbejde med lokale NGO'er og lokalsamfund.<\/p>\n<\/div><\/div>\n\n\n\n<div style=\"height:20px\" aria-hidden=\"true\" class=\"wp-block-spacer\"><\/div>\n\n\n\n<h2 class=\"wp-block-heading has-text-align-center\"><strong>VIDENDELING OG -OVERF\u00d8RSEL<\/strong><\/h2>\n\n\n\n<p style=\"font-size:16px\">Vi har i mange \u00e5r arbejdet p\u00e5, at g\u00f8re opdateret know how og bedste praksis inden for vedvarende energi og energieffektivitet mere eller mindre frit tilg\u00e6ngelig for Danmark og hele verden.<\/p>\n\n\n\n<p style=\"font-size:16px\">Vi har samarbejdet med lokale industrier, NGO'er og statslige myndigheder i Europa, Asien, Afrika, Nord- og Sydamerika om at installere biogasbeholdere, vindm\u00f8ller, solsystemer, fjernvarmenet og integrerede systemer samt for at forbedre og udvikle b\u00e6redygtige energipolitikker.<\/p>\n\n\n\n<p style=\"font-size:16px\">Vi deltager i nationale og internationale projekter og arrangerer f\u00e6rdige og skr\u00e6ddersyede studieture i Danmark.<\/p>\n\n\n\n<div style=\"height:50px\" aria-hidden=\"true\" class=\"wp-block-spacer\"><\/div>\n\n\n\n<h2 class=\"wp-block-heading has-text-align-center\"><strong>VORES S\u00d8STERORGANISATIONER<\/strong><\/h2>\n\n\n\n<div style=\"height:20px\" aria-hidden=\"true\" class=\"wp-block-spacer\"><\/div>\n\n\n\n<div class=\"wp-block-columns is-layout-flex wp-container-core-columns-is-layout-9d6595d7 wp-block-columns-is-layout-flex\">\n<div class=\"wp-block-column is-style-default, border, panel is-layout-flow wp-block-column-is-layout-flow\">\n<h3 class=\"wp-block-heading alignwide has-text-align-center\"><strong>JOINT ENERGY AND ENVIRONMENT PROJECTS<\/strong><\/h3>\n\n\n<div class=\"wp-block-image\">\n<figure class=\"aligncenter size-full is-resized\"><img loading=\"lazy\" decoding=\"async\" width=\"480\" height=\"403\" src=\"https:\/\/www.folkecenter.net\/wp-content\/uploads\/2022\/06\/jeep_logo.png\" alt=\"JEEP Folkecenter\" class=\"wp-image-3768\" style=\"width:auto;height:300px\" srcset=\"https:\/\/www.folkecenter.net\/wp-content\/uploads\/2022\/06\/jeep_logo.png 480w, https:\/\/www.folkecenter.net\/wp-content\/uploads\/2022\/06\/jeep_logo-300x252.png 300w, https:\/\/www.folkecenter.net\/wp-content\/uploads\/2022\/06\/jeep_logo-14x12.png 14w\" sizes=\"auto, (max-width: 480px) 100vw, 480px\" \/><\/figure><\/div>\n\n\n<p><\/p>\n\n\n\n<p class=\"has-text-align-center\" style=\"font-size:16px\"><\/p>\n\n\n\n<p class=\"has-text-align-center\" style=\"font-size:16px\">JEEP er en ikke-statslig organisation, der arbejder for et gr\u00f8nt Uganda som et milj\u00f8sikkert og rent levested for nuv\u00e6rende og fremtidige generationer.<\/p>\n\n\n\n<div class=\"wp-block-buttons is-content-justification-center is-layout-flex wp-container-core-buttons-is-layout-16018d1d wp-block-buttons-is-layout-flex\">\n<div class=\"wp-block-button has-custom-width wp-block-button__width-50 is-style-outline is-style-outline--1\"><a class=\"wp-block-button__link wp-element-button\" href=\"https:\/\/jeepfolkecenter.org\/\" target=\"_blank\" rel=\"noreferrer noopener\">L\u00e6s mere p\u00e5 deres hjemmeside<\/a><\/div>\n<\/div>\n\n\n\n<div style=\"height:10px\" aria-hidden=\"true\" class=\"wp-block-spacer\"><\/div>\n<\/div>\n\n\n\n<div class=\"wp-block-column is-style-default, border, panel is-layout-flow wp-block-column-is-layout-flow\">\n<h3 class=\"wp-block-heading alignwide has-text-align-center\"><strong>MALI-FOLKECENTER NYETAA<\/strong><\/h3>\n\n\n<div class=\"wp-block-image\">\n<figure class=\"aligncenter size-full is-resized\"><img loading=\"lazy\" decoding=\"async\" width=\"800\" height=\"827\" src=\"https:\/\/www.folkecenter.net\/wp-content\/uploads\/2022\/06\/Mali-Folkecenter_Nyetaa_logo.png\" alt=\"Mali Folkecenter Nyetaa\" class=\"wp-image-3769\" style=\"width:auto;height:300px\" srcset=\"https:\/\/www.folkecenter.net\/wp-content\/uploads\/2022\/06\/Mali-Folkecenter_Nyetaa_logo.png 800w, https:\/\/www.folkecenter.net\/wp-content\/uploads\/2022\/06\/Mali-Folkecenter_Nyetaa_logo-290x300.png 290w, https:\/\/www.folkecenter.net\/wp-content\/uploads\/2022\/06\/Mali-Folkecenter_Nyetaa_logo-768x794.png 768w, https:\/\/www.folkecenter.net\/wp-content\/uploads\/2022\/06\/Mali-Folkecenter_Nyetaa_logo-12x12.png 12w\" sizes=\"auto, (max-width: 800px) 100vw, 800px\" \/><\/figure><\/div>\n\n\n<p><\/p>\n\n\n\n<p class=\"has-text-align-center\" style=\"font-size:16px\">Mali-Folkecenter Nyetaa er pionerer inden for digital innovation for at forbedre klimabestandigheden for befolkningen i Sahel og Afrika.<\/p>\n\n\n\n<div class=\"wp-block-buttons is-content-justification-center is-layout-flex wp-container-core-buttons-is-layout-16018d1d wp-block-buttons-is-layout-flex\">\n<div class=\"wp-block-button has-custom-width wp-block-button__width-50 is-style-outline is-style-outline--2\"><a class=\"wp-block-button__link wp-element-button\" href=\"https:\/\/www.malifolkecenter.org\/en\/index.php\" target=\"_blank\" rel=\"noreferrer noopener\">L\u00e6s mere p\u00e5 deres hjemmeside<\/a><\/div>\n<\/div>\n\n\n\n<div style=\"height:10px\" aria-hidden=\"true\" class=\"wp-block-spacer\"><\/div>\n<\/div>\n<\/div>\n\n\n\n<div class=\"wp-block-columns is-layout-flex wp-container-core-columns-is-layout-9d6595d7 wp-block-columns-is-layout-flex\">\n<div class=\"wp-block-column is-layout-flow wp-block-column-is-layout-flow\"><\/div>\n\n\n\n<div class=\"wp-block-column is-layout-flow wp-block-column-is-layout-flow\"><\/div>\n<\/div>\n\n\n\n<div style=\"height:100px\" aria-hidden=\"true\" class=\"wp-block-spacer\"><\/div>","protected":false},"excerpt":{"rendered":"<p>WORKING WORLD WIDE Everybody needs clean energy! Lack of access to clean and modern types of energy is one of the main and most urgent energy challenges to be faced. &#8230;<\/p>","protected":false},"author":1,"featured_media":0,"parent":0,"menu_order":0,"comment_status":"closed","ping_status":"closed","template":"","meta":{"_uag_custom_page_level_css":"","footnotes":""},"folder":[50],"class_list":["post-3724","page","type-page","status-publish","hentry"],"uagb_featured_image_src":{"full":false,"thumbnail":false,"medium":false,"medium_large":false,"large":false,"1536x1536":false,"2048x2048":false,"trp-custom-language-flag":false,"mgb-medium":false,"mgb-vertical":false,"mgb-banner":false,"onepress-blog-small":false,"onepress-small":false,"onepress-medium":false},"uagb_author_info":{"display_name":"admin","author_link":"https:\/\/www.folkecenter.net\/da\/author\/admin\/"},"uagb_comment_info":0,"uagb_excerpt":"WORKING WORLD WIDE Everybody needs clean energy! Lack of access to clean and modern types of energy is one of the main and most urgent energy challenges to be faced. ...","_links":{"self":[{"href":"https:\/\/www.folkecenter.net\/da\/wp-json\/wp\/v2\/pages\/3724","targetHints":{"allow":["GET"]}}],"collection":[{"href":"https:\/\/www.folkecenter.net\/da\/wp-json\/wp\/v2\/pages"}],"about":[{"href":"https:\/\/www.folkecenter.net\/da\/wp-json\/wp\/v2\/types\/page"}],"author":[{"embeddable":true,"href":"https:\/\/www.folkecenter.net\/da\/wp-json\/wp\/v2\/users\/1"}],"replies":[{"embeddable":true,"href":"https:\/\/www.folkecenter.net\/da\/wp-json\/wp\/v2\/comments?post=3724"}],"version-history":[{"count":0,"href":"https:\/\/www.folkecenter.net\/da\/wp-json\/wp\/v2\/pages\/3724\/revisions"}],"wp:attachment":[{"href":"https:\/\/www.folkecenter.net\/da\/wp-json\/wp\/v2\/media?parent=3724"}],"wp:term":[{"taxonomy":"folder","embeddable":true,"href":"https:\/\/www.folkecenter.net\/da\/wp-json\/wp\/v2\/folder?post=3724"}],"curies":[{"name":"wp","href":"https:\/\/api.w.org\/{rel}","templated":true}]}}