{"id":3553,"date":"2022-06-14T08:01:46","date_gmt":"2022-06-14T08:01:46","guid":{"rendered":"https:\/\/www.folkecenter.eu\/Trial-CMS6\/?page_id=3553"},"modified":"2024-09-23T12:14:57","modified_gmt":"2024-09-23T10:14:57","slug":"testing-demonstration","status":"publish","type":"page","link":"https:\/\/www.folkecenter.net\/da\/testing-demonstration\/","title":{"rendered":"Testing &#038; Demonstration"},"content":{"rendered":"<h1 class=\"wp-block-heading has-text-align-center\"><strong>TEST OG DEMONSTRATION<\/strong><\/h1>\n\n\n\n<div style=\"height:10px\" aria-hidden=\"true\" class=\"wp-block-spacer\"><\/div>\n\n\n\n<div class=\"wp-block-media-text is-stacked-on-mobile\"><figure class=\"wp-block-media-text__media\"><img loading=\"lazy\" decoding=\"async\" width=\"1024\" height=\"576\" src=\"https:\/\/www.folkecenter.net\/wp-content\/uploads\/2024\/08\/bla-molle-1024x576.jpg\" alt=\"\" class=\"wp-image-9871 size-full\" srcset=\"https:\/\/www.folkecenter.net\/wp-content\/uploads\/2024\/08\/bla-molle-1024x576.jpg 1024w, https:\/\/www.folkecenter.net\/wp-content\/uploads\/2024\/08\/bla-molle-300x169.jpg 300w, https:\/\/www.folkecenter.net\/wp-content\/uploads\/2024\/08\/bla-molle-768x432.jpg 768w, https:\/\/www.folkecenter.net\/wp-content\/uploads\/2024\/08\/bla-molle-18x10.jpg 18w, https:\/\/www.folkecenter.net\/wp-content\/uploads\/2024\/08\/bla-molle.jpg 1500w\" sizes=\"auto, (max-width: 1024px) 100vw, 1024px\" \/><\/figure><div class=\"wp-block-media-text__content\">\n<p class=\"has-text-align-center\" style=\"font-size:18px\">Hos Nordisk Folkecenter for Vedvarende Energi tester og demonstrerer vi vedvarende energiteknologier og b\u00e6redygtige l\u00f8sninger og arbejder p\u00e5 den m\u00e5de mod en lysere fremtid.<\/p>\n\n\n\n<p class=\"has-text-align-center\" style=\"font-size:18px\">Sammen med SMV\u2019er, partnere og m\u00e5ske dig og din virksomhed tester vi vindenergi, energi fra solen, b\u00f8lgeenergi, b\u00e6redygtige bygninger og spildevandsrensning. Vi tester hele teknologier, enkelte komponenter, prototyper og r\u00e5dgiver dig undervejs.<\/p>\n\n\n\n<p class=\"has-text-align-center\" style=\"font-size:18px\">T\u00f8v ikke, ring til os for at h\u00f8re om mulighederne for et samarbejde med os.<\/p>\n\n\n\n<div class=\"wp-block-buttons is-content-justification-center is-layout-flex wp-container-core-buttons-is-layout-16018d1d wp-block-buttons-is-layout-flex\">\n<div class=\"wp-block-button has-custom-width wp-block-button__width-50 is-style-outline is-style-outline--1\"><a class=\"wp-block-button__link wp-element-button\" href=\"https:\/\/www.folkecenter.net\/da\/contact-us\/\">Kontakt os<\/a><\/div>\n<\/div>\n<\/div><\/div>\n\n\n\n<div style=\"height:50px\" aria-hidden=\"true\" class=\"wp-block-spacer\"><\/div>\n\n\n\n<div class=\"wp-block-columns is-layout-flex wp-container-core-columns-is-layout-9d6595d7 wp-block-columns-is-layout-flex\">\n<div class=\"wp-block-column is-style-default, border, panel is-layout-flow wp-block-column-is-layout-flow\">\n<h3 class=\"wp-block-heading alignwide has-text-align-center\"><strong>VIND<\/strong><\/h3>\n\n\n\n<figure class=\"wp-block-image size-full\"><img loading=\"lazy\" decoding=\"async\" width=\"700\" height=\"700\" src=\"https:\/\/www.folkecenter.net\/wp-content\/uploads\/2024\/08\/1-1.png\" alt=\"\" class=\"wp-image-9808\" style=\"object-fit:cover\" srcset=\"https:\/\/www.folkecenter.net\/wp-content\/uploads\/2024\/08\/1-1.png 700w, https:\/\/www.folkecenter.net\/wp-content\/uploads\/2024\/08\/1-1-300x300.png 300w, https:\/\/www.folkecenter.net\/wp-content\/uploads\/2024\/08\/1-1-150x150.png 150w, https:\/\/www.folkecenter.net\/wp-content\/uploads\/2024\/08\/1-1-12x12.png 12w, https:\/\/www.folkecenter.net\/wp-content\/uploads\/2024\/08\/1-1-600x600.png 600w\" sizes=\"auto, (max-width: 700px) 100vw, 700px\" \/><\/figure>\n\n\n\n<p><\/p>\n\n\n\n<p class=\"has-text-align-center\" style=\"font-size:16px\">Test af n\u00e6ste generations sm\u00e5skala vindenergi. Udstyret med testfaciliteter og mere end 30 \u00e5rs erfaring med at udvikle og designe prototyper og kommercielle produkter, er du og dit projekt i gode h\u00e6nder her.<\/p>\n\n\n\n<div class=\"wp-block-buttons is-content-justification-center is-layout-flex wp-container-core-buttons-is-layout-16018d1d wp-block-buttons-is-layout-flex\">\n<div class=\"wp-block-button has-custom-width wp-block-button__width-100 is-style-outline is-style-outline--2\"><a class=\"wp-block-button__link wp-element-button\" href=\"https:\/\/smallwind.dk\/\" target=\"_blank\" rel=\"noreferrer noopener\">L\u00e6s mere<\/a><\/div>\n<\/div>\n\n\n\n<div style=\"height:10px\" aria-hidden=\"true\" class=\"wp-block-spacer\"><\/div>\n<\/div>\n\n\n\n<div class=\"wp-block-column is-style-default, border, panel is-layout-flow wp-block-column-is-layout-flow\">\n<h3 class=\"wp-block-heading alignwide has-text-align-center\"><strong>SOL<\/strong><\/h3>\n\n\n\n<figure class=\"wp-block-image size-full\"><img loading=\"lazy\" decoding=\"async\" width=\"700\" height=\"700\" src=\"https:\/\/www.folkecenter.net\/wp-content\/uploads\/2024\/08\/SUN.png\" alt=\"\" class=\"wp-image-9865\" srcset=\"https:\/\/www.folkecenter.net\/wp-content\/uploads\/2024\/08\/SUN.png 700w, https:\/\/www.folkecenter.net\/wp-content\/uploads\/2024\/08\/SUN-300x300.png 300w, https:\/\/www.folkecenter.net\/wp-content\/uploads\/2024\/08\/SUN-150x150.png 150w, https:\/\/www.folkecenter.net\/wp-content\/uploads\/2024\/08\/SUN-12x12.png 12w, https:\/\/www.folkecenter.net\/wp-content\/uploads\/2024\/08\/SUN-600x600.png 600w\" sizes=\"auto, (max-width: 700px) 100vw, 700px\" \/><\/figure>\n\n\n\n<p><\/p>\n\n\n\n<p class=\"has-text-align-center\" style=\"font-size:16px\">Vores solpanelteststation blev etableret i 2012 efter anmodning fra Energistyrelsen og har til form\u00e5l at sammenligne ydeevnen af \u200b\u200ben r\u00e6kke solpaneler under virkelige forhold. 20 virksomheder har hver stillet to solpaneler til r\u00e5dighed. Data er offentlig tilg\u00e6ngelige.<\/p>\n\n\n\n<div class=\"wp-block-buttons is-content-justification-center is-layout-flex wp-container-core-buttons-is-layout-16018d1d wp-block-buttons-is-layout-flex\">\n<div class=\"wp-block-button has-custom-width wp-block-button__width-100 is-style-outline is-style-outline--3\"><a class=\"wp-block-button__link wp-element-button\" href=\"https:\/\/www.folkecenter.net\/da\/testing-demonstration\/solar-panel-test-station\/\">L\u00e6s mere<\/a><\/div>\n<\/div>\n\n\n\n<div style=\"height:10px\" aria-hidden=\"true\" class=\"wp-block-spacer\"><\/div>\n<\/div>\n\n\n\n<div class=\"wp-block-column is-style-default, border, panel is-layout-flow wp-block-column-is-layout-flow\">\n<h3 class=\"wp-block-heading alignwide has-text-align-center\"><strong>B\u00d8LGE<\/strong><\/h3>\n\n\n\n<figure class=\"wp-block-image size-full\"><img loading=\"lazy\" decoding=\"async\" width=\"700\" height=\"700\" src=\"https:\/\/www.folkecenter.net\/wp-content\/uploads\/2024\/08\/wave.png\" alt=\"\" class=\"wp-image-9863\" srcset=\"https:\/\/www.folkecenter.net\/wp-content\/uploads\/2024\/08\/wave.png 700w, https:\/\/www.folkecenter.net\/wp-content\/uploads\/2024\/08\/wave-300x300.png 300w, https:\/\/www.folkecenter.net\/wp-content\/uploads\/2024\/08\/wave-150x150.png 150w, https:\/\/www.folkecenter.net\/wp-content\/uploads\/2024\/08\/wave-12x12.png 12w, https:\/\/www.folkecenter.net\/wp-content\/uploads\/2024\/08\/wave-600x600.png 600w\" sizes=\"auto, (max-width: 700px) 100vw, 700px\" \/><\/figure>\n\n\n\n<p><\/p>\n\n\n\n<p class=\"has-text-align-center\" style=\"font-size:16px\">Test din b\u00f8lgeenergiprototype i Nissum Bredning eller i en vandbassin med en b\u00f8lgemaskine, f\u00f8r du uds\u00e6tter den for barske forhold p\u00e5 \u00e5bent hav. Vi st\u00e5r klar til at r\u00e5dgive dig.<\/p>\n\n\n\n<p><\/p>\n\n\n\n<div class=\"wp-block-buttons is-content-justification-center is-layout-flex wp-container-core-buttons-is-layout-16018d1d wp-block-buttons-is-layout-flex\">\n<div class=\"wp-block-button has-custom-width wp-block-button__width-100 is-style-outline is-style-outline--4\"><a class=\"wp-block-button__link wp-element-button\" href=\"https:\/\/www.folkecenter.net\/da\/contact-us\/\">Kontakt os<\/a><\/div>\n<\/div>\n\n\n\n<div style=\"height:10px\" aria-hidden=\"true\" class=\"wp-block-spacer\"><\/div>\n<\/div>\n<\/div>\n\n\n\n<div class=\"wp-block-columns is-layout-flex wp-container-core-columns-is-layout-9d6595d7 wp-block-columns-is-layout-flex\">\n<div class=\"wp-block-column is-style-default, border, panel is-layout-flow wp-block-column-is-layout-flow\">\n<h3 class=\"wp-block-heading alignwide has-text-align-center\"><strong>ENERGILAGRING<\/strong><\/h3>\n\n\n\n<figure class=\"wp-block-image size-full\"><img loading=\"lazy\" decoding=\"async\" width=\"700\" height=\"700\" src=\"https:\/\/www.folkecenter.net\/wp-content\/uploads\/2024\/09\/batterysystems.jpg\" alt=\"\" class=\"wp-image-10428\" srcset=\"https:\/\/www.folkecenter.net\/wp-content\/uploads\/2024\/09\/batterysystems.jpg 700w, https:\/\/www.folkecenter.net\/wp-content\/uploads\/2024\/09\/batterysystems-300x300.jpg 300w, https:\/\/www.folkecenter.net\/wp-content\/uploads\/2024\/09\/batterysystems-150x150.jpg 150w, https:\/\/www.folkecenter.net\/wp-content\/uploads\/2024\/09\/batterysystems-12x12.jpg 12w, https:\/\/www.folkecenter.net\/wp-content\/uploads\/2024\/09\/batterysystems-600x600.jpg 600w\" sizes=\"auto, (max-width: 700px) 100vw, 700px\" \/><\/figure>\n\n\n\n<p><\/p>\n\n\n\n<p class=\"has-text-align-center\" style=\"font-size:16px\">Nordisk Folkecenter har flere energilagringssystemer p\u00e5 stedet, hvor du kan se, r\u00f8re, f\u00f8lge og forst\u00e5 kablingen, samt eventuelt softwareops\u00e6tningen.<\/p>\n\n\n\n<div class=\"wp-block-buttons is-content-justification-center is-layout-flex wp-container-core-buttons-is-layout-16018d1d wp-block-buttons-is-layout-flex\">\n<div class=\"wp-block-button has-custom-width wp-block-button__width-100 is-style-outline is-style-outline--5\"><a class=\"wp-block-button__link wp-element-button\" href=\"https:\/\/www.folkecenter.net\/da\/testing-demonstration\/energy-storage\/\">L\u00e6s mere<\/a><\/div>\n<\/div>\n\n\n\n<div style=\"height:10px\" aria-hidden=\"true\" class=\"wp-block-spacer\"><\/div>\n<\/div>\n\n\n\n<div class=\"wp-block-column is-style-default, border, panel is-layout-flow wp-block-column-is-layout-flow\">\n<h3 class=\"wp-block-heading alignwide has-text-align-center\"><strong>BYGNINGER<\/strong><\/h3>\n\n\n\n<figure class=\"wp-block-image size-full\"><img loading=\"lazy\" decoding=\"async\" width=\"700\" height=\"700\" src=\"https:\/\/www.folkecenter.net\/wp-content\/uploads\/2024\/08\/BUILDINGS.png\" alt=\"\" class=\"wp-image-9866\" style=\"object-fit:cover\" srcset=\"https:\/\/www.folkecenter.net\/wp-content\/uploads\/2024\/08\/BUILDINGS.png 700w, https:\/\/www.folkecenter.net\/wp-content\/uploads\/2024\/08\/BUILDINGS-300x300.png 300w, https:\/\/www.folkecenter.net\/wp-content\/uploads\/2024\/08\/BUILDINGS-150x150.png 150w, https:\/\/www.folkecenter.net\/wp-content\/uploads\/2024\/08\/BUILDINGS-12x12.png 12w, https:\/\/www.folkecenter.net\/wp-content\/uploads\/2024\/08\/BUILDINGS-600x600.png 600w\" sizes=\"auto, (max-width: 700px) 100vw, 700px\" \/><\/figure>\n\n\n\n<p><\/p>\n\n\n\n<p class=\"has-text-align-center\" style=\"font-size:16px\">Vi tester b\u00e6redygtige og energieffektive bygninger og materialer. Halmhus, tiny house, passivhus, huse bygget af genbrugsmaterialer og underjordisk arkitektur st\u00e5r allerede p\u00e5 matriklen, og der er plads til flere.<\/p>\n\n\n\n<div class=\"wp-block-buttons is-content-justification-center is-layout-flex wp-container-core-buttons-is-layout-16018d1d wp-block-buttons-is-layout-flex\">\n<div class=\"wp-block-button has-custom-width wp-block-button__width-100 is-style-outline is-style-outline--6\"><a class=\"wp-block-button__link wp-element-button\" href=\"https:\/\/www.folkecenter.net\/da\/testing-demonstration\/buildings\/\">L\u00e6s mere<\/a><\/div>\n<\/div>\n\n\n\n<div style=\"height:10px\" aria-hidden=\"true\" class=\"wp-block-spacer\"><\/div>\n<\/div>\n\n\n\n<div class=\"wp-block-column is-style-default, border, panel is-layout-flow wp-block-column-is-layout-flow\">\n<h3 class=\"wp-block-heading alignwide has-text-align-center\"><strong>SPILDEVAND<\/strong><\/h3>\n\n\n\n<figure class=\"wp-block-image size-full\"><img loading=\"lazy\" decoding=\"async\" width=\"700\" height=\"700\" src=\"https:\/\/www.folkecenter.net\/wp-content\/uploads\/2024\/08\/WASTE-WATER.png\" alt=\"\" class=\"wp-image-9864\" srcset=\"https:\/\/www.folkecenter.net\/wp-content\/uploads\/2024\/08\/WASTE-WATER.png 700w, https:\/\/www.folkecenter.net\/wp-content\/uploads\/2024\/08\/WASTE-WATER-300x300.png 300w, https:\/\/www.folkecenter.net\/wp-content\/uploads\/2024\/08\/WASTE-WATER-150x150.png 150w, https:\/\/www.folkecenter.net\/wp-content\/uploads\/2024\/08\/WASTE-WATER-12x12.png 12w, https:\/\/www.folkecenter.net\/wp-content\/uploads\/2024\/08\/WASTE-WATER-600x600.png 600w\" sizes=\"auto, (max-width: 700px) 100vw, 700px\" \/><\/figure>\n\n\n\n<p><\/p>\n\n\n\n<p class=\"has-text-align-center\" style=\"font-size:16px\">Rensning af vand er vigtigere end nogensinde \u2013 og vil formentlig fortsat v\u00e6re vigtigt. Vi har fuldt fungerende installationer, som er designet til at behandle \"gr\u00e5t vand\".<\/p>\n\n\n\n<div class=\"wp-block-buttons is-content-justification-center is-layout-flex wp-container-core-buttons-is-layout-16018d1d wp-block-buttons-is-layout-flex\">\n<div class=\"wp-block-button has-custom-width wp-block-button__width-100 is-style-outline is-style-outline--7\"><a class=\"wp-block-button__link wp-element-button\" href=\"https:\/\/www.folkecenter.net\/da\/contact-us\/\">Kontakt os<\/a><\/div>\n<\/div>\n\n\n\n<div style=\"height:10px\" aria-hidden=\"true\" class=\"wp-block-spacer\"><\/div>\n<\/div>\n<\/div>\n\n\n\n<div style=\"height:50px\" aria-hidden=\"true\" class=\"wp-block-spacer\"><\/div>\n\n\n\n<div class=\"wp-block-uagb-inline-notice uagb-inline_notice__align-center uagb-block-eeb696b3\"><button class=\"uagb-notice-close-button\" type=\"button\" aria-label=\"Close\"><\/button><h2 class=\"uagb-notice-title\"><strong>VI TILBYDER<\/strong><\/h2><div class=\"uagb-notice-text\">\n<p class=\"has-text-align-center\" style=\"font-size:20px\">Vil du samarbejde med os om dit vedvarende energiprojekt? Har du brug for nogle r\u00e5d til, hvordan du kommer videre? Eller har du brug for at teste din vedvarende energiteknologi?<br><br>Gennem \u00e5rene har vi konsulteret mange \u00f8koprenourer og gr\u00f8nne sm\u00e5 og mellemstore virksomheder med deres vedvarende energiprojekter; vejledt dem i design, testet teknologier og komponenter, lavet flere markedsanalyser, forretningsstrategier mm.<\/p>\n<\/div><\/div>\n\n\n\n<div style=\"height:30px\" aria-hidden=\"true\" class=\"wp-block-spacer\"><\/div>\n\n\n\n<div class=\"wp-block-buttons is-content-justification-center is-layout-flex wp-container-core-buttons-is-layout-16018d1d wp-block-buttons-is-layout-flex\">\n<div class=\"wp-block-button has-custom-width wp-block-button__width-50 is-style-outline is-style-outline--8\"><a class=\"wp-block-button__link wp-element-button\" href=\"https:\/\/www.folkecenter.net\/da\/collaboration-with-ecopreneurs-and-green-smes\/\">L\u00e6s mere<\/a><\/div>\n<\/div>\n\n\n\n<div style=\"height:50px\" aria-hidden=\"true\" class=\"wp-block-spacer\"><\/div>\n\n\n\n<h2 class=\"wp-block-heading has-text-align-center\"><strong>RELATEREDE ARTIKLER<\/strong><\/h2>\n\n\n\n<div style=\"height:10px\" aria-hidden=\"true\" class=\"wp-block-spacer\"><\/div>\n\n\n<ul class=\"wp-block-latest-posts__list has-dates wp-block-latest-posts\"><li><div class=\"wp-block-latest-posts__featured-image alignleft\"><a href=\"https:\/\/www.folkecenter.net\/da\/the-proceedings-of-the-9th-small-wind-conference-are-now-available\/\" aria-label=\"Pr\u00e6sentationer fra den 9. internationale konference om sm\u00e5 vindm\u00f8ller er nu tilg\u00e6ngelige\"><img loading=\"lazy\" decoding=\"async\" width=\"150\" height=\"150\" src=\"https:\/\/www.folkecenter.net\/wp-content\/uploads\/2024\/10\/DSC_0248-150x150.jpg\" class=\"attachment-thumbnail size-thumbnail wp-post-image\" alt=\"\" style=\"\" srcset=\"https:\/\/www.folkecenter.net\/wp-content\/uploads\/2024\/10\/DSC_0248-150x150.jpg 150w, https:\/\/www.folkecenter.net\/wp-content\/uploads\/2024\/10\/DSC_0248-600x600.jpg 600w\" sizes=\"auto, (max-width: 150px) 100vw, 150px\" \/><\/a><\/div><a class=\"wp-block-latest-posts__post-title\" href=\"https:\/\/www.folkecenter.net\/da\/the-proceedings-of-the-9th-small-wind-conference-are-now-available\/\">Pr\u00e6sentationer fra den 9. internationale konference om sm\u00e5 vindm\u00f8ller er nu tilg\u00e6ngelige<\/a><time datetime=\"2024-10-28T11:50:48+02:00\" class=\"wp-block-latest-posts__post-date\">28 oktober 2024<\/time><div class=\"wp-block-latest-posts__post-excerpt\">Did you miss the 9th International Conference on Small and Medium Wind Energy? Don&#8217;t worry. We made the proceedings from the conference available for you. Read about the speakers and &#8230;<\/div><\/li>\n<li><div class=\"wp-block-latest-posts__featured-image alignleft\"><a href=\"https:\/\/www.folkecenter.net\/da\/9th-international-conference-on-small-medium-wind-energy\/\" aria-label=\"9th International Conference on Small &amp; Medium Wind Energy\"><img loading=\"lazy\" decoding=\"async\" width=\"150\" height=\"150\" src=\"https:\/\/www.folkecenter.net\/wp-content\/uploads\/2024\/10\/DSC_0237-150x150.jpg\" class=\"attachment-thumbnail size-thumbnail wp-post-image\" alt=\"\" style=\"\" srcset=\"https:\/\/www.folkecenter.net\/wp-content\/uploads\/2024\/10\/DSC_0237-150x150.jpg 150w, https:\/\/www.folkecenter.net\/wp-content\/uploads\/2024\/10\/DSC_0237-600x600.jpg 600w\" sizes=\"auto, (max-width: 150px) 100vw, 150px\" \/><\/a><\/div><a class=\"wp-block-latest-posts__post-title\" href=\"https:\/\/www.folkecenter.net\/da\/9th-international-conference-on-small-medium-wind-energy\/\">9. internationale Small Wind konference<\/a><time datetime=\"2024-10-02T13:31:51+02:00\" class=\"wp-block-latest-posts__post-date\">2 oktober 2024<\/time><div class=\"wp-block-latest-posts__post-excerpt\">By Daniele Pagani If you are interested in small wind turbines, you already know why September is an important month for the sector; for the others, it is because it &#8230;<\/div><\/li>\n<li><div class=\"wp-block-latest-posts__featured-image alignleft\"><a href=\"https:\/\/www.folkecenter.net\/da\/nordic-folkecenter-supports-the-project-mills-to-megawatts\/\" aria-label=\"Nordisk Folkecenter st\u00f8tter projektet \u201cMills to Megawatts: A Journey of Wind Energy across Europe\u201d: A Joint Wind History Archive Project\"><img loading=\"lazy\" decoding=\"async\" width=\"150\" height=\"150\" src=\"https:\/\/www.folkecenter.net\/wp-content\/uploads\/2024\/09\/logo-EHD-copy-150x150.jpg\" class=\"attachment-thumbnail size-thumbnail wp-post-image\" alt=\"\" style=\"\" srcset=\"https:\/\/www.folkecenter.net\/wp-content\/uploads\/2024\/09\/logo-EHD-copy-150x150.jpg 150w, https:\/\/www.folkecenter.net\/wp-content\/uploads\/2024\/09\/logo-EHD-copy-300x300.jpg 300w, https:\/\/www.folkecenter.net\/wp-content\/uploads\/2024\/09\/logo-EHD-copy-12x12.jpg 12w, https:\/\/www.folkecenter.net\/wp-content\/uploads\/2024\/09\/logo-EHD-copy.jpg 400w\" sizes=\"auto, (max-width: 150px) 100vw, 150px\" \/><\/a><\/div><a class=\"wp-block-latest-posts__post-title\" href=\"https:\/\/www.folkecenter.net\/da\/nordic-folkecenter-supports-the-project-mills-to-megawatts\/\">Nordisk Folkecenter st\u00f8tter projektet \u201cMills to Megawatts: A Journey of Wind Energy across Europe\u201d: A Joint Wind History Archive Project<\/a><time datetime=\"2024-09-17T10:00:00+02:00\" class=\"wp-block-latest-posts__post-date\">17 september 2024<\/time><div class=\"wp-block-latest-posts__post-excerpt\">En bevilling p\u00e5 10.000 \u20ac er blevet tildelt The Mills Archive Trust og World Wind Energy Association, s\u00e5 de kan udforske muligheder for hele Europa for at bevare og dele ...<\/div><\/li>\n<\/ul>","protected":false},"excerpt":{"rendered":"<p>TEST AND DEMONSTRATION WIND Tests of next-generation small scale wind energy. Equipped with test facilities to test and more than 30 years of experience with developing and designing prototypes and &#8230;<\/p>","protected":false},"author":1,"featured_media":0,"parent":0,"menu_order":0,"comment_status":"closed","ping_status":"closed","template":"","meta":{"_uag_custom_page_level_css":"","footnotes":""},"folder":[50],"class_list":["post-3553","page","type-page","status-publish","hentry"],"uagb_featured_image_src":{"full":false,"thumbnail":false,"medium":false,"medium_large":false,"large":false,"1536x1536":false,"2048x2048":false,"trp-custom-language-flag":false,"mgb-medium":false,"mgb-vertical":false,"mgb-banner":false,"onepress-blog-small":false,"onepress-small":false,"onepress-medium":false},"uagb_author_info":{"display_name":"admin","author_link":"https:\/\/www.folkecenter.net\/da\/author\/admin\/"},"uagb_comment_info":0,"uagb_excerpt":"TEST AND DEMONSTRATION WIND Tests of next-generation small scale wind energy. Equipped with test facilities to test and more than 30 years of experience with developing and designing prototypes and ...","_links":{"self":[{"href":"https:\/\/www.folkecenter.net\/da\/wp-json\/wp\/v2\/pages\/3553","targetHints":{"allow":["GET"]}}],"collection":[{"href":"https:\/\/www.folkecenter.net\/da\/wp-json\/wp\/v2\/pages"}],"about":[{"href":"https:\/\/www.folkecenter.net\/da\/wp-json\/wp\/v2\/types\/page"}],"author":[{"embeddable":true,"href":"https:\/\/www.folkecenter.net\/da\/wp-json\/wp\/v2\/users\/1"}],"replies":[{"embeddable":true,"href":"https:\/\/www.folkecenter.net\/da\/wp-json\/wp\/v2\/comments?post=3553"}],"version-history":[{"count":0,"href":"https:\/\/www.folkecenter.net\/da\/wp-json\/wp\/v2\/pages\/3553\/revisions"}],"wp:attachment":[{"href":"https:\/\/www.folkecenter.net\/da\/wp-json\/wp\/v2\/media?parent=3553"}],"wp:term":[{"taxonomy":"folder","embeddable":true,"href":"https:\/\/www.folkecenter.net\/da\/wp-json\/wp\/v2\/folder?post=3553"}],"curies":[{"name":"wp","href":"https:\/\/api.w.org\/{rel}","templated":true}]}}