{"id":3512,"date":"2022-06-13T12:19:07","date_gmt":"2022-06-13T12:19:07","guid":{"rendered":"https:\/\/www.folkecenter.eu\/Trial-CMS6\/?page_id=3512"},"modified":"2024-09-23T12:53:34","modified_gmt":"2024-09-23T10:53:34","slug":"renewable-energy-training-information","status":"publish","type":"page","link":"https:\/\/www.folkecenter.net\/da\/renewable-energy-training-information\/","title":{"rendered":"Renewable Energy Training &#038; Information"},"content":{"rendered":"<h1 class=\"wp-block-heading has-text-align-center\"><strong>UDDANNELSE OG WORKSHOPS<\/strong><\/h1>\n\n\n\n<div style=\"height:10px\" aria-hidden=\"true\" class=\"wp-block-spacer\"><\/div>\n\n\n\n<div class=\"wp-block-media-text is-stacked-on-mobile\"><figure class=\"wp-block-media-text__media\"><img loading=\"lazy\" decoding=\"async\" width=\"1024\" height=\"683\" src=\"https:\/\/www.folkecenter.net\/wp-content\/uploads\/2024\/07\/3T4A5886-1024x683.jpg\" alt=\"POEASE Final conference\" class=\"wp-image-9487 size-full\" srcset=\"https:\/\/www.folkecenter.net\/wp-content\/uploads\/2024\/07\/3T4A5886-1024x683.jpg 1024w, https:\/\/www.folkecenter.net\/wp-content\/uploads\/2024\/07\/3T4A5886-300x200.jpg 300w, https:\/\/www.folkecenter.net\/wp-content\/uploads\/2024\/07\/3T4A5886-768x512.jpg 768w, https:\/\/www.folkecenter.net\/wp-content\/uploads\/2024\/07\/3T4A5886-1536x1024.jpg 1536w, https:\/\/www.folkecenter.net\/wp-content\/uploads\/2024\/07\/3T4A5886-2048x1365.jpg 2048w, https:\/\/www.folkecenter.net\/wp-content\/uploads\/2024\/07\/3T4A5886-18x12.jpg 18w, https:\/\/www.folkecenter.net\/wp-content\/uploads\/2024\/07\/3T4A5886-600x400.jpg 600w\" sizes=\"auto, (max-width: 1024px) 100vw, 1024px\" \/><\/figure><div class=\"wp-block-media-text__content\">\n<p class=\"has-text-align-center\" style=\"font-size:18px\">Vi tilbyder uddannelse, workshops og aktiviteter beregnet til at im\u00f8dekomme behovene hos nuv\u00e6rende og fremtidige fagfolk inden for vedvarende energi. Uanset om du vil i praktik, l\u00e6re mere om specifikke b\u00e6redygtige fag, eller om din skole skal p\u00e5 udflugt, er Nordisk Folkecenter stedet at tage hen.<\/p>\n\n\n\n<p class=\"has-text-align-center\" style=\"font-size:18px\">Vi arbejder for at holde politikere, beslutningstagere, forbrugergrupper og den brede offentlighed velinformeret om eksisterende viden og erfaringer samt gode tiltag og projekter ved at deltage i m\u00f8der, debatter samt selv arrangere aktiviteter og events.<\/p>\n<\/div><\/div>\n\n\n\n<div style=\"height:50px\" aria-hidden=\"true\" class=\"wp-block-spacer\"><\/div>\n\n\n\n<div class=\"wp-block-columns is-layout-flex wp-container-core-columns-is-layout-9d6595d7 wp-block-columns-is-layout-flex\">\n<div class=\"wp-block-column is-style-default, border, panel is-layout-flow wp-block-column-is-layout-flow\">\n<h3 class=\"wp-block-heading alignwide has-text-align-center\"><strong>TRAINEE<\/strong><\/h3>\n\n\n\n<figure class=\"wp-block-image size-full\"><img loading=\"lazy\" decoding=\"async\" width=\"700\" height=\"700\" src=\"https:\/\/www.folkecenter.net\/wp-content\/uploads\/2024\/08\/4-1.png\" alt=\"\" class=\"wp-image-9811\" style=\"object-fit:cover\" srcset=\"https:\/\/www.folkecenter.net\/wp-content\/uploads\/2024\/08\/4-1.png 700w, https:\/\/www.folkecenter.net\/wp-content\/uploads\/2024\/08\/4-1-300x300.png 300w, https:\/\/www.folkecenter.net\/wp-content\/uploads\/2024\/08\/4-1-150x150.png 150w, https:\/\/www.folkecenter.net\/wp-content\/uploads\/2024\/08\/4-1-12x12.png 12w, https:\/\/www.folkecenter.net\/wp-content\/uploads\/2024\/08\/4-1-600x600.png 600w\" sizes=\"auto, (max-width: 700px) 100vw, 700px\" \/><\/figure>\n\n\n\n<p><\/p>\n\n\n\n<p class=\"has-text-align-center\" style=\"font-size:16px\">Siden 1986 har hundredvis af unge mennesker fra hele verden deltaget i trainee-programmet. Du f\u00e5r teoretisk viden og praktisk erfaring med alle facetter af vedvarende energi, der er relevante for din uddannelse. Desuden f\u00e5r du uforglemmelige \u00f8jeblikke sammen med teamet og de andre trainees.<\/p>\n\n\n\n<div class=\"wp-block-buttons is-content-justification-center is-layout-flex wp-container-core-buttons-is-layout-16018d1d wp-block-buttons-is-layout-flex\">\n<div class=\"wp-block-button has-custom-width wp-block-button__width-50 is-style-outline is-style-outline--1\"><a class=\"wp-block-button__link wp-element-button\" href=\"https:\/\/www.folkecenter.net\/da\/trainee-program\/\">L\u00e6s mere<\/a><\/div>\n<\/div>\n\n\n\n<div style=\"height:10px\" aria-hidden=\"true\" class=\"wp-block-spacer\"><\/div>\n<\/div>\n\n\n\n<div class=\"wp-block-column is-style-default, border, panel is-layout-flow wp-block-column-is-layout-flow\">\n<h3 class=\"wp-block-heading alignwide has-text-align-center\"><strong>VEDVARENDE ENERGI A-\u00c5<\/strong><\/h3>\n\n\n\n<figure class=\"wp-block-image size-full\"><img loading=\"lazy\" decoding=\"async\" width=\"700\" height=\"700\" src=\"https:\/\/www.folkecenter.net\/wp-content\/uploads\/2024\/09\/RE-A-Z.png\" alt=\"\" class=\"wp-image-9984\" srcset=\"https:\/\/www.folkecenter.net\/wp-content\/uploads\/2024\/09\/RE-A-Z.png 700w, https:\/\/www.folkecenter.net\/wp-content\/uploads\/2024\/09\/RE-A-Z-300x300.png 300w, https:\/\/www.folkecenter.net\/wp-content\/uploads\/2024\/09\/RE-A-Z-150x150.png 150w, https:\/\/www.folkecenter.net\/wp-content\/uploads\/2024\/09\/RE-A-Z-12x12.png 12w, https:\/\/www.folkecenter.net\/wp-content\/uploads\/2024\/09\/RE-A-Z-600x600.png 600w\" sizes=\"auto, (max-width: 700px) 100vw, 700px\" \/><\/figure>\n\n\n\n<p><\/p>\n\n\n\n<p class=\"has-text-align-center\" style=\"font-size:16px\">Du bliver undervist i de grundl\u00e6ggende principper inden for de fleste vedvarende energiteknologier. \u00d8nsker du at g\u00e5 mere i dybden med \u00e9t emne, f.eks. bygge en lille vindm\u00f8lle, bygge en solgenerator, LED-teknologi osv., det er ogs\u00e5 en mulighed. Kurserne varer fra to dage op til to uger alt efter dine \u00f8nsker. Oplagt for Erasmus + programmet.<\/p>\n\n\n\n<div class=\"wp-block-buttons is-content-justification-center is-layout-flex wp-container-core-buttons-is-layout-16018d1d wp-block-buttons-is-layout-flex\">\n<div class=\"wp-block-button has-custom-width wp-block-button__width-50 is-style-outline is-style-outline--2\"><a class=\"wp-block-button__link wp-element-button\" href=\"https:\/\/www.folkecenter.net\/da\/tailored-courses\/\">Kurser<\/a><\/div>\n<\/div>\n\n\n\n<div style=\"height:10px\" aria-hidden=\"true\" class=\"wp-block-spacer\"><\/div>\n<\/div>\n\n\n\n<div class=\"wp-block-column is-style-default, border, panel is-layout-flow wp-block-column-is-layout-flow\">\n<h3 class=\"wp-block-heading alignwide has-text-align-center\"><strong>WORKSHOPS<\/strong><\/h3>\n\n\n\n<figure class=\"wp-block-image size-full\"><img loading=\"lazy\" decoding=\"async\" width=\"700\" height=\"700\" src=\"https:\/\/www.folkecenter.net\/wp-content\/uploads\/2024\/09\/WORKSHOPS.png\" alt=\"\" class=\"wp-image-9985\" srcset=\"https:\/\/www.folkecenter.net\/wp-content\/uploads\/2024\/09\/WORKSHOPS.png 700w, https:\/\/www.folkecenter.net\/wp-content\/uploads\/2024\/09\/WORKSHOPS-300x300.png 300w, https:\/\/www.folkecenter.net\/wp-content\/uploads\/2024\/09\/WORKSHOPS-150x150.png 150w, https:\/\/www.folkecenter.net\/wp-content\/uploads\/2024\/09\/WORKSHOPS-12x12.png 12w, https:\/\/www.folkecenter.net\/wp-content\/uploads\/2024\/09\/WORKSHOPS-600x600.png 600w\" sizes=\"auto, (max-width: 700px) 100vw, 700px\" \/><\/figure>\n\n\n\n<p><\/p>\n\n\n\n<p class=\"has-text-align-center\" style=\"font-size:16px\">Overf\u00f8r teori til praksis med dit hoved og h\u00e6nder; og arbejde sammen mod en bedre fremtid med f\u00e6lles viden i din organisation, forening eller virksomhed. Vi tilbyder en bred vifte af workshops om vedvarende energi, SDG'erne og b\u00e6redygtighed.<br><br>Ring til os for at h\u00f8re mere om dine muligheder.<\/p>\n\n\n\n<div class=\"wp-block-buttons is-content-justification-center is-layout-flex wp-container-core-buttons-is-layout-16018d1d wp-block-buttons-is-layout-flex\">\n<div class=\"wp-block-button has-custom-width wp-block-button__width-50 is-style-outline is-style-outline--3\"><a class=\"wp-block-button__link wp-element-button\" href=\"https:\/\/www.folkecenter.net\/da\/contact-us\/\">Kontakt os<\/a><\/div>\n<\/div>\n\n\n\n<div style=\"height:10px\" aria-hidden=\"true\" class=\"wp-block-spacer\"><\/div>\n<\/div>\n<\/div>\n\n\n\n<div class=\"wp-block-columns is-layout-flex wp-container-core-columns-is-layout-9d6595d7 wp-block-columns-is-layout-flex\">\n<div class=\"wp-block-column is-style-default, border, panel is-layout-flow wp-block-column-is-layout-flow\">\n<h3 class=\"wp-block-heading alignwide has-text-align-center\"><strong>WIND CONFERENCE<\/strong><\/h3>\n\n\n\n<figure class=\"wp-block-image size-full\"><img loading=\"lazy\" decoding=\"async\" width=\"700\" height=\"700\" src=\"https:\/\/www.folkecenter.net\/wp-content\/uploads\/2024\/08\/1-1.png\" alt=\"\" class=\"wp-image-9808\" srcset=\"https:\/\/www.folkecenter.net\/wp-content\/uploads\/2024\/08\/1-1.png 700w, https:\/\/www.folkecenter.net\/wp-content\/uploads\/2024\/08\/1-1-300x300.png 300w, https:\/\/www.folkecenter.net\/wp-content\/uploads\/2024\/08\/1-1-150x150.png 150w, https:\/\/www.folkecenter.net\/wp-content\/uploads\/2024\/08\/1-1-12x12.png 12w, https:\/\/www.folkecenter.net\/wp-content\/uploads\/2024\/08\/1-1-600x600.png 600w\" sizes=\"auto, (max-width: 700px) 100vw, 700px\" \/><\/figure>\n\n\n\n<p><\/p>\n\n\n\n<p class=\"has-text-align-center\" style=\"font-size:16px\">Every year Nordic Folkecenter for Renewable Energy, the Danish Test and Resource Centre for Small Wind Turbines and the Danish Association for Small and Medium Wind Turbines hosts an international conference on small wind, where professionals and interested from all over the world gather to discuss and share their knowledge about small and medium wind energy in the world.<\/p>\n\n\n\n<div class=\"wp-block-buttons is-content-justification-center is-layout-flex wp-container-core-buttons-is-layout-16018d1d wp-block-buttons-is-layout-flex\">\n<div class=\"wp-block-button has-custom-width wp-block-button__width-50 is-style-outline is-style-outline--4\"><a class=\"wp-block-button__link wp-element-button\" href=\"https:\/\/www.folkecenter.net\/da\/contact-us\/\">Kontakt os<\/a><\/div>\n<\/div>\n\n\n\n<div style=\"height:10px\" aria-hidden=\"true\" class=\"wp-block-spacer\"><\/div>\n<\/div>\n\n\n\n<div class=\"wp-block-column is-style-default, border, panel is-layout-flow wp-block-column-is-layout-flow\">\n<h3 class=\"wp-block-heading alignwide has-text-align-center\"><strong>EVENTS<\/strong><\/h3>\n\n\n\n<figure class=\"wp-block-image size-full\"><img loading=\"lazy\" decoding=\"async\" width=\"700\" height=\"700\" src=\"https:\/\/www.folkecenter.net\/wp-content\/uploads\/2024\/09\/EVENTS.png\" alt=\"\" class=\"wp-image-9987\" srcset=\"https:\/\/www.folkecenter.net\/wp-content\/uploads\/2024\/09\/EVENTS.png 700w, https:\/\/www.folkecenter.net\/wp-content\/uploads\/2024\/09\/EVENTS-300x300.png 300w, https:\/\/www.folkecenter.net\/wp-content\/uploads\/2024\/09\/EVENTS-150x150.png 150w, https:\/\/www.folkecenter.net\/wp-content\/uploads\/2024\/09\/EVENTS-12x12.png 12w, https:\/\/www.folkecenter.net\/wp-content\/uploads\/2024\/09\/EVENTS-600x600.png 600w\" sizes=\"auto, (max-width: 700px) 100vw, 700px\" \/><\/figure>\n\n\n\n<p><\/p>\n\n\n\n<p class=\"has-text-align-center\" style=\"font-size:16px\">Vi arrangerer en bred vifte af events inden for vedvarende energi og b\u00e6redygtighed. Events for de professionelle i vedvarende energibranchen, events for lokalbefolkningen i Thy, events for hele verden at deltage i, events relateret til vores projekter.<br><br>L\u00e6se om kommende events p\u00e5 vores eventside.<\/p>\n\n\n\n<div class=\"wp-block-buttons is-content-justification-center is-layout-flex wp-container-core-buttons-is-layout-16018d1d wp-block-buttons-is-layout-flex\">\n<div class=\"wp-block-button has-custom-width wp-block-button__width-50 is-style-outline is-style-outline--5\"><a class=\"wp-block-button__link wp-element-button\" href=\"https:\/\/www.folkecenterevents.net\/\">Events<\/a><\/div>\n<\/div>\n\n\n\n<div style=\"height:10px\" aria-hidden=\"true\" class=\"wp-block-spacer\"><\/div>\n<\/div>\n\n\n\n<div class=\"wp-block-column is-style-default, border, panel is-layout-flow wp-block-column-is-layout-flow\">\n<h3 class=\"wp-block-heading alignwide has-text-align-center\"><strong><a href=\"https:\/\/www.folkecenter.net\/da\/green-safari\/\">GR\u00d8N SAFARI<\/a><\/strong><\/h3>\n\n\n\n<figure class=\"wp-block-image size-full\"><a href=\"https:\/\/www.folkecenter.net\/da\/green-safari\/\"><img loading=\"lazy\" decoding=\"async\" width=\"700\" height=\"700\" src=\"https:\/\/www.folkecenter.net\/wp-content\/uploads\/2024\/09\/GRON-SAFARI.png\" alt=\"\" class=\"wp-image-9986\" style=\"object-fit:cover\" srcset=\"https:\/\/www.folkecenter.net\/wp-content\/uploads\/2024\/09\/GRON-SAFARI.png 700w, https:\/\/www.folkecenter.net\/wp-content\/uploads\/2024\/09\/GRON-SAFARI-300x300.png 300w, https:\/\/www.folkecenter.net\/wp-content\/uploads\/2024\/09\/GRON-SAFARI-150x150.png 150w, https:\/\/www.folkecenter.net\/wp-content\/uploads\/2024\/09\/GRON-SAFARI-12x12.png 12w, https:\/\/www.folkecenter.net\/wp-content\/uploads\/2024\/09\/GRON-SAFARI-600x600.png 600w\" sizes=\"auto, (max-width: 700px) 100vw, 700px\" \/><\/a><\/figure>\n\n\n\n<p><\/p>\n\n\n\n<p class=\"has-text-align-center\" style=\"font-size:16px\">Gr\u00f8n Safari er for folkeskoler og b\u00f8rnehaver. Det er et aktivitetsl\u00f8b, som aktiverer b\u00e5de hjernen og kroppen. Og det handler om vores natur, og hvordan vi bedst passer p\u00e5 den. Du f\u00e5r en Safariguide med, og f\u00e5r en masse viden, som du kan tale med for\u00e6ldre og resten af \u200b\u200bskolen\/b\u00f8rnehaven om.<\/p>\n\n\n\n<div class=\"wp-block-buttons is-content-justification-center is-layout-flex wp-container-core-buttons-is-layout-16018d1d wp-block-buttons-is-layout-flex\">\n<div class=\"wp-block-button has-custom-width wp-block-button__width-50 is-style-outline is-style-outline--6\"><a class=\"wp-block-button__link wp-element-button\" href=\"https:\/\/www.folkecenter.net\/da\/contact-us\/\">Kontakt os<\/a><\/div>\n<\/div>\n\n\n\n<div style=\"height:10px\" aria-hidden=\"true\" class=\"wp-block-spacer\"><\/div>\n<\/div>\n<\/div>\n\n\n\n<div style=\"height:30px\" aria-hidden=\"true\" class=\"wp-block-spacer\"><\/div>\n\n\n\n<div class=\"wp-block-media-text is-stacked-on-mobile\"><figure class=\"wp-block-media-text__media\"><img loading=\"lazy\" decoding=\"async\" width=\"1024\" height=\"683\" src=\"https:\/\/www.folkecenter.net\/wp-content\/uploads\/2024\/07\/3T4A5863-1024x683.jpg\" alt=\"POEASE Final conference\" class=\"wp-image-9484 size-full\" srcset=\"https:\/\/www.folkecenter.net\/wp-content\/uploads\/2024\/07\/3T4A5863-1024x683.jpg 1024w, https:\/\/www.folkecenter.net\/wp-content\/uploads\/2024\/07\/3T4A5863-300x200.jpg 300w, https:\/\/www.folkecenter.net\/wp-content\/uploads\/2024\/07\/3T4A5863-768x512.jpg 768w, https:\/\/www.folkecenter.net\/wp-content\/uploads\/2024\/07\/3T4A5863-1536x1024.jpg 1536w, https:\/\/www.folkecenter.net\/wp-content\/uploads\/2024\/07\/3T4A5863-2048x1365.jpg 2048w, https:\/\/www.folkecenter.net\/wp-content\/uploads\/2024\/07\/3T4A5863-18x12.jpg 18w, https:\/\/www.folkecenter.net\/wp-content\/uploads\/2024\/07\/3T4A5863-600x400.jpg 600w\" sizes=\"auto, (max-width: 1024px) 100vw, 1024px\" \/><\/figure><div class=\"wp-block-media-text__content\">\n<h2 class=\"wp-block-heading has-text-align-center\"><strong>INVITER OS<\/strong><\/h2>\n\n\n\n<div style=\"height:20px\" aria-hidden=\"true\" class=\"wp-block-spacer\"><\/div>\n\n\n\n<p class=\"has-text-align-center\" style=\"font-size:20px\">Sharing is caring.<br><br>At dele vores viden og erfaring med alle, der \u00f8nsker at h\u00f8re, er en af \u200b\u200bvores mest v\u00e6rdsatte opgaver.<br><br>Vi m\u00f8der gerne op, on site eller online, n\u00e5r vi inviteres.<br><br>Ring til os eller send en e-mail for at invitere os til dit n\u00e6ste event.<\/p>\n\n\n\n<div style=\"height:20px\" aria-hidden=\"true\" class=\"wp-block-spacer\"><\/div>\n\n\n\n<p><\/p>\n\n\n\n<div class=\"wp-block-buttons is-content-justification-center is-layout-flex wp-container-core-buttons-is-layout-16018d1d wp-block-buttons-is-layout-flex\">\n<div class=\"wp-block-button has-custom-width wp-block-button__width-50 is-style-outline is-style-outline--7\"><a class=\"wp-block-button__link wp-element-button\" href=\"https:\/\/www.folkecenter.net\/da\/contact-us\/\">Kontakt os<\/a><\/div>\n<\/div>\n<\/div><\/div>\n\n\n\n<div style=\"height:50px\" aria-hidden=\"true\" class=\"wp-block-spacer\"><\/div>\n\n\n\n<h2 class=\"wp-block-heading has-text-align-center\"><strong>RELATEREDE ARTIKLER<\/strong><\/h2>\n\n\n\n<div style=\"height:10px\" aria-hidden=\"true\" class=\"wp-block-spacer\"><\/div>\n\n\n<ul class=\"wp-block-latest-posts__list has-dates wp-block-latest-posts\"><li><div class=\"wp-block-latest-posts__featured-image alignleft\"><a href=\"https:\/\/www.folkecenter.net\/da\/workshop-lav-din-egen-baeredygtige-og-energibesparende-julegave\/\" aria-label=\"Workshop: Lav din egen b\u00e6redygtige og energibesparende julegave\"><img loading=\"lazy\" decoding=\"async\" width=\"150\" height=\"150\" src=\"https:\/\/www.folkecenter.net\/wp-content\/uploads\/2024\/10\/20241030_121304-scaled-e1730297198943-150x150.jpg\" class=\"attachment-thumbnail size-thumbnail wp-post-image\" alt=\"\" style=\"\" srcset=\"https:\/\/www.folkecenter.net\/wp-content\/uploads\/2024\/10\/20241030_121304-scaled-e1730297198943-150x150.jpg 150w, https:\/\/www.folkecenter.net\/wp-content\/uploads\/2024\/10\/20241030_121304-scaled-e1730297198943-600x600.jpg 600w\" sizes=\"auto, (max-width: 150px) 100vw, 150px\" \/><\/a><\/div><a class=\"wp-block-latest-posts__post-title\" href=\"https:\/\/www.folkecenter.net\/da\/workshop-lav-din-egen-baeredygtige-og-energibesparende-julegave\/\">Workshop: Lav din egen b\u00e6redygtige og energibesparende julegave<\/a><time datetime=\"2024-10-30T16:34:13+02:00\" class=\"wp-block-latest-posts__post-date\">30 oktober 2024<\/time><div class=\"wp-block-latest-posts__post-excerpt\">Christmas is just around the corner, and everyone is starting to look for Christmas presents for their loved ones. This year you have the opportunity to make and give a &#8230;<\/div><\/li>\n<li><div class=\"wp-block-latest-posts__featured-image alignleft\"><a href=\"https:\/\/www.folkecenter.net\/da\/the-proceedings-of-the-9th-small-wind-conference-are-now-available\/\" aria-label=\"Pr\u00e6sentationer fra den 9. internationale konference om sm\u00e5 vindm\u00f8ller er nu tilg\u00e6ngelige\"><img loading=\"lazy\" decoding=\"async\" width=\"150\" height=\"150\" src=\"https:\/\/www.folkecenter.net\/wp-content\/uploads\/2024\/10\/DSC_0248-150x150.jpg\" class=\"attachment-thumbnail size-thumbnail wp-post-image\" alt=\"\" style=\"\" srcset=\"https:\/\/www.folkecenter.net\/wp-content\/uploads\/2024\/10\/DSC_0248-150x150.jpg 150w, https:\/\/www.folkecenter.net\/wp-content\/uploads\/2024\/10\/DSC_0248-600x600.jpg 600w\" sizes=\"auto, (max-width: 150px) 100vw, 150px\" \/><\/a><\/div><a class=\"wp-block-latest-posts__post-title\" href=\"https:\/\/www.folkecenter.net\/da\/the-proceedings-of-the-9th-small-wind-conference-are-now-available\/\">Pr\u00e6sentationer fra den 9. internationale konference om sm\u00e5 vindm\u00f8ller er nu tilg\u00e6ngelige<\/a><time datetime=\"2024-10-28T11:50:48+02:00\" class=\"wp-block-latest-posts__post-date\">28 oktober 2024<\/time><div class=\"wp-block-latest-posts__post-excerpt\">Did you miss the 9th International Conference on Small and Medium Wind Energy? Don&#8217;t worry. We made the proceedings from the conference available for you. Read about the speakers and &#8230;<\/div><\/li>\n<li><div class=\"wp-block-latest-posts__featured-image alignleft\"><a href=\"https:\/\/www.folkecenter.net\/da\/9th-international-conference-on-small-medium-wind-energy\/\" aria-label=\"9th International Conference on Small &amp; Medium Wind Energy\"><img loading=\"lazy\" decoding=\"async\" width=\"150\" height=\"150\" src=\"https:\/\/www.folkecenter.net\/wp-content\/uploads\/2024\/10\/DSC_0237-150x150.jpg\" class=\"attachment-thumbnail size-thumbnail wp-post-image\" alt=\"\" style=\"\" srcset=\"https:\/\/www.folkecenter.net\/wp-content\/uploads\/2024\/10\/DSC_0237-150x150.jpg 150w, https:\/\/www.folkecenter.net\/wp-content\/uploads\/2024\/10\/DSC_0237-600x600.jpg 600w\" sizes=\"auto, (max-width: 150px) 100vw, 150px\" \/><\/a><\/div><a class=\"wp-block-latest-posts__post-title\" href=\"https:\/\/www.folkecenter.net\/da\/9th-international-conference-on-small-medium-wind-energy\/\">9. internationale Small Wind konference<\/a><time datetime=\"2024-10-02T13:31:51+02:00\" class=\"wp-block-latest-posts__post-date\">2 oktober 2024<\/time><div class=\"wp-block-latest-posts__post-excerpt\">By Daniele Pagani If you are interested in small wind turbines, you already know why September is an important month for the sector; for the others, it is because it &#8230;<\/div><\/li>\n<\/ul>","protected":false},"excerpt":{"rendered":"<p>We offer a wide range of training and education programmes and activities meant to meet the main needs of current and future professionals in the field. <\/p>","protected":false},"author":1,"featured_media":9487,"parent":0,"menu_order":0,"comment_status":"closed","ping_status":"closed","template":"","meta":{"_uag_custom_page_level_css":"","footnotes":""},"folder":[50],"class_list":["post-3512","page","type-page","status-publish","has-post-thumbnail","hentry"],"uagb_featured_image_src":{"full":["https:\/\/www.folkecenter.net\/wp-content\/uploads\/2024\/07\/3T4A5886-scaled.jpg",2560,1707,false],"thumbnail":["https:\/\/www.folkecenter.net\/wp-content\/uploads\/2024\/07\/3T4A5886-150x150.jpg",150,150,true],"medium":["https:\/\/www.folkecenter.net\/wp-content\/uploads\/2024\/07\/3T4A5886-300x200.jpg",300,200,true],"medium_large":["https:\/\/www.folkecenter.net\/wp-content\/uploads\/2024\/07\/3T4A5886-768x512.jpg",768,512,true],"large":["https:\/\/www.folkecenter.net\/wp-content\/uploads\/2024\/07\/3T4A5886-1024x683.jpg",800,534,true],"1536x1536":["https:\/\/www.folkecenter.net\/wp-content\/uploads\/2024\/07\/3T4A5886-1536x1024.jpg",1536,1024,true],"2048x2048":["https:\/\/www.folkecenter.net\/wp-content\/uploads\/2024\/07\/3T4A5886-2048x1365.jpg",2048,1365,true],"trp-custom-language-flag":["https:\/\/www.folkecenter.net\/wp-content\/uploads\/2024\/07\/3T4A5886-18x12.jpg",18,12,true],"mgb-medium":["https:\/\/www.folkecenter.net\/wp-content\/uploads\/2024\/07\/3T4A5886-600x600.jpg",600,600,true],"mgb-vertical":["https:\/\/www.folkecenter.net\/wp-content\/uploads\/2024\/07\/3T4A5886-600x900.jpg",600,900,true],"mgb-banner":["https:\/\/www.folkecenter.net\/wp-content\/uploads\/2024\/07\/3T4A5886-1600x800.jpg",1600,800,true],"onepress-blog-small":["https:\/\/www.folkecenter.net\/wp-content\/uploads\/2024\/07\/3T4A5886-300x150.jpg",300,150,true],"onepress-small":["https:\/\/www.folkecenter.net\/wp-content\/uploads\/2024\/07\/3T4A5886-480x300.jpg",480,300,true],"onepress-medium":["https:\/\/www.folkecenter.net\/wp-content\/uploads\/2024\/07\/3T4A5886-640x400.jpg",640,400,true]},"uagb_author_info":{"display_name":"admin","author_link":"https:\/\/www.folkecenter.net\/da\/author\/admin\/"},"uagb_comment_info":0,"uagb_excerpt":"We offer a wide range of training and education programmes and activities meant to meet the main needs of current and future professionals in the field.","_links":{"self":[{"href":"https:\/\/www.folkecenter.net\/da\/wp-json\/wp\/v2\/pages\/3512","targetHints":{"allow":["GET"]}}],"collection":[{"href":"https:\/\/www.folkecenter.net\/da\/wp-json\/wp\/v2\/pages"}],"about":[{"href":"https:\/\/www.folkecenter.net\/da\/wp-json\/wp\/v2\/types\/page"}],"author":[{"embeddable":true,"href":"https:\/\/www.folkecenter.net\/da\/wp-json\/wp\/v2\/users\/1"}],"replies":[{"embeddable":true,"href":"https:\/\/www.folkecenter.net\/da\/wp-json\/wp\/v2\/comments?post=3512"}],"version-history":[{"count":0,"href":"https:\/\/www.folkecenter.net\/da\/wp-json\/wp\/v2\/pages\/3512\/revisions"}],"wp:featuredmedia":[{"embeddable":true,"href":"https:\/\/www.folkecenter.net\/da\/wp-json\/wp\/v2\/media\/9487"}],"wp:attachment":[{"href":"https:\/\/www.folkecenter.net\/da\/wp-json\/wp\/v2\/media?parent=3512"}],"wp:term":[{"taxonomy":"folder","embeddable":true,"href":"https:\/\/www.folkecenter.net\/da\/wp-json\/wp\/v2\/folder?post=3512"}],"curies":[{"name":"wp","href":"https:\/\/api.w.org\/{rel}","templated":true}]}}