{"id":1396,"date":"2022-05-19T14:17:11","date_gmt":"2022-05-19T14:17:11","guid":{"rendered":"https:\/\/www.folkecenter.eu\/Trial-CMS6\/?page_id=1396"},"modified":"2024-09-23T12:27:54","modified_gmt":"2024-09-23T10:27:54","slug":"tailored-courses","status":"publish","type":"page","link":"https:\/\/www.folkecenter.net\/da\/tailored-courses\/","title":{"rendered":"Skr\u00e6ddersyede kurser"},"content":{"rendered":"<h2 class=\"wp-block-heading has-text-align-center\"><strong>VEDVARENDE ENERGI A-\u00c5<\/strong><\/h2>\n\n\n\n<div style=\"height:10px\" aria-hidden=\"true\" class=\"wp-block-spacer\"><\/div>\n\n\n\n<div class=\"wp-block-media-text is-stacked-on-mobile\"><figure class=\"wp-block-media-text__media\"><img loading=\"lazy\" decoding=\"async\" width=\"1024\" height=\"683\" src=\"https:\/\/www.folkecenter.net\/wp-content\/uploads\/2024\/06\/3T4A6023-1024x683.jpg\" alt=\"\" class=\"wp-image-9472 size-full\" srcset=\"https:\/\/www.folkecenter.net\/wp-content\/uploads\/2024\/06\/3T4A6023-1024x683.jpg 1024w, https:\/\/www.folkecenter.net\/wp-content\/uploads\/2024\/06\/3T4A6023-300x200.jpg 300w, https:\/\/www.folkecenter.net\/wp-content\/uploads\/2024\/06\/3T4A6023-768x512.jpg 768w, https:\/\/www.folkecenter.net\/wp-content\/uploads\/2024\/06\/3T4A6023-1536x1024.jpg 1536w, https:\/\/www.folkecenter.net\/wp-content\/uploads\/2024\/06\/3T4A6023-2048x1365.jpg 2048w, https:\/\/www.folkecenter.net\/wp-content\/uploads\/2024\/06\/3T4A6023-18x12.jpg 18w, https:\/\/www.folkecenter.net\/wp-content\/uploads\/2024\/06\/3T4A6023-600x400.jpg 600w\" sizes=\"auto, (max-width: 1024px) 100vw, 1024px\" \/><\/figure><div class=\"wp-block-media-text__content\">\n<p class=\"has-text-align-center\" style=\"font-size:18px\">Uddannelse er n\u00f8glen til enhver fremtidig udvikling. Derfor tilrettel\u00e6gger vi et bredt udvalg af kurser, som kan v\u00e6re til gavn for b\u00e5de skoler, private og professionelle.<\/p>\n\n\n\n<p class=\"has-text-align-center\" style=\"font-size:18px\">Kurserne kredser alle om vedvarende energiteknologier og kan v\u00e6re mere eller mindre komplicerede i forhold til teori og praksis; det afh\u00e6nger af deltagerne. Det samme g\u00e6lder varigheden af kurset; det kan planl\u00e6gges fra 2 dage til 2 uger.<\/p>\n\n\n\n<p class=\"has-text-align-center\" style=\"font-size:18px\">Kurserne kan tilpasses efter dine \u00f8nsker og interesser, dog f\u00f8lger nogle kurser et pensum.<\/p>\n\n\n\n<div class=\"wp-block-buttons is-content-justification-center is-layout-flex wp-container-core-buttons-is-layout-16018d1d wp-block-buttons-is-layout-flex\">\n<div class=\"wp-block-button has-custom-width wp-block-button__width-50 is-style-outline is-style-outline--1\"><a class=\"wp-block-button__link wp-element-button\" href=\"https:\/\/www.folkecenter.net\/da\/contact-us\/\">Kontakt os<\/a><\/div>\n<\/div>\n<\/div><\/div>\n\n\n\n<div style=\"height:50px\" aria-hidden=\"true\" class=\"wp-block-spacer\"><\/div>\n\n\n\n<div class=\"wp-block-columns alignwide is-layout-flex wp-container-core-columns-is-layout-9d6595d7 wp-block-columns-is-layout-flex\">\n<div class=\"wp-block-column is-layout-flow wp-block-column-is-layout-flow\">\n<div class=\"wp-block-columns is-layout-flex wp-container-core-columns-is-layout-9d6595d7 wp-block-columns-is-layout-flex\">\n<div class=\"wp-block-column panel has-white-background-color has-background is-layout-flow wp-block-column-is-layout-flow\">\n<h3 class=\"wp-block-heading alignwide has-text-align-center\"><strong>A-\u00c5<\/strong><\/h3>\n\n\n\n<figure class=\"wp-block-image size-full\"><img loading=\"lazy\" decoding=\"async\" width=\"700\" height=\"700\" src=\"https:\/\/www.folkecenter.net\/wp-content\/uploads\/2024\/08\/SUN.png\" alt=\"\" class=\"wp-image-9865\" srcset=\"https:\/\/www.folkecenter.net\/wp-content\/uploads\/2024\/08\/SUN.png 700w, https:\/\/www.folkecenter.net\/wp-content\/uploads\/2024\/08\/SUN-300x300.png 300w, https:\/\/www.folkecenter.net\/wp-content\/uploads\/2024\/08\/SUN-150x150.png 150w, https:\/\/www.folkecenter.net\/wp-content\/uploads\/2024\/08\/SUN-12x12.png 12w, https:\/\/www.folkecenter.net\/wp-content\/uploads\/2024\/08\/SUN-600x600.png 600w\" sizes=\"auto, (max-width: 700px) 100vw, 700px\" \/><\/figure>\n\n\n\n<p><\/p>\n\n\n\n<p class=\"has-text-align-center\" style=\"font-size:16px\">Hele alfabetet \u2013 en all around l\u00e6ringsoplevelse. H\u00f8r historien om vedvarende energi, eksperimenter med aerodynamikken p\u00e5 \u200b\u200bvindm\u00f8llevinger (papir og tr\u00e6), f\u00e5 \u200b\u200bsolpanelerne til at f\u00e5 toget til at k\u00f8re fut fut osv. Vi planl\u00e6gger kurset, s\u00e5 det stemmer overens med dine \u00f8nsker.<\/p>\n\n\n\n<p><\/p>\n<\/div>\n\n\n\n<div class=\"wp-block-column panel has-white-background-color has-background is-layout-flow wp-block-column-is-layout-flow\">\n<h3 class=\"wp-block-heading alignwide has-text-align-center\"><strong>VINDKURSUS<\/strong><\/h3>\n\n\n\n<figure class=\"wp-block-image size-full\"><img loading=\"lazy\" decoding=\"async\" width=\"700\" height=\"700\" src=\"https:\/\/www.folkecenter.net\/wp-content\/uploads\/2024\/09\/WIND-COURSE.jpg\" alt=\"\" class=\"wp-image-10048\" srcset=\"https:\/\/www.folkecenter.net\/wp-content\/uploads\/2024\/09\/WIND-COURSE.jpg 700w, https:\/\/www.folkecenter.net\/wp-content\/uploads\/2024\/09\/WIND-COURSE-300x300.jpg 300w, https:\/\/www.folkecenter.net\/wp-content\/uploads\/2024\/09\/WIND-COURSE-150x150.jpg 150w, https:\/\/www.folkecenter.net\/wp-content\/uploads\/2024\/09\/WIND-COURSE-12x12.jpg 12w, https:\/\/www.folkecenter.net\/wp-content\/uploads\/2024\/09\/WIND-COURSE-600x600.jpg 600w\" sizes=\"auto, (max-width: 700px) 100vw, 700px\" \/><\/figure>\n\n\n\n<p><\/p>\n\n\n\n<p class=\"has-text-align-center\" style=\"font-size:16px\">Vil du bl\u00e6ses bagover?<br>Vi har forskellige slags vindkurser af forskellig varighed.<br>Byg din egen vindm\u00f8lle, l\u00e6r teorien og test den eller oplev vindens historie i Danmark p\u00e5 vores Vindmuseum.<\/p>\n\n\n\n<p><\/p>\n<\/div>\n<\/div>\n<\/div>\n\n\n\n<div class=\"wp-block-column is-layout-flow wp-block-column-is-layout-flow\">\n<div class=\"wp-block-columns is-layout-flex wp-container-core-columns-is-layout-9d6595d7 wp-block-columns-is-layout-flex\">\n<div class=\"wp-block-column panel has-white-background-color has-background is-layout-flow wp-block-column-is-layout-flow\">\n<h3 class=\"wp-block-heading alignwide has-text-align-center\"><strong>ENERGILAGRING<\/strong><\/h3>\n\n\n\n<figure class=\"wp-block-image size-full\"><img loading=\"lazy\" decoding=\"async\" width=\"700\" height=\"700\" src=\"https:\/\/www.folkecenter.net\/wp-content\/uploads\/2024\/09\/batterysystems.jpg\" alt=\"\" class=\"wp-image-10428\" srcset=\"https:\/\/www.folkecenter.net\/wp-content\/uploads\/2024\/09\/batterysystems.jpg 700w, https:\/\/www.folkecenter.net\/wp-content\/uploads\/2024\/09\/batterysystems-300x300.jpg 300w, https:\/\/www.folkecenter.net\/wp-content\/uploads\/2024\/09\/batterysystems-150x150.jpg 150w, https:\/\/www.folkecenter.net\/wp-content\/uploads\/2024\/09\/batterysystems-12x12.jpg 12w, https:\/\/www.folkecenter.net\/wp-content\/uploads\/2024\/09\/batterysystems-600x600.jpg 600w\" sizes=\"auto, (max-width: 700px) 100vw, 700px\" \/><\/figure>\n\n\n\n<p><\/p>\n\n\n\n<p class=\"has-text-align-center\" style=\"font-size:16px\">Nordisk Folkecenter har flere energilagringssystemer p\u00e5 stedet, hvor du kan se, r\u00f8re, f\u00f8lge og forst\u00e5 kablingen, samt eventuelt softwareops\u00e6tningen.<br>Installationerne omfatter solpaneler, vindm\u00f8ller, batterier, batteriopladere, invertere mm.<\/p>\n\n\n\n<p class=\"has-text-align-center\" style=\"font-size:16px\"><\/p>\n\n\n\n<p><\/p>\n<\/div>\n\n\n\n<div class=\"wp-block-column panel has-white-background-color has-background is-layout-flow wp-block-column-is-layout-flow\">\n<h3 class=\"wp-block-heading alignwide has-text-align-center\"><strong>SOLGENERATOR<\/strong><\/h3>\n\n\n\n<figure class=\"wp-block-image size-full\"><img loading=\"lazy\" decoding=\"async\" width=\"700\" height=\"700\" src=\"https:\/\/www.folkecenter.net\/wp-content\/uploads\/2024\/09\/SUN-GENERATOR.jpg\" alt=\"\" class=\"wp-image-10049\" style=\"object-fit:cover\" srcset=\"https:\/\/www.folkecenter.net\/wp-content\/uploads\/2024\/09\/SUN-GENERATOR.jpg 700w, https:\/\/www.folkecenter.net\/wp-content\/uploads\/2024\/09\/SUN-GENERATOR-300x300.jpg 300w, https:\/\/www.folkecenter.net\/wp-content\/uploads\/2024\/09\/SUN-GENERATOR-150x150.jpg 150w, https:\/\/www.folkecenter.net\/wp-content\/uploads\/2024\/09\/SUN-GENERATOR-12x12.jpg 12w, https:\/\/www.folkecenter.net\/wp-content\/uploads\/2024\/09\/SUN-GENERATOR-600x600.jpg 600w\" sizes=\"auto, (max-width: 700px) 100vw, 700px\" \/><\/figure>\n\n\n\n<p><\/p>\n\n\n\n<p class=\"has-text-align-center\" style=\"font-size:16px\">Dette kursus er for folk med en eller anden form for viden om at bygge elektronik. Resultatet af kurset er, at du bliver i stand til at bruge den energi, der produceres af solcellepaneler direkte, uden batteri eller tilslutning til el-nettet.<\/p>\n<\/div>\n<\/div>\n<\/div>\n<\/div>\n\n\n\n<div class=\"wp-block-columns alignwide is-layout-flex wp-container-core-columns-is-layout-9d6595d7 wp-block-columns-is-layout-flex\">\n<div class=\"wp-block-column is-layout-flow wp-block-column-is-layout-flow\">\n<div class=\"wp-block-columns is-layout-flex wp-container-core-columns-is-layout-9d6595d7 wp-block-columns-is-layout-flex\">\n<div class=\"wp-block-column is-layout-flow wp-block-column-is-layout-flow\">\n<h3 class=\"wp-block-heading alignwide has-text-align-center\"><strong>LED LYS<\/strong><\/h3>\n\n\n\n<figure class=\"wp-block-image size-full\"><img loading=\"lazy\" decoding=\"async\" width=\"700\" height=\"700\" src=\"https:\/\/www.folkecenter.net\/wp-content\/uploads\/2024\/09\/LIGHT.jpg\" alt=\"\" class=\"wp-image-10050\" srcset=\"https:\/\/www.folkecenter.net\/wp-content\/uploads\/2024\/09\/LIGHT.jpg 700w, https:\/\/www.folkecenter.net\/wp-content\/uploads\/2024\/09\/LIGHT-300x300.jpg 300w, https:\/\/www.folkecenter.net\/wp-content\/uploads\/2024\/09\/LIGHT-150x150.jpg 150w, https:\/\/www.folkecenter.net\/wp-content\/uploads\/2024\/09\/LIGHT-12x12.jpg 12w, https:\/\/www.folkecenter.net\/wp-content\/uploads\/2024\/09\/LIGHT-600x600.jpg 600w\" sizes=\"auto, (max-width: 700px) 100vw, 700px\" \/><\/figure>\n\n\n\n<p><\/p>\n\n\n\n<p class=\"has-text-align-center\" style=\"font-size:16px\">Lad os lyse verden op.<br>Et introduktionskursus om LED-teknologi, fra design til implementering. Med dette kursus f\u00e5r du den viden og teori, der er n\u00f8dvendig for at udvikle et billigt og p\u00e5lideligt belysningssystem, der kan drives af en lille powerbank.<\/p>\n\n\n\n<p class=\"has-text-align-center\" style=\"font-size:16px\"><\/p>\n\n\n\n<p><\/p>\n<\/div>\n\n\n\n<div class=\"wp-block-column panel is-layout-flow wp-block-column-is-layout-flow\">\n<h3 class=\"wp-block-heading alignwide has-text-align-center\"><strong>ERASMUS+<\/strong><\/h3>\n\n\n\n<figure class=\"wp-block-image size-full\"><img loading=\"lazy\" decoding=\"async\" width=\"700\" height=\"700\" src=\"https:\/\/www.folkecenter.net\/wp-content\/uploads\/2024\/09\/A-Z.jpg\" alt=\"\" class=\"wp-image-10047\" srcset=\"https:\/\/www.folkecenter.net\/wp-content\/uploads\/2024\/09\/A-Z.jpg 700w, https:\/\/www.folkecenter.net\/wp-content\/uploads\/2024\/09\/A-Z-300x300.jpg 300w, https:\/\/www.folkecenter.net\/wp-content\/uploads\/2024\/09\/A-Z-150x150.jpg 150w, https:\/\/www.folkecenter.net\/wp-content\/uploads\/2024\/09\/A-Z-12x12.jpg 12w, https:\/\/www.folkecenter.net\/wp-content\/uploads\/2024\/09\/A-Z-600x600.jpg 600w\" sizes=\"auto, (max-width: 700px) 100vw, 700px\" \/><\/figure>\n\n\n\n<p><\/p>\n\n\n\n<p class=\"has-text-align-center\" style=\"font-size:16px\">Vi betragter Erasmus+-programmet som et godt v\u00e6rkt\u00f8j for studerende til at\nkombinere deres behov for at l\u00e6re tekniske begreber med deres lyst til, at opdage nye kulturer. Af denne grund er vi v\u00e6rt for b\u00e5de individuelle studerende og hele klasser hvert \u00e5r, og vi l\u00e6rer dem vigtigheden af vedvarende energi.<\/p>\n\n\n\n<p><\/p>\n\n\n\n<p><\/p>\n<\/div>\n<\/div>\n\n\n\n<div class=\"wp-block-columns is-layout-flex wp-container-core-columns-is-layout-9d6595d7 wp-block-columns-is-layout-flex\">\n<div class=\"wp-block-column is-layout-flow wp-block-column-is-layout-flow\">\n<p><\/p>\n<\/div>\n\n\n\n<div class=\"wp-block-column is-layout-flow wp-block-column-is-layout-flow\"><\/div>\n<\/div>\n<\/div>\n\n\n\n<div class=\"wp-block-column is-layout-flow wp-block-column-is-layout-flow\">\n<div class=\"wp-block-columns is-layout-flex wp-container-core-columns-is-layout-9d6595d7 wp-block-columns-is-layout-flex\">\n<div class=\"wp-block-column panel has-white-background-color has-background is-layout-flow wp-block-column-is-layout-flow\">\n<h3 class=\"wp-block-heading alignwide has-text-align-center\"><strong>UDFLUGTER<\/strong><\/h3>\n\n\n\n<figure class=\"wp-block-image size-full\"><img loading=\"lazy\" decoding=\"async\" width=\"700\" height=\"700\" src=\"https:\/\/www.folkecenter.net\/wp-content\/uploads\/2024\/09\/FIELD-TRIPS.jpg\" alt=\"\" class=\"wp-image-10065\" srcset=\"https:\/\/www.folkecenter.net\/wp-content\/uploads\/2024\/09\/FIELD-TRIPS.jpg 700w, https:\/\/www.folkecenter.net\/wp-content\/uploads\/2024\/09\/FIELD-TRIPS-300x300.jpg 300w, https:\/\/www.folkecenter.net\/wp-content\/uploads\/2024\/09\/FIELD-TRIPS-150x150.jpg 150w, https:\/\/www.folkecenter.net\/wp-content\/uploads\/2024\/09\/FIELD-TRIPS-12x12.jpg 12w, https:\/\/www.folkecenter.net\/wp-content\/uploads\/2024\/09\/FIELD-TRIPS-600x600.jpg 600w\" sizes=\"auto, (max-width: 700px) 100vw, 700px\" \/><\/figure>\n\n\n\n<p><\/p>\n\n\n\n<p class=\"has-text-align-center\" style=\"font-size:16px\">Nordisk Folkecenter ligger i \u00f8vrigt i et omr\u00e5de kendt som \u201dden gr\u00f8nne cirkel\u201d, hvor et stort flertal af kommercielle vedvarende energianl\u00e6g kan bes\u00f8ges. Fra forskellige typer fjernvarme til de st\u00f8rste vindm\u00f8ller i verden, der passerer gennem brintinstallationer og geotermisk teknologi etc. alt indenfor ret kort afstand.<\/p>\n\n\n\n<p><\/p>\n<\/div>\n\n\n\n<div class=\"wp-block-column panel has-white-background-color has-background is-layout-flow wp-block-column-is-layout-flow\">\n<h3 class=\"wp-block-heading alignwide has-text-align-center\"><strong>VERDENSM\u00c5L<\/strong><\/h3>\n\n\n\n<figure class=\"wp-block-image size-full\"><img loading=\"lazy\" decoding=\"async\" width=\"700\" height=\"700\" src=\"https:\/\/www.folkecenter.net\/wp-content\/uploads\/2024\/09\/SDG.jpg\" alt=\"\" class=\"wp-image-10075\" srcset=\"https:\/\/www.folkecenter.net\/wp-content\/uploads\/2024\/09\/SDG.jpg 700w, https:\/\/www.folkecenter.net\/wp-content\/uploads\/2024\/09\/SDG-300x300.jpg 300w, https:\/\/www.folkecenter.net\/wp-content\/uploads\/2024\/09\/SDG-150x150.jpg 150w, https:\/\/www.folkecenter.net\/wp-content\/uploads\/2024\/09\/SDG-12x12.jpg 12w, https:\/\/www.folkecenter.net\/wp-content\/uploads\/2024\/09\/SDG-600x600.jpg 600w\" sizes=\"auto, (max-width: 700px) 100vw, 700px\" \/><\/figure>\n\n\n\n<p><\/p>\n\n\n\n<p class=\"has-text-align-center\" style=\"font-size:16px\">M\u00e5l for B\u00e6redygtig Udvikling, eller Verdensm\u00e5lene som de kaldes mest, er en \"delt plan for fred og velstand for mennesker og planeten, nu og i fremtiden.\" Men hvordan arbejder man med de 17 Verdensm\u00e5l i praksis? Og hvordan kan de bringe v\u00e6rdi ind i din organisation\/virksomhed? Det er nogle af de sp\u00f8rgsm\u00e5l, du kan f\u00e5 svar p\u00e5, hvis du booker en Verdensm\u00e5ls-workshop.<\/p>\n\n\n\n<p><\/p>\n\n\n\n<p><\/p>\n<\/div>\n<\/div>\n<\/div>\n<\/div>","protected":false},"excerpt":{"rendered":"<p>RENEWABLE ENERGY A-Z A-Z Get the whole alphabet &#8211; an all around learning experience. Learn the history of renewable energy, experiment with the aerodynamics of wind turbine blades (paper and &#8230;<\/p>","protected":false},"author":1,"featured_media":0,"parent":0,"menu_order":0,"comment_status":"closed","ping_status":"closed","template":"","meta":{"_uag_custom_page_level_css":"","footnotes":""},"folder":[50],"class_list":["post-1396","page","type-page","status-publish","hentry"],"uagb_featured_image_src":{"full":false,"thumbnail":false,"medium":false,"medium_large":false,"large":false,"1536x1536":false,"2048x2048":false,"trp-custom-language-flag":false,"mgb-medium":false,"mgb-vertical":false,"mgb-banner":false,"onepress-blog-small":false,"onepress-small":false,"onepress-medium":false},"uagb_author_info":{"display_name":"admin","author_link":"https:\/\/www.folkecenter.net\/da\/author\/admin\/"},"uagb_comment_info":0,"uagb_excerpt":"RENEWABLE ENERGY A-Z A-Z Get the whole alphabet &#8211; an all around learning experience. Learn the history of renewable energy, experiment with the aerodynamics of wind turbine blades (paper and ...","_links":{"self":[{"href":"https:\/\/www.folkecenter.net\/da\/wp-json\/wp\/v2\/pages\/1396","targetHints":{"allow":["GET"]}}],"collection":[{"href":"https:\/\/www.folkecenter.net\/da\/wp-json\/wp\/v2\/pages"}],"about":[{"href":"https:\/\/www.folkecenter.net\/da\/wp-json\/wp\/v2\/types\/page"}],"author":[{"embeddable":true,"href":"https:\/\/www.folkecenter.net\/da\/wp-json\/wp\/v2\/users\/1"}],"replies":[{"embeddable":true,"href":"https:\/\/www.folkecenter.net\/da\/wp-json\/wp\/v2\/comments?post=1396"}],"version-history":[{"count":0,"href":"https:\/\/www.folkecenter.net\/da\/wp-json\/wp\/v2\/pages\/1396\/revisions"}],"wp:attachment":[{"href":"https:\/\/www.folkecenter.net\/da\/wp-json\/wp\/v2\/media?parent=1396"}],"wp:term":[{"taxonomy":"folder","embeddable":true,"href":"https:\/\/www.folkecenter.net\/da\/wp-json\/wp\/v2\/folder?post=1396"}],"curies":[{"name":"wp","href":"https:\/\/api.w.org\/{rel}","templated":true}]}}