{"id":1394,"date":"2022-05-19T14:17:00","date_gmt":"2022-05-19T14:17:00","guid":{"rendered":"https:\/\/www.folkecenter.eu\/Trial-CMS6\/?page_id=1394"},"modified":"2024-09-23T12:25:01","modified_gmt":"2024-09-23T10:25:01","slug":"guided-tours","status":"publish","type":"page","link":"https:\/\/www.folkecenter.net\/da\/guided-tours\/","title":{"rendered":"Rundvisninger"},"content":{"rendered":"<h1 class=\"wp-block-heading has-text-align-center\"><strong>RUNDVISNINGER<\/strong><\/h1>\n\n\n\n<div style=\"height:10px\" aria-hidden=\"true\" class=\"wp-block-spacer\"><\/div>\n\n\n\n<div class=\"wp-block-media-text is-stacked-on-mobile\"><figure class=\"wp-block-media-text__media\"><img loading=\"lazy\" decoding=\"async\" width=\"1024\" height=\"683\" src=\"https:\/\/www.folkecenter.net\/wp-content\/uploads\/2024\/06\/3T4A5997-1024x683.jpg\" alt=\"\" class=\"wp-image-9466 size-full\" srcset=\"https:\/\/www.folkecenter.net\/wp-content\/uploads\/2024\/06\/3T4A5997-1024x683.jpg 1024w, https:\/\/www.folkecenter.net\/wp-content\/uploads\/2024\/06\/3T4A5997-300x200.jpg 300w, https:\/\/www.folkecenter.net\/wp-content\/uploads\/2024\/06\/3T4A5997-768x512.jpg 768w, https:\/\/www.folkecenter.net\/wp-content\/uploads\/2024\/06\/3T4A5997-1536x1024.jpg 1536w, https:\/\/www.folkecenter.net\/wp-content\/uploads\/2024\/06\/3T4A5997-2048x1365.jpg 2048w, https:\/\/www.folkecenter.net\/wp-content\/uploads\/2024\/06\/3T4A5997-18x12.jpg 18w, https:\/\/www.folkecenter.net\/wp-content\/uploads\/2024\/06\/3T4A5997-600x400.jpg 600w\" sizes=\"auto, (max-width: 1024px) 100vw, 1024px\" \/><\/figure><div class=\"wp-block-media-text__content\">\n<p class=\"has-text-align-center\" style=\"font-size:18px\">Siden grundl\u00e6ggelsen har Nordisk Folkecenter v\u00e6ret et \"must-stop\" for alle mennesker, der arbejder med eller blot interesserer sig for vedvarende energi og b\u00e6redygtig udvikling. N\u00e5r du kigger forbi vil du opleve naturen blandet med installationer, prototyper, b\u00e6redygtige bygninger, historiske artefakter og k\u00e6mpe insekter.<\/p>\n\n\n\n<p class=\"has-text-align-center\" style=\"font-size:18px\">Der er forskellige m\u00e5der at opleve Nordisk Folkecenter for Vedvarende Energi p\u00e5; du kan v\u00e6lge at g\u00e5 rundt p\u00e5 egen h\u00e5nd - der er skilte, og du kan f\u00e5 udleveret et kort over matriklen; eller du kan ringe p\u00e5 forh\u00e5nd og bestille en rundvisning, hvor en af \u200b\u200bde ansatte viser dig rundt. En guidet tur kan have et specifikt fokus, du skal blot fort\u00e6lle os det, n\u00e5r du ringer for at bestille.<\/p>\n\n\n\n<div class=\"wp-block-buttons is-content-justification-center is-layout-flex wp-container-core-buttons-is-layout-16018d1d wp-block-buttons-is-layout-flex\">\n<div class=\"wp-block-button has-custom-width wp-block-button__width-50 is-style-outline is-style-outline--1\"><a class=\"wp-block-button__link wp-element-button\" href=\"https:\/\/www.folkecenter.net\/da\/contact-us\/\">Kontakt os<\/a><\/div>\n<\/div>\n<\/div><\/div>\n\n\n\n<div style=\"height:20px\" aria-hidden=\"true\" class=\"wp-block-spacer\"><\/div>\n\n\n\n<div class=\"wp-block-columns is-layout-flex wp-container-core-columns-is-layout-9d6595d7 wp-block-columns-is-layout-flex\">\n<div class=\"wp-block-column is-layout-flow wp-block-column-is-layout-flow\">\n<h2 class=\"wp-block-heading has-text-align-center\"><strong>PRISER<\/strong><\/h2>\n\n\n\n<figure class=\"wp-block-table is-style-stripes\" style=\"font-size:16px\"><table><tbody><tr><td>Indgangsbillet \/ person<\/td><td>30 DKK (4 \u20ac)<\/td><\/tr><tr><td>Indgangsbillet (&lt;14 \u00e5r)<\/td><td>0 DKK<\/td><\/tr><tr><td>Guidede rundvisninger<\/td><td>500 DKK +<br>30 DKK\/person<\/td><\/tr><tr><td>Autocampere, pr. nat, inkl. indgangsbillet \/ k\u00f8ret\u00f8j<\/td><td>75 DKK (10 \u20ac)<\/td><\/tr><\/tbody><\/table><\/figure>\n<\/div>\n\n\n\n<div class=\"wp-block-column is-layout-flow wp-block-column-is-layout-flow\">\n<h2 class=\"wp-block-heading has-text-align-center\"><strong>\u00c5BNINGSTIDER<\/strong><\/h2>\n\n\n\n<figure class=\"wp-block-table is-style-stripes\" style=\"font-size:16px\"><table><tbody><tr><td>Mandag - torsdag<\/td><td>8.00-16.00<\/td><\/tr><tr><td>Fredag, l\u00f8rdag og s\u00f8ndag<\/td><td>Efter aftale<\/td><\/tr><\/tbody><\/table><\/figure>\n<\/div>\n<\/div>\n\n\n\n<div style=\"height:50px\" aria-hidden=\"true\" class=\"wp-block-spacer\"><\/div>\n\n\n\n<h2 class=\"wp-block-heading has-text-align-center\"><strong>RELATEREDE ARTIKLER<\/strong><\/h2>\n\n\n\n<div style=\"height:10px\" aria-hidden=\"true\" class=\"wp-block-spacer\"><\/div>\n\n\n<ul class=\"wp-block-latest-posts__list has-dates wp-block-latest-posts\"><li><div class=\"wp-block-latest-posts__featured-image alignleft\"><a href=\"https:\/\/www.folkecenter.net\/da\/vacations-in-nordic-folkecenter-yes-it-is-possible\/\" aria-label=\"Ferie p\u00e5 Nordisk Folkecenter? Ja, det er muligt\"><img loading=\"lazy\" decoding=\"async\" width=\"150\" height=\"150\" src=\"https:\/\/www.folkecenter.net\/wp-content\/uploads\/2024\/08\/IMG-20240724-WA0019-150x150.jpg\" class=\"attachment-thumbnail size-thumbnail wp-post-image\" alt=\"Ella Krogh Trillingsgaard and Rikke Birkkj\u00e6r Hoeg, volunteers in Folkecenter\" style=\"\" srcset=\"https:\/\/www.folkecenter.net\/wp-content\/uploads\/2024\/08\/IMG-20240724-WA0019-150x150.jpg 150w, https:\/\/www.folkecenter.net\/wp-content\/uploads\/2024\/08\/IMG-20240724-WA0019-600x600.jpg 600w\" sizes=\"auto, (max-width: 150px) 100vw, 150px\" \/><\/a><\/div><a class=\"wp-block-latest-posts__post-title\" href=\"https:\/\/www.folkecenter.net\/da\/vacations-in-nordic-folkecenter-yes-it-is-possible\/\">Ferie p\u00e5 Nordisk Folkecenter? Ja, det er muligt<\/a><time datetime=\"2024-08-05T11:58:18+02:00\" class=\"wp-block-latest-posts__post-date\">5 august 2024<\/time><div class=\"wp-block-latest-posts__post-excerpt\">If you follow our profiles on social media you probably saw some days ago some pictures about two unknown girls in Nordic Folkecenter.<\/div><\/li>\n<li><a class=\"wp-block-latest-posts__post-title\" href=\"https:\/\/www.folkecenter.net\/da\/30-halinspektorer-pa-rundvisning-og-baeredygtighedskursus\/\">30 halinspekt\u00f8rer p\u00e5 rundvisning og b\u00e6redygtighedskursus<\/a><time datetime=\"2023-10-06T09:45:34+02:00\" class=\"wp-block-latest-posts__post-date\">6 oktober 2023<\/time><div class=\"wp-block-latest-posts__post-excerpt\">I slutningen af september var 30 medlemmer af Halinspekt\u00f8rforeningen p\u00e5 tre dages Green Sport Facility ERFA-m\u00f8de i Thy. De lagde ud med en workshop om FN\u2019s verdensm\u00e5l, som Nordisk Folkecenter &#8230;<\/div><\/li>\n<li><a class=\"wp-block-latest-posts__post-title\" href=\"https:\/\/www.folkecenter.net\/da\/folkerigsdag-pa-nordisk-folkecenter\/\">Folkerigsdag p\u00e5 Nordisk Folkecenter<\/a><time datetime=\"2023-08-28T09:38:58+02:00\" class=\"wp-block-latest-posts__post-date\">28 august 2023<\/time><div class=\"wp-block-latest-posts__post-excerpt\">Foreningen Frit Norden afholdte i weekenden Folkerigsdag p\u00e5 Nordisk Folkecenter. De &#8220;perfekte rammer for en konference&#8221;, som de udtrykte det, med vores konferencecenter og smukke omgivelser. Temaerne var energidemokrati og &#8230;<\/div><\/li>\n<\/ul>","protected":false},"excerpt":{"rendered":"<p>GUIDED TOURS PRICES Entrance (self-guided) \/ person 30 DKK (4 \u20ac) Entrance (&lt;14 years) 0 DKK Guided tours 500 DKK +30 DKK\/person Autocampers, per night, incl. entrance \/ vehicle 75 &#8230;<\/p>","protected":false},"author":1,"featured_media":0,"parent":0,"menu_order":0,"comment_status":"closed","ping_status":"closed","template":"","meta":{"_uag_custom_page_level_css":"","footnotes":""},"folder":[50],"class_list":["post-1394","page","type-page","status-publish","hentry"],"uagb_featured_image_src":{"full":false,"thumbnail":false,"medium":false,"medium_large":false,"large":false,"1536x1536":false,"2048x2048":false,"trp-custom-language-flag":false,"mgb-medium":false,"mgb-vertical":false,"mgb-banner":false,"onepress-blog-small":false,"onepress-small":false,"onepress-medium":false},"uagb_author_info":{"display_name":"admin","author_link":"https:\/\/www.folkecenter.net\/da\/author\/admin\/"},"uagb_comment_info":0,"uagb_excerpt":"GUIDED TOURS PRICES Entrance (self-guided) \/ person 30 DKK (4 \u20ac) Entrance (&lt;14 years) 0 DKK Guided tours 500 DKK +30 DKK\/person Autocampers, per night, incl. entrance \/ vehicle 75 ...","_links":{"self":[{"href":"https:\/\/www.folkecenter.net\/da\/wp-json\/wp\/v2\/pages\/1394","targetHints":{"allow":["GET"]}}],"collection":[{"href":"https:\/\/www.folkecenter.net\/da\/wp-json\/wp\/v2\/pages"}],"about":[{"href":"https:\/\/www.folkecenter.net\/da\/wp-json\/wp\/v2\/types\/page"}],"author":[{"embeddable":true,"href":"https:\/\/www.folkecenter.net\/da\/wp-json\/wp\/v2\/users\/1"}],"replies":[{"embeddable":true,"href":"https:\/\/www.folkecenter.net\/da\/wp-json\/wp\/v2\/comments?post=1394"}],"version-history":[{"count":0,"href":"https:\/\/www.folkecenter.net\/da\/wp-json\/wp\/v2\/pages\/1394\/revisions"}],"wp:attachment":[{"href":"https:\/\/www.folkecenter.net\/da\/wp-json\/wp\/v2\/media?parent=1394"}],"wp:term":[{"taxonomy":"folder","embeddable":true,"href":"https:\/\/www.folkecenter.net\/da\/wp-json\/wp\/v2\/folder?post=1394"}],"curies":[{"name":"wp","href":"https:\/\/api.w.org\/{rel}","templated":true}]}}