{"id":11384,"date":"2026-03-09T18:51:41","date_gmt":"2026-03-09T16:51:41","guid":{"rendered":"https:\/\/www.folkecenter.net\/?page_id=11384"},"modified":"2026-03-09T19:01:13","modified_gmt":"2026-03-09T17:01:13","slug":"nordwetcap","status":"publish","type":"page","link":"https:\/\/www.folkecenter.net\/da\/projects\/nordwetcap\/","title":{"rendered":"NordWetCap"},"content":{"rendered":"<h1 class=\"wp-block-heading\">NordWetCap &#8211; Nordic Capacity Building for Wetland Restoration and Climate Resilience<\/h1>\n\n\n\n<div style=\"height:10px\" aria-hidden=\"true\" class=\"wp-block-spacer\"><\/div>\n\n\n\n<div class=\"wp-block-media-text is-stacked-on-mobile\"><figure class=\"wp-block-media-text__media\"><img loading=\"lazy\" decoding=\"async\" width=\"657\" height=\"377\" src=\"https:\/\/www.folkecenter.net\/wp-content\/uploads\/2026\/03\/NordWetCap.png\" alt=\"NordWetCap project\" class=\"wp-image-11381 size-full\" srcset=\"https:\/\/www.folkecenter.net\/wp-content\/uploads\/2026\/03\/NordWetCap.png 657w, https:\/\/www.folkecenter.net\/wp-content\/uploads\/2026\/03\/NordWetCap-300x172.png 300w, https:\/\/www.folkecenter.net\/wp-content\/uploads\/2026\/03\/NordWetCap-18x10.png 18w\" sizes=\"auto, (max-width: 657px) 100vw, 657px\" \/><\/figure><div class=\"wp-block-media-text__content\">\n<h2 class=\"wp-block-heading\"><strong>PROJEKTDETALJER<\/strong><\/h2>\n\n\n\n<figure class=\"wp-block-table is-style-stripes\" style=\"font-size:16px\"><table><tbody><tr><td><strong>Partnere:<\/strong><\/td><td>The Westfjord Regional Development Office &#8211; WRDO Iceland<strong> (Projektkoordinator<\/strong>)<br>SINTEF<br>Nordisk Folkecenter for Vedvarende Energi<\/td><\/tr><tr><td><strong>Lande:<\/strong><\/td><td>Island, Norge og Danmark<\/td><\/tr><tr><td><strong>Finansiering:<\/strong><\/td><td>Nordisk Ministerr\u00e5d<\/td><\/tr><tr><td><strong>Hashtag:<\/strong><\/td><td>#NordWetCap<\/td><\/tr><\/tbody><\/table><\/figure>\n<\/div><\/div>\n\n\n\n<div style=\"height:50px\" aria-hidden=\"true\" class=\"wp-block-spacer\"><\/div>\n\n\n\n<h2 class=\"wp-block-heading has-text-align-left\"><strong>Om Projektet<\/strong><\/h2>\n\n\n\n<p>NordWetCap styrker Nordens kapacitet til v\u00e5domr\u00e5degenopretning som en central naturbaseret klimal\u00f8sning. Projektet samler partnere fra Island, Norge og Danmark for at kombinere praktisk implementering, social dialog og politisk l\u00e6ring i en f\u00e6lles nordisk indsats.<\/p>\n\n\n\n<p>Dr\u00e6nede v\u00e5domr\u00e5der er en betydelig kilde til CO\u2082-udledning i Norden \u2013 men rummer samtidig et stort potentiale for klimaindsats, biodiversitet og klimatilpasning. I Islands Vestfjorde findes over 11.000 hektar dr\u00e6net og uudnyttet jord, som alene udleder ansl\u00e5et 215.000 ton CO\u2082 \u00e5rligt. NordWetCap arbejder for at oms\u00e6tte dette potentiale til konkrete l\u00f8sninger.<\/p>\n\n\n\n<div style=\"height:30px\" aria-hidden=\"true\" class=\"wp-block-spacer\"><\/div>\n\n\n\n<div class=\"wp-block-buttons is-content-justification-center is-layout-flex wp-container-core-buttons-is-layout-16018d1d wp-block-buttons-is-layout-flex\">\n<div class=\"wp-block-button has-custom-width wp-block-button__width-25\"><a class=\"wp-block-button__link has-white-color has-black-background-color has-text-color has-background has-link-color wp-element-button\" href=\"https:\/\/www.folkecenter.net\/wp-content\/uploads\/2026\/03\/NordWetCap_Factsheet.pdf\" style=\"border-radius:5px\">Factsheet<\/a><\/div>\n<\/div>\n\n\n\n<div style=\"height:30px\" aria-hidden=\"true\" class=\"wp-block-spacer\"><\/div>\n\n\n\n<h2 class=\"wp-block-heading\">Projektets m\u00e5l<\/h2>\n\n\n\n<div style=\"height:15px\" aria-hidden=\"true\" class=\"wp-block-spacer\"><\/div>\n\n\n\n<p>Projektet har til form\u00e5l at:<\/p>\n\n\n\n<ul class=\"wp-block-list\">\n<li>Udvikle en f\u00e6lles nordisk model for v\u00e5domr\u00e5de- og \u00f8kosystemgenopretning<\/li>\n\n\n\n<li>Opbygge lokal kapacitet blandt lodsejere og kommuner<\/li>\n\n\n\n<li>Styrke social accept gennem dialog og medskabelse<\/li>\n\n\n\n<li>Identificere politiske og juridiske barrierer og udarbejde nordiske anbefalinger<\/li>\n\n\n\n<li>Identificere politiske og juridiske barrierer og udarbejde nordiske anbefalinger<\/li>\n<\/ul>\n\n\n\n<div style=\"height:50px\" aria-hidden=\"true\" class=\"wp-block-spacer\"><\/div>\n\n\n\n<h2 class=\"wp-block-heading\">Folkecenterets rolle<\/h2>\n\n\n\n<div style=\"height:15px\" aria-hidden=\"true\" class=\"wp-block-spacer\"><\/div>\n\n\n\n<p>Nordisk Folkecenter leder arbejdspakken om videndeling og kommunikation. Vi:<\/p>\n\n\n\n<ul class=\"wp-block-list\">\n<li>Afholder nordisk workshop i Danmark<\/li>\n\n\n\n<li>Udvikler en digital Best Practice Plus Catalogue<\/li>\n\n\n\n<li>Driver projektets webplatform<\/li>\n\n\n\n<li>Formidler resultater via sociale medier og Klimafolkem\u00f8det <\/li>\n\n\n\n<li>Bidrager til etableringen af NCER-netv\u00e6rket <\/li>\n<\/ul>\n\n\n\n<p>Vores rolle er at sikre, at projektets erfaringer ikke forbliver lokale, men deles og skaleres p\u00e5 tv\u00e6rs af Norden.<\/p>\n\n\n\n<div style=\"height:30px\" aria-hidden=\"true\" class=\"wp-block-spacer\"><\/div>\n\n\n\n<h2 class=\"wp-block-heading has-text-align-left\">Forventet effekt<\/h2>\n\n\n\n<div style=\"height:10px\" aria-hidden=\"true\" class=\"wp-block-spacer\"><\/div>\n\n\n\n<p>NordWetCap skaber b\u00e5de kortsigtede og langsigtede resultater:<\/p>\n\n\n\n<ul class=\"wp-block-list\">\n<li>\u00d8get kapacitet blandt lodsejere og kommuner<\/li>\n\n\n\n<li>Pilotprojekter for v\u00e5domr\u00e5degenopretning i Island<\/li>\n\n\n\n<li>Nordiske politikanbefalinger<\/li>\n\n\n\n<li>Et digitalt videnscenter for naturbaserede l\u00f8sninger<\/li>\n\n\n\n<li>Et varigt nordisk samarbejde om \u00f8kosystemgenopretning<\/li>\n<\/ul>\n\n\n\n<p><\/p>\n\n\n\n<p><\/p>\n\n\n\n<div style=\"height:50px\" aria-hidden=\"true\" class=\"wp-block-spacer\"><\/div>\n\n\n\n<h2 class=\"wp-block-heading has-text-align-center\"><strong>VERDENSM\u00c5L I PROJEKTET<\/strong><\/h2>\n\n\n\n<div class=\"wp-block-columns is-layout-flex wp-container-core-columns-is-layout-9d6595d7 wp-block-columns-is-layout-flex\">\n<div class=\"wp-block-column is-layout-flow wp-block-column-is-layout-flow\"><div class=\"wp-block-image\">\n<figure class=\"aligncenter size-large\"><img loading=\"lazy\" decoding=\"async\" width=\"1024\" height=\"1024\" src=\"https:\/\/www.folkecenter.net\/wp-content\/uploads\/2023\/04\/icons-rgb-2016-11.png\" alt=\"SDG 11\" class=\"wp-image-7370\" srcset=\"https:\/\/www.folkecenter.net\/wp-content\/uploads\/2023\/04\/icons-rgb-2016-11.png 1600w, https:\/\/www.folkecenter.net\/wp-content\/uploads\/2023\/04\/icons-rgb-2016-11-300x300.png 300w, https:\/\/www.folkecenter.net\/wp-content\/uploads\/2023\/04\/icons-rgb-2016-11-1024x1024.png 1024w, https:\/\/www.folkecenter.net\/wp-content\/uploads\/2023\/04\/icons-rgb-2016-11-150x150.png 150w, https:\/\/www.folkecenter.net\/wp-content\/uploads\/2023\/04\/icons-rgb-2016-11-768x768.png 768w, https:\/\/www.folkecenter.net\/wp-content\/uploads\/2023\/04\/icons-rgb-2016-11-1536x1536.png 1536w, https:\/\/www.folkecenter.net\/wp-content\/uploads\/2023\/04\/icons-rgb-2016-11-12x12.png 12w, https:\/\/www.folkecenter.net\/wp-content\/uploads\/2023\/04\/icons-rgb-2016-11-600x600.png 600w\" sizes=\"auto, (max-width: 1024px) 100vw, 1024px\" \/><\/figure><\/div><\/div>\n\n\n\n<div class=\"wp-block-column is-layout-flow wp-block-column-is-layout-flow\"><div class=\"wp-block-image\">\n<figure class=\"aligncenter size-large\"><img loading=\"lazy\" decoding=\"async\" width=\"1024\" height=\"1024\" src=\"https:\/\/www.folkecenter.net\/wp-content\/uploads\/2023\/04\/icons-rgb-2016-13.png\" alt=\"SDG 13\" class=\"wp-image-7372\" srcset=\"https:\/\/www.folkecenter.net\/wp-content\/uploads\/2023\/04\/icons-rgb-2016-13.png 1600w, https:\/\/www.folkecenter.net\/wp-content\/uploads\/2023\/04\/icons-rgb-2016-13-300x300.png 300w, https:\/\/www.folkecenter.net\/wp-content\/uploads\/2023\/04\/icons-rgb-2016-13-1024x1024.png 1024w, https:\/\/www.folkecenter.net\/wp-content\/uploads\/2023\/04\/icons-rgb-2016-13-150x150.png 150w, https:\/\/www.folkecenter.net\/wp-content\/uploads\/2023\/04\/icons-rgb-2016-13-768x768.png 768w, https:\/\/www.folkecenter.net\/wp-content\/uploads\/2023\/04\/icons-rgb-2016-13-1536x1536.png 1536w, https:\/\/www.folkecenter.net\/wp-content\/uploads\/2023\/04\/icons-rgb-2016-13-12x12.png 12w, https:\/\/www.folkecenter.net\/wp-content\/uploads\/2023\/04\/icons-rgb-2016-13-600x600.png 600w\" sizes=\"auto, (max-width: 1024px) 100vw, 1024px\" \/><\/figure><\/div><\/div>\n\n\n\n<div class=\"wp-block-column is-layout-flow wp-block-column-is-layout-flow\"><div class=\"wp-block-image\">\n<figure class=\"aligncenter size-full\"><img loading=\"lazy\" decoding=\"async\" width=\"3000\" height=\"3000\" src=\"https:\/\/www.folkecenter.net\/wp-content\/uploads\/2023\/04\/E_SDG-goals_icons-individual-cmyk-15.png\" alt=\"SDG 15\" class=\"wp-image-7374\" srcset=\"https:\/\/www.folkecenter.net\/wp-content\/uploads\/2023\/04\/E_SDG-goals_icons-individual-cmyk-15.png 3000w, https:\/\/www.folkecenter.net\/wp-content\/uploads\/2023\/04\/E_SDG-goals_icons-individual-cmyk-15-300x300.png 300w, https:\/\/www.folkecenter.net\/wp-content\/uploads\/2023\/04\/E_SDG-goals_icons-individual-cmyk-15-1024x1024.png 1024w, https:\/\/www.folkecenter.net\/wp-content\/uploads\/2023\/04\/E_SDG-goals_icons-individual-cmyk-15-150x150.png 150w, https:\/\/www.folkecenter.net\/wp-content\/uploads\/2023\/04\/E_SDG-goals_icons-individual-cmyk-15-768x768.png 768w, https:\/\/www.folkecenter.net\/wp-content\/uploads\/2023\/04\/E_SDG-goals_icons-individual-cmyk-15-1536x1536.png 1536w, https:\/\/www.folkecenter.net\/wp-content\/uploads\/2023\/04\/E_SDG-goals_icons-individual-cmyk-15-2048x2048.png 2048w, https:\/\/www.folkecenter.net\/wp-content\/uploads\/2023\/04\/E_SDG-goals_icons-individual-cmyk-15-12x12.png 12w, https:\/\/www.folkecenter.net\/wp-content\/uploads\/2023\/04\/E_SDG-goals_icons-individual-cmyk-15-600x600.png 600w\" sizes=\"auto, (max-width: 3000px) 100vw, 3000px\" \/><\/figure><\/div><\/div>\n\n\n\n<div class=\"wp-block-column is-layout-flow wp-block-column-is-layout-flow\"><div class=\"wp-block-image\">\n<figure class=\"aligncenter size-full\"><img loading=\"lazy\" decoding=\"async\" width=\"3000\" height=\"3000\" src=\"https:\/\/www.folkecenter.net\/wp-content\/uploads\/2023\/04\/E_SDG-goals_icons-individual-cmyk-17.png\" alt=\"SDG 17\" class=\"wp-image-7376\" srcset=\"https:\/\/www.folkecenter.net\/wp-content\/uploads\/2023\/04\/E_SDG-goals_icons-individual-cmyk-17.png 3000w, https:\/\/www.folkecenter.net\/wp-content\/uploads\/2023\/04\/E_SDG-goals_icons-individual-cmyk-17-300x300.png 300w, https:\/\/www.folkecenter.net\/wp-content\/uploads\/2023\/04\/E_SDG-goals_icons-individual-cmyk-17-1024x1024.png 1024w, https:\/\/www.folkecenter.net\/wp-content\/uploads\/2023\/04\/E_SDG-goals_icons-individual-cmyk-17-150x150.png 150w, https:\/\/www.folkecenter.net\/wp-content\/uploads\/2023\/04\/E_SDG-goals_icons-individual-cmyk-17-768x768.png 768w, https:\/\/www.folkecenter.net\/wp-content\/uploads\/2023\/04\/E_SDG-goals_icons-individual-cmyk-17-1536x1536.png 1536w, https:\/\/www.folkecenter.net\/wp-content\/uploads\/2023\/04\/E_SDG-goals_icons-individual-cmyk-17-2048x2048.png 2048w, https:\/\/www.folkecenter.net\/wp-content\/uploads\/2023\/04\/E_SDG-goals_icons-individual-cmyk-17-12x12.png 12w, https:\/\/www.folkecenter.net\/wp-content\/uploads\/2023\/04\/E_SDG-goals_icons-individual-cmyk-17-600x600.png 600w\" sizes=\"auto, (max-width: 3000px) 100vw, 3000px\" \/><\/figure><\/div><\/div>\n<\/div>\n\n\n\n<p><\/p>","protected":false},"excerpt":{"rendered":"<p>NordWetCap styrker Nordens kapacitet til v\u00e5domr\u00e5degenopretning som en central naturbaseret klimal\u00f8sning. Projektet samler partnere fra Island, Norge og Danmark for at kombinere praktisk implementering, social dialog og politisk l\u00e6ring i en f\u00e6lles nordisk indsats.<\/p>","protected":false},"author":1,"featured_media":0,"parent":1390,"menu_order":0,"comment_status":"closed","ping_status":"closed","template":"","meta":{"_uag_custom_page_level_css":"","footnotes":""},"folder":[49],"class_list":["post-11384","page","type-page","status-publish","hentry"],"uagb_featured_image_src":{"full":false,"thumbnail":false,"medium":false,"medium_large":false,"large":false,"1536x1536":false,"2048x2048":false,"trp-custom-language-flag":false,"mgb-medium":false,"mgb-vertical":false,"mgb-banner":false,"onepress-blog-small":false,"onepress-small":false,"onepress-medium":false},"uagb_author_info":{"display_name":"admin","author_link":"https:\/\/www.folkecenter.net\/da\/author\/admin\/"},"uagb_comment_info":0,"uagb_excerpt":"NordWetCap strengthens the Nordic capacity for wetland restoration as a key nature-based climate solution. The project brings together partners from Iceland, Norway and Denmark to combine practical implementation, social dialogue and policy learning in a joint Nordic effort.","_links":{"self":[{"href":"https:\/\/www.folkecenter.net\/da\/wp-json\/wp\/v2\/pages\/11384","targetHints":{"allow":["GET"]}}],"collection":[{"href":"https:\/\/www.folkecenter.net\/da\/wp-json\/wp\/v2\/pages"}],"about":[{"href":"https:\/\/www.folkecenter.net\/da\/wp-json\/wp\/v2\/types\/page"}],"author":[{"embeddable":true,"href":"https:\/\/www.folkecenter.net\/da\/wp-json\/wp\/v2\/users\/1"}],"replies":[{"embeddable":true,"href":"https:\/\/www.folkecenter.net\/da\/wp-json\/wp\/v2\/comments?post=11384"}],"version-history":[{"count":0,"href":"https:\/\/www.folkecenter.net\/da\/wp-json\/wp\/v2\/pages\/11384\/revisions"}],"up":[{"embeddable":true,"href":"https:\/\/www.folkecenter.net\/da\/wp-json\/wp\/v2\/pages\/1390"}],"wp:attachment":[{"href":"https:\/\/www.folkecenter.net\/da\/wp-json\/wp\/v2\/media?parent=11384"}],"wp:term":[{"taxonomy":"folder","embeddable":true,"href":"https:\/\/www.folkecenter.net\/da\/wp-json\/wp\/v2\/folder?post=11384"}],"curies":[{"name":"wp","href":"https:\/\/api.w.org\/{rel}","templated":true}]}}