{"id":11341,"date":"2025-08-09T12:37:10","date_gmt":"2025-08-09T10:37:10","guid":{"rendered":"https:\/\/www.folkecenter.net\/?page_id=11341"},"modified":"2025-08-09T12:57:40","modified_gmt":"2025-08-09T10:57:40","slug":"benign","status":"publish","type":"page","link":"https:\/\/www.folkecenter.net\/da\/projects\/benign\/","title":{"rendered":"BENIGN"},"content":{"rendered":"<h1 class=\"wp-block-heading\">Bioenergy from Seaweed in Nordic Regions (BENIGN)<\/h1>\n\n\n\n<div style=\"height:10px\" aria-hidden=\"true\" class=\"wp-block-spacer\"><\/div>\n\n\n\n<div class=\"wp-block-media-text is-stacked-on-mobile\"><figure class=\"wp-block-media-text__media\"><img loading=\"lazy\" decoding=\"async\" width=\"1024\" height=\"717\" src=\"https:\/\/www.folkecenter.net\/wp-content\/uploads\/2025\/08\/BENIGN-1024x717.jpg\" alt=\"BENIGN Project\" class=\"wp-image-11337 size-full\" srcset=\"https:\/\/www.folkecenter.net\/wp-content\/uploads\/2025\/08\/BENIGN-1024x717.jpg 1024w, https:\/\/www.folkecenter.net\/wp-content\/uploads\/2025\/08\/BENIGN-300x210.jpg 300w, https:\/\/www.folkecenter.net\/wp-content\/uploads\/2025\/08\/BENIGN-768x537.jpg 768w, https:\/\/www.folkecenter.net\/wp-content\/uploads\/2025\/08\/BENIGN-1536x1075.jpg 1536w, https:\/\/www.folkecenter.net\/wp-content\/uploads\/2025\/08\/BENIGN-18x12.jpg 18w, https:\/\/www.folkecenter.net\/wp-content\/uploads\/2025\/08\/BENIGN.jpg 1772w\" sizes=\"auto, (max-width: 1024px) 100vw, 1024px\" \/><\/figure><div class=\"wp-block-media-text__content\">\n<h2 class=\"wp-block-heading\"><strong>PROJEKTDETALJER<\/strong><\/h2>\n\n\n\n<figure class=\"wp-block-table is-style-stripes\" style=\"font-size:16px\"><table><tbody><tr><td><strong>Partnere:<\/strong><\/td><td>Et tv\u00e6rfagligt konsortium fra fem nordiske lande \u2013 herunder forskningsinstitutioner, industripartnere og interessenter fra Island, Gr\u00f8nland, F\u00e6r\u00f8erne, Norge og Danmark<\/td><\/tr><tr><td><strong>Lande:<\/strong><\/td><td>Island, Gr\u00f8nland, F\u00e6r\u00f8erne, Norge og Danmark<\/td><\/tr><tr><td><strong>Finansiering:<\/strong><\/td><td>Projektet er en del af Bioenergy Value Chain Programme under Nordic Energy Research<\/td><\/tr><\/tbody><\/table><\/figure>\n<\/div><\/div>\n\n\n\n<div style=\"height:50px\" aria-hidden=\"true\" class=\"wp-block-spacer\"><\/div>\n\n\n\n<h2 class=\"wp-block-heading has-text-align-center\"><strong>PROJEKTNYHEDER<\/strong><\/h2>\n\n\n\n<p>G\u00e5 ikke glip af: \"<strong>Future of Offshore Wind \u2013 Governance and Green Transition in Practice<\/strong>\", en workshop der kombinerer to meget vigtige projekter: BENIGN &amp; <a href=\"https:\/\/www.folkecenter.net\/da\/permagov\/\" data-type=\"page\" data-id=\"6958\">PERMAGOV<\/a>!<\/p>\n\n\n\n<p>Workshoppen finder sted den 23.-24. oktober, b\u00e5de p\u00e5 Nordisk Folkecenter og online. Deltagelse er gratis, men tilmelding er p\u00e5kr\u00e6vet. Du kan tilmelde dig p\u00e5: <a href=\"https:\/\/www.folkecenterevents.net\/\">https:\/\/www.folkecenterevents.net\/<\/a><\/p>\n\n\n\n<div style=\"height:15px\" aria-hidden=\"true\" class=\"wp-block-spacer\"><\/div>\n\n\n\n<div class=\"wp-block-buttons is-content-justification-center is-layout-flex wp-container-core-buttons-is-layout-16018d1d wp-block-buttons-is-layout-flex\">\n<div class=\"wp-block-button\"><a class=\"wp-block-button__link has-text-align-center wp-element-button\" href=\"https:\/\/www.folkecenterevents.net\/\" style=\"border-radius:5px\">Tilmeld til workshoppen<\/a><\/div>\n<\/div>\n\n\n\n<div style=\"height:50px\" aria-hidden=\"true\" class=\"wp-block-spacer\"><\/div>\n\n\n\n<h2 class=\"wp-block-heading has-text-align-center\"><strong>OM PROJEKTET<\/strong><\/h2>\n\n\n\n<p><strong>BENIGN, Bioenergy from Seaweed in Nordic Regions<\/strong>&nbsp;har fokus p\u00e5 at udvikle og optimere v\u00e6rdik\u00e6der for tangbaseret bioenergi, der kan producere biogas, bio-olie og bioethanol \u2013 og dermed bidrage til overgangen til fossilfri energi.<\/p>\n\n\n\n<p>BENIGN er et nordisk forsknings- og innovationsprojekt, der samler partnere fra fem nordiske lande med det form\u00e5l at fremme b\u00e6redygtig udnyttelse af tangressourcer i regionen. Projektet unders\u00f8ger innovative, effektive og cirkul\u00e6re v\u00e6rdik\u00e6der baseret p\u00e5 tang og adresserer b\u00e5de milj\u00f8m\u00e6ssige, teknologiske og samfundsm\u00e6ssige aspekter af en voksende bio\u00f8konomi.<\/p>\n\n\n\n<p>Gennem analyser af tangm\u00e6ngder og -egenskaber, identifikation af datamangler samt vurdering af b\u00e6redygtighed og effektivitet i v\u00e6rdik\u00e6derne, udvikler BENIGN strategier for gr\u00f8n innovation. Centrale teknologiske tilgange omfatter blandt andet kaskade-bioraffinering, kold anaerob nedbrydning og udnyttelse af biprodukter s\u00e5som mannitol og fiberrester \u2013 alt sammen med henblik p\u00e5 at maksimere ressourceudnyttelsen og minimere spild.\nProjektet har til form\u00e5l at st\u00f8tte en effektiv anvendelse af tang i b\u00e5de bioenergi og biobaserede produkter, med et st\u00e6rkt fokus p\u00e5 s\u00e5vel milj\u00f8m\u00e6ssig som \u00f8konomisk b\u00e6redygtighed.<\/p>\n\n\n\n<p>BENIGN l\u00e6gger stor v\u00e6gt p\u00e5 vidensdeling og inddragelse af interessenter gennem workshops, digital formidling og et centralt seminar for interessenter i Gr\u00f8nland. Disse aktiviteter fremmer samarbejde, gensidig l\u00e6ring og udviklingen af strategiske anbefalinger samt en f\u00e6lles k\u00f8replan for en tangbaseret bio\u00f8konomi i Norden.<\/p>\n\n\n\n<p><\/p>\n\n\n\n<p><strong>Projektperiode:<\/strong>&nbsp;Marts \u2013 november 2025<br><strong>Deltagere:<\/strong>&nbsp;Et tv\u00e6rfagligt konsortium fra fem nordiske lande \u2013 herunder forskningsinstitutioner, industripartnere og interessenter fra Island, Gr\u00f8nland, F\u00e6r\u00f8erne, Norge og Danmark<br><strong>Aktiviteter:<\/strong>&nbsp;Workshops, seminars, analyses, and development of strategic recommendations<br><strong>Fokusomr\u00e5de:<\/strong>&nbsp;B\u00e6redygtig udvikling af v\u00e6rdik\u00e6der for tang i Norden<br><strong>Finansiering:<\/strong>&nbsp;Projektet er en del af&nbsp;<strong>Bioenergy Value Chain Programme<\/strong>&nbsp;under Nordic Energy Research<br><strong>Fokus:<\/strong>&nbsp;B\u00e6redygtig udvikling af tang som bioenergikilde<\/p>\n\n\n\n<div style=\"height:50px\" aria-hidden=\"true\" class=\"wp-block-spacer\"><\/div>\n\n\n\n<h2 class=\"wp-block-heading has-text-align-center\"><strong>VERDENSM\u00c5L I PROJEKTET<\/strong><\/h2>\n\n\n\n<div class=\"wp-block-columns is-layout-flex wp-container-core-columns-is-layout-9d6595d7 wp-block-columns-is-layout-flex\">\n<div class=\"wp-block-column is-layout-flow wp-block-column-is-layout-flow\"><div class=\"wp-block-image\">\n<figure class=\"aligncenter size-full\"><img loading=\"lazy\" decoding=\"async\" width=\"3000\" height=\"3000\" src=\"https:\/\/www.folkecenter.net\/wp-content\/uploads\/2023\/04\/icons-rgb-2016-07.png\" alt=\"SDG 7\" class=\"wp-image-7366\" srcset=\"https:\/\/www.folkecenter.net\/wp-content\/uploads\/2023\/04\/icons-rgb-2016-07.png 1600w, https:\/\/www.folkecenter.net\/wp-content\/uploads\/2023\/04\/icons-rgb-2016-07-300x300.png 300w, https:\/\/www.folkecenter.net\/wp-content\/uploads\/2023\/04\/icons-rgb-2016-07-1024x1024.png 1024w, https:\/\/www.folkecenter.net\/wp-content\/uploads\/2023\/04\/icons-rgb-2016-07-150x150.png 150w, https:\/\/www.folkecenter.net\/wp-content\/uploads\/2023\/04\/icons-rgb-2016-07-768x768.png 768w, https:\/\/www.folkecenter.net\/wp-content\/uploads\/2023\/04\/icons-rgb-2016-07-1536x1536.png 1536w, https:\/\/www.folkecenter.net\/wp-content\/uploads\/2023\/04\/icons-rgb-2016-07-12x12.png 12w, https:\/\/www.folkecenter.net\/wp-content\/uploads\/2023\/04\/icons-rgb-2016-07-600x600.png 600w\" sizes=\"auto, (max-width: 3000px) 100vw, 3000px\" \/><\/figure><\/div><\/div>\n\n\n\n<div class=\"wp-block-column is-layout-flow wp-block-column-is-layout-flow\"><div class=\"wp-block-image\">\n<figure class=\"aligncenter size-large\"><img loading=\"lazy\" decoding=\"async\" width=\"1024\" height=\"1024\" src=\"https:\/\/www.folkecenter.net\/wp-content\/uploads\/2023\/04\/icons-rgb-2016-09.png\" alt=\"SDG 9\" class=\"wp-image-7368\" srcset=\"https:\/\/www.folkecenter.net\/wp-content\/uploads\/2023\/04\/icons-rgb-2016-09.png 1600w, https:\/\/www.folkecenter.net\/wp-content\/uploads\/2023\/04\/icons-rgb-2016-09-300x300.png 300w, https:\/\/www.folkecenter.net\/wp-content\/uploads\/2023\/04\/icons-rgb-2016-09-1024x1024.png 1024w, https:\/\/www.folkecenter.net\/wp-content\/uploads\/2023\/04\/icons-rgb-2016-09-150x150.png 150w, https:\/\/www.folkecenter.net\/wp-content\/uploads\/2023\/04\/icons-rgb-2016-09-768x768.png 768w, https:\/\/www.folkecenter.net\/wp-content\/uploads\/2023\/04\/icons-rgb-2016-09-1536x1536.png 1536w, https:\/\/www.folkecenter.net\/wp-content\/uploads\/2023\/04\/icons-rgb-2016-09-12x12.png 12w, https:\/\/www.folkecenter.net\/wp-content\/uploads\/2023\/04\/icons-rgb-2016-09-600x600.png 600w\" sizes=\"auto, (max-width: 1024px) 100vw, 1024px\" \/><\/figure><\/div><\/div>\n\n\n\n<div class=\"wp-block-column is-layout-flow wp-block-column-is-layout-flow\"><div class=\"wp-block-image\">\n<figure class=\"aligncenter size-large\"><img loading=\"lazy\" decoding=\"async\" width=\"1024\" height=\"1024\" src=\"https:\/\/www.folkecenter.net\/wp-content\/uploads\/2023\/04\/icons-rgb-2016-12.png\" alt=\"SDG 12\" class=\"wp-image-7371\" srcset=\"https:\/\/www.folkecenter.net\/wp-content\/uploads\/2023\/04\/icons-rgb-2016-12.png 1600w, https:\/\/www.folkecenter.net\/wp-content\/uploads\/2023\/04\/icons-rgb-2016-12-300x300.png 300w, https:\/\/www.folkecenter.net\/wp-content\/uploads\/2023\/04\/icons-rgb-2016-12-1024x1024.png 1024w, https:\/\/www.folkecenter.net\/wp-content\/uploads\/2023\/04\/icons-rgb-2016-12-150x150.png 150w, https:\/\/www.folkecenter.net\/wp-content\/uploads\/2023\/04\/icons-rgb-2016-12-768x768.png 768w, https:\/\/www.folkecenter.net\/wp-content\/uploads\/2023\/04\/icons-rgb-2016-12-1536x1536.png 1536w, https:\/\/www.folkecenter.net\/wp-content\/uploads\/2023\/04\/icons-rgb-2016-12-12x12.png 12w, https:\/\/www.folkecenter.net\/wp-content\/uploads\/2023\/04\/icons-rgb-2016-12-600x600.png 600w\" sizes=\"auto, (max-width: 1024px) 100vw, 1024px\" \/><\/figure><\/div><\/div>\n\n\n\n<div class=\"wp-block-column is-layout-flow wp-block-column-is-layout-flow\"><div class=\"wp-block-image\">\n<figure class=\"aligncenter size-full\"><img loading=\"lazy\" decoding=\"async\" width=\"700\" height=\"700\" src=\"https:\/\/www.folkecenter.net\/wp-content\/uploads\/2023\/04\/icons-rgb-2016-13.png\" alt=\"SDG 13\" class=\"wp-image-3061\" srcset=\"https:\/\/www.folkecenter.net\/wp-content\/uploads\/2023\/04\/icons-rgb-2016-13.png 1600w, https:\/\/www.folkecenter.net\/wp-content\/uploads\/2023\/04\/icons-rgb-2016-13-300x300.png 300w, https:\/\/www.folkecenter.net\/wp-content\/uploads\/2023\/04\/icons-rgb-2016-13-1024x1024.png 1024w, https:\/\/www.folkecenter.net\/wp-content\/uploads\/2023\/04\/icons-rgb-2016-13-150x150.png 150w, https:\/\/www.folkecenter.net\/wp-content\/uploads\/2023\/04\/icons-rgb-2016-13-768x768.png 768w, https:\/\/www.folkecenter.net\/wp-content\/uploads\/2023\/04\/icons-rgb-2016-13-1536x1536.png 1536w, https:\/\/www.folkecenter.net\/wp-content\/uploads\/2023\/04\/icons-rgb-2016-13-12x12.png 12w, https:\/\/www.folkecenter.net\/wp-content\/uploads\/2023\/04\/icons-rgb-2016-13-600x600.png 600w\" sizes=\"auto, (max-width: 700px) 100vw, 700px\" \/><\/figure><\/div><\/div>\n\n\n\n<div class=\"wp-block-column is-layout-flow wp-block-column-is-layout-flow\"><div class=\"wp-block-image\">\n<figure class=\"aligncenter size-full\"><img loading=\"lazy\" decoding=\"async\" width=\"3000\" height=\"3000\" src=\"https:\/\/www.folkecenter.net\/wp-content\/uploads\/2023\/04\/icons-rgb-2016-14.png\" alt=\"SDG 14\" class=\"wp-image-7373\" srcset=\"https:\/\/www.folkecenter.net\/wp-content\/uploads\/2023\/04\/icons-rgb-2016-14.png 1600w, https:\/\/www.folkecenter.net\/wp-content\/uploads\/2023\/04\/icons-rgb-2016-14-300x300.png 300w, https:\/\/www.folkecenter.net\/wp-content\/uploads\/2023\/04\/icons-rgb-2016-14-1024x1024.png 1024w, https:\/\/www.folkecenter.net\/wp-content\/uploads\/2023\/04\/icons-rgb-2016-14-150x150.png 150w, https:\/\/www.folkecenter.net\/wp-content\/uploads\/2023\/04\/icons-rgb-2016-14-768x768.png 768w, https:\/\/www.folkecenter.net\/wp-content\/uploads\/2023\/04\/icons-rgb-2016-14-1536x1536.png 1536w, https:\/\/www.folkecenter.net\/wp-content\/uploads\/2023\/04\/icons-rgb-2016-14-12x12.png 12w, https:\/\/www.folkecenter.net\/wp-content\/uploads\/2023\/04\/icons-rgb-2016-14-600x600.png 600w\" sizes=\"auto, (max-width: 3000px) 100vw, 3000px\" \/><\/figure><\/div><\/div>\n<\/div>\n\n\n\n<div class=\"wp-block-columns is-layout-flex wp-container-core-columns-is-layout-9d6595d7 wp-block-columns-is-layout-flex\">\n<div class=\"wp-block-column is-layout-flow wp-block-column-is-layout-flow\"><\/div>\n\n\n\n<div class=\"wp-block-column is-layout-flow wp-block-column-is-layout-flow\"><\/div>\n\n\n\n<div class=\"wp-block-column is-layout-flow wp-block-column-is-layout-flow\"><div class=\"wp-block-image\">\n<figure class=\"aligncenter size-large\"><img loading=\"lazy\" decoding=\"async\" width=\"1024\" height=\"1024\" src=\"https:\/\/www.folkecenter.net\/wp-content\/uploads\/2023\/04\/icons-rgb-2016-17.png\" alt=\"SDG 17\" class=\"wp-image-7376\" srcset=\"https:\/\/www.folkecenter.net\/wp-content\/uploads\/2023\/04\/icons-rgb-2016-17.png 1600w, https:\/\/www.folkecenter.net\/wp-content\/uploads\/2023\/04\/icons-rgb-2016-17-300x300.png 300w, https:\/\/www.folkecenter.net\/wp-content\/uploads\/2023\/04\/icons-rgb-2016-17-1024x1024.png 1024w, https:\/\/www.folkecenter.net\/wp-content\/uploads\/2023\/04\/icons-rgb-2016-17-150x150.png 150w, https:\/\/www.folkecenter.net\/wp-content\/uploads\/2023\/04\/icons-rgb-2016-17-768x768.png 768w, https:\/\/www.folkecenter.net\/wp-content\/uploads\/2023\/04\/icons-rgb-2016-17-1536x1536.png 1536w, https:\/\/www.folkecenter.net\/wp-content\/uploads\/2023\/04\/icons-rgb-2016-17-12x12.png 12w, https:\/\/www.folkecenter.net\/wp-content\/uploads\/2023\/04\/icons-rgb-2016-17-600x600.png 600w\" sizes=\"auto, (max-width: 1024px) 100vw, 1024px\" \/><\/figure><\/div><\/div>\n\n\n\n<div class=\"wp-block-column is-layout-flow wp-block-column-is-layout-flow\"><\/div>\n\n\n\n<div class=\"wp-block-column is-layout-flow wp-block-column-is-layout-flow\"><\/div>\n<\/div>\n\n\n\n<p style=\"font-size:16px\"><strong>SDG 7: B\u00e6redygtig energi <\/strong><\/p>\n\n\n\n<ul class=\"wp-block-list\">\n<li>Projektet fokuserer direkte p\u00e5 udviklingen af bioenergi fra tang, herunder biogas, bio-olie og bioethanol.<\/li>\n\n\n\n<li>Fremmer vedvarende energiformer og reducerer afh\u00e6ngigheden af fossile br\u00e6ndsler. <\/li>\n<\/ul>\n\n\n\n<p><strong>SDG 9: Industri, innovation og infrastruktur<\/strong><\/p>\n\n\n\n<ul class=\"wp-block-list\">\n<li>BENIGN er et forsknings- og innovationsprojekt, der udvikler nye teknologier som kaskade-bioraffinering og kold anaerob nedbrydning.<\/li>\n\n\n\n<li>Fremmer udvikling af cirkul\u00e6re og effektive v\u00e6rdik\u00e6der baseret p\u00e5 tang.<\/li>\n<\/ul>\n\n\n\n<p><strong>SDG 12: Ansvarligt forbrug og produktion<\/strong><\/p>\n\n\n\n<ul class=\"wp-block-list\">\n<li>Projektet sigter mod at maksimere ressourceudnyttelse og minimere affald, bl.a. gennem valorisering af biprodukter (som mannitol og fiberrester).<\/li>\n\n\n\n<li>Der l\u00e6gges v\u00e6gt p\u00e5 b\u00e6redygtighedsanalyser og datagrundlag i v\u00e6rdik\u00e6derne.<\/li>\n<\/ul>\n\n\n\n<p><strong>SDG 13: Klimaindsats<\/strong><\/p>\n\n\n\n<ul class=\"wp-block-list\">\n<li>Udviklingen af fossilfri bioenergi bidrager til reduktion af drivhusgasudledninger.<\/li>\n\n\n\n<li>St\u00f8tter en bredere omstilling til klimavenlige l\u00f8sninger i Norden.<\/li>\n<\/ul>\n\n\n\n<p><strong>SDG 14: Livet i havet<\/strong><\/p>\n\n\n\n<ul class=\"wp-block-list\">\n<li>Projektet besk\u00e6ftiger sig med b\u00e6redygtig udnyttelse af marine ressourcer, s\u00e6rligt tang <\/li>\n\n\n\n<li>\u00d8ger viden om milj\u00f8m\u00e6ssige konsekvenser og potentialer ved tangh\u00f8st i nordlige havomr\u00e5der.<\/li>\n<\/ul>\n\n\n\n<p><strong>SDG 17: Partnerskab for handling<\/strong><\/p>\n\n\n\n<ul class=\"wp-block-list\">\n<li>Projektet involverer tv\u00e6rnationale samarbejder mellem fem nordiske lande.<\/li>\n\n\n\n<li>Omfatter vidensdeling, workshops, stakeholder engagement og udvikling af en f\u00e6lles strategi og k\u00f8replan.<\/li>\n<\/ul>\n\n\n\n<div style=\"height:50px\" aria-hidden=\"true\" class=\"wp-block-spacer\"><\/div>\n\n\n\n<div style=\"height:50px\" aria-hidden=\"true\" class=\"wp-block-spacer\"><\/div>","protected":false},"excerpt":{"rendered":"<p>Bioenergy from Seaweed in Nordic Regions (BENIGN) PROJECT DETAILS Project partners: A cross-disciplinary consortium from five Nordic countries \u2014 including research institutions, industry partners, and stakeholders from Iceland, Greenland, the &#8230;<\/p>","protected":false},"author":1,"featured_media":0,"parent":1390,"menu_order":0,"comment_status":"closed","ping_status":"closed","template":"","meta":{"_uag_custom_page_level_css":"","footnotes":""},"folder":[49],"class_list":["post-11341","page","type-page","status-publish","hentry"],"uagb_featured_image_src":{"full":false,"thumbnail":false,"medium":false,"medium_large":false,"large":false,"1536x1536":false,"2048x2048":false,"trp-custom-language-flag":false,"mgb-medium":false,"mgb-vertical":false,"mgb-banner":false,"onepress-blog-small":false,"onepress-small":false,"onepress-medium":false},"uagb_author_info":{"display_name":"admin","author_link":"https:\/\/www.folkecenter.net\/da\/author\/admin\/"},"uagb_comment_info":0,"uagb_excerpt":"Bioenergy from Seaweed in Nordic Regions (BENIGN) PROJECT DETAILS Project partners: A cross-disciplinary consortium from five Nordic countries \u2014 including research institutions, industry partners, and stakeholders from Iceland, Greenland, the ...","_links":{"self":[{"href":"https:\/\/www.folkecenter.net\/da\/wp-json\/wp\/v2\/pages\/11341","targetHints":{"allow":["GET"]}}],"collection":[{"href":"https:\/\/www.folkecenter.net\/da\/wp-json\/wp\/v2\/pages"}],"about":[{"href":"https:\/\/www.folkecenter.net\/da\/wp-json\/wp\/v2\/types\/page"}],"author":[{"embeddable":true,"href":"https:\/\/www.folkecenter.net\/da\/wp-json\/wp\/v2\/users\/1"}],"replies":[{"embeddable":true,"href":"https:\/\/www.folkecenter.net\/da\/wp-json\/wp\/v2\/comments?post=11341"}],"version-history":[{"count":0,"href":"https:\/\/www.folkecenter.net\/da\/wp-json\/wp\/v2\/pages\/11341\/revisions"}],"up":[{"embeddable":true,"href":"https:\/\/www.folkecenter.net\/da\/wp-json\/wp\/v2\/pages\/1390"}],"wp:attachment":[{"href":"https:\/\/www.folkecenter.net\/da\/wp-json\/wp\/v2\/media?parent=11341"}],"wp:term":[{"taxonomy":"folder","embeddable":true,"href":"https:\/\/www.folkecenter.net\/da\/wp-json\/wp\/v2\/folder?post=11341"}],"curies":[{"name":"wp","href":"https:\/\/api.w.org\/{rel}","templated":true}]}}