{"id":3782,"date":"2022-06-15T11:47:23","date_gmt":"2022-06-15T11:47:23","guid":{"rendered":"https:\/\/www.folkecenter.eu\/Trial-CMS6\/?page_id=3782"},"modified":"2024-10-01T11:32:13","modified_gmt":"2024-10-01T09:32:13","slug":"collaboration-with-ecopreneurs-and-green-smes","status":"publish","type":"page","link":"http:\/\/www.folkecenter.net\/da\/collaboration-with-ecopreneurs-and-green-smes\/","title":{"rendered":"Samarbejde med gr\u00f8nne SMVer"},"content":{"rendered":"<h1 class=\"wp-block-heading has-text-align-center\"><strong>\u00d8KOPREN\u00d8RER OG GR\u00d8NNE SMV'ER<\/strong><\/h1>\n\n\n\n<div style=\"height:10px\" aria-hidden=\"true\" class=\"wp-block-spacer\"><\/div>\n\n\n\n<div class=\"wp-block-media-text is-stacked-on-mobile\"><figure class=\"wp-block-media-text__media\"><img loading=\"lazy\" decoding=\"async\" width=\"1024\" height=\"683\" src=\"https:\/\/www.folkecenter.net\/wp-content\/uploads\/2024\/07\/3T4A5892-1024x683.jpg\" alt=\"POEASE Final conference\" class=\"wp-image-9488 size-full\" srcset=\"https:\/\/www.folkecenter.net\/wp-content\/uploads\/2024\/07\/3T4A5892-1024x683.jpg 1024w, https:\/\/www.folkecenter.net\/wp-content\/uploads\/2024\/07\/3T4A5892-300x200.jpg 300w, https:\/\/www.folkecenter.net\/wp-content\/uploads\/2024\/07\/3T4A5892-768x512.jpg 768w, https:\/\/www.folkecenter.net\/wp-content\/uploads\/2024\/07\/3T4A5892-1536x1024.jpg 1536w, https:\/\/www.folkecenter.net\/wp-content\/uploads\/2024\/07\/3T4A5892-2048x1365.jpg 2048w, https:\/\/www.folkecenter.net\/wp-content\/uploads\/2024\/07\/3T4A5892-18x12.jpg 18w, https:\/\/www.folkecenter.net\/wp-content\/uploads\/2024\/07\/3T4A5892-600x400.jpg 600w\" sizes=\"auto, (max-width: 1024px) 100vw, 1024px\" \/><\/figure><div class=\"wp-block-media-text__content\">\n<p class=\"has-text-align-center\" style=\"font-size:18px\">Vi hj\u00e6lper og guider dig til at overkomme de barrierer, du kan st\u00f8de p\u00e5 for at udvikle dine produkter og tjenester, komme ind p\u00e5 markedet eller v\u00e6re konkurrencedygtige og \u00f8konomisk b\u00e6redygtige. Vi st\u00f8tter dig i produktudvikling og test, id\u00e9-til-markedsprocesser, fundraising, markedsanalyse, forretningsstrategidefinition, internationalisering, uddannelse af personale og teams, netv\u00e6rk og eventorganisering.<\/p>\n\n\n\n<p class=\"has-text-align-center\" style=\"font-size:18px\">T\u00f8v ikke med at kontakte os for at h\u00f8re mere om, hvad vi kan g\u00f8re for dig og dit projekt.<\/p>\n\n\n\n<div class=\"wp-block-buttons is-content-justification-center is-layout-flex wp-container-core-buttons-is-layout-16018d1d wp-block-buttons-is-layout-flex\">\n<div class=\"wp-block-button has-custom-width wp-block-button__width-50 is-style-outline is-style-outline--1\"><a class=\"wp-block-button__link wp-element-button\" href=\"https:\/\/www.folkecenter.net\/da\/contact-us\/\">Kontakt os<\/a><\/div>\n<\/div>\n<\/div><\/div>\n\n\n\n<div style=\"height:30px\" aria-hidden=\"true\" class=\"wp-block-spacer\"><\/div>\n\n\n\n<h2 class=\"wp-block-heading has-text-align-center has-large-font-size\"><strong>VI TILBYDER<\/strong><\/h2>\n\n\n\n<div style=\"height:50px\" aria-hidden=\"true\" class=\"wp-block-spacer\"><\/div>\n\n\n\n<div class=\"wp-block-columns is-layout-flex wp-container-core-columns-is-layout-9d6595d7 wp-block-columns-is-layout-flex\">\n<div class=\"wp-block-column is-layout-flow wp-block-column-is-layout-flow\">\n<div class=\"wp-block-uagb-inline-notice uagb-inline_notice__align-center uagb-block-eeb696b3\"><button class=\"uagb-notice-close-button\" type=\"button\" aria-label=\"Close\"><\/button><h3 class=\"uagb-notice-title\"><strong>PRODUKTTESTS<\/strong><\/h3><div class=\"uagb-notice-text\">\n<p class=\"has-text-align-center\" style=\"font-size:16px\">Vi har over 30 \u00e5rs erfaring med design og test af vedvarende energiteknologi og de n\u00f8dvendige v\u00e6rkt\u00f8jer og faciliteter til at teste og udvikle dit projekt.<\/p>\n<\/div><\/div>\n<\/div>\n\n\n\n<div class=\"wp-block-column is-layout-flow wp-block-column-is-layout-flow\">\n<div class=\"wp-block-uagb-inline-notice uagb-inline_notice__align-center uagb-block-df4eb80e\"><button class=\"uagb-notice-close-button\" type=\"button\" aria-label=\"Close\"><\/button><h3 class=\"uagb-notice-title\"><strong>R\u00c5DGIVNING<\/strong><\/h3><div class=\"uagb-notice-text\">\n<p class=\"has-text-align-center\" style=\"font-size:16px\">Vi yder teknisk og forretningsm\u00e6ssig r\u00e5dgivning, s\u00e5 du kan udvikle og modne dine produkter samt dine forretningsstrategier til de markeder, du \u00f8nsker at g\u00e5 ind p\u00e5.<\/p>\n<\/div><\/div>\n<\/div>\n\n\n\n<div class=\"wp-block-column is-layout-flow wp-block-column-is-layout-flow\">\n<div class=\"wp-block-uagb-inline-notice uagb-inline_notice__align-center uagb-block-a25438e8\"><button class=\"uagb-notice-close-button\" type=\"button\" aria-label=\"Close\"><\/button><h3 class=\"uagb-notice-title\"><strong>INDDRAG STUDERENDE<\/strong><\/h3><div class=\"uagb-notice-text\">\n<p class=\"has-text-align-center\" style=\"font-size:16px\">Vi har altid internationale praktikanter, der er ivrige efter at arbejde p\u00e5 rigtige projekter og l\u00e6re mere om at arbejde med udvikling af vedvarende energiteknologier.<\/p>\n<\/div><\/div>\n<\/div>\n<\/div>\n\n\n\n<div style=\"height:20px\" aria-hidden=\"true\" class=\"wp-block-spacer\"><\/div>\n\n\n\n<h2 class=\"wp-block-heading has-text-align-center has-large-font-size\" id=\"business-cases\"><strong>PROJEKTER - BUSINESS CASES<\/strong><\/h2>\n\n\n\n<div style=\"height:20px\" aria-hidden=\"true\" class=\"wp-block-spacer\"><\/div>\n\n\n\n<div class=\"wp-block-columns is-layout-flex wp-container-core-columns-is-layout-9d6595d7 wp-block-columns-is-layout-flex\">\n<div class=\"wp-block-column is-layout-flow wp-block-column-is-layout-flow\">\n<h2 class=\"wp-block-heading alignwide has-text-align-center has-medium-font-size\"><strong>ET GR\u00d8NNERE GR\u00c5<\/strong><\/h2>\n\n\n\n<figure class=\"wp-block-image size-full is-style-default, border, panel\"><img loading=\"lazy\" decoding=\"async\" width=\"700\" height=\"394\" src=\"https:\/\/www.folkecenter.net\/wp-content\/uploads\/2023\/04\/Cover-Randal-beton.png\" alt=\"A greener shade of grey - Sustainability at Randal Beton\" class=\"wp-image-7530\" srcset=\"https:\/\/www.folkecenter.net\/wp-content\/uploads\/2023\/04\/Cover-Randal-beton.png 700w, https:\/\/www.folkecenter.net\/wp-content\/uploads\/2023\/04\/Cover-Randal-beton-300x169.png 300w, https:\/\/www.folkecenter.net\/wp-content\/uploads\/2023\/04\/Cover-Randal-beton-18x10.png 18w\" sizes=\"auto, (max-width: 700px) 100vw, 700px\" \/><\/figure>\n\n\n\n<p><\/p>\n\n\n\n<p class=\"has-text-align-center\" style=\"font-size:16px\">Form\u00e5let med projektet \"Et Gr\u00f8nnere Gr\u00e5\" er at implementere en r\u00e6kke b\u00e6redygtige tiltag og praksisser i virksomheden Randal Beton, som vil bidrage til at minimere deres samlede milj\u00f8p\u00e5virkning og som vil \u00f8ge deres sociale ansvar.<\/p>\n\n\n\n<div class=\"wp-block-buttons is-content-justification-center is-layout-flex wp-container-core-buttons-is-layout-16018d1d wp-block-buttons-is-layout-flex\">\n<div class=\"wp-block-button has-custom-width wp-block-button__width-50 is-style-outline is-style-outline--2\"><a class=\"wp-block-button__link wp-element-button\" href=\"https:\/\/www.folkecenter.net\/da\/randal-beton\/\">L\u00e6s mere<\/a><\/div>\n<\/div>\n<\/div>\n\n\n\n<div class=\"wp-block-column is-layout-flow wp-block-column-is-layout-flow\">\n<h2 class=\"wp-block-heading alignwide has-text-align-center has-medium-font-size\"><strong>DESERT POWER\u00ae<\/strong><\/h2>\n\n\n\n<figure class=\"wp-block-image size-full is-style-default, border, panel\"><img loading=\"lazy\" decoding=\"async\" width=\"1024\" height=\"571\" src=\"https:\/\/www.folkecenter.net\/wp-content\/uploads\/2023\/09\/Cover-desert-power-1.png\" alt=\"Desert power - Folkecenter\" class=\"wp-image-7939\" srcset=\"https:\/\/www.folkecenter.net\/wp-content\/uploads\/2023\/09\/Cover-desert-power-1.png 1024w, https:\/\/www.folkecenter.net\/wp-content\/uploads\/2023\/09\/Cover-desert-power-1-300x167.png 300w, https:\/\/www.folkecenter.net\/wp-content\/uploads\/2023\/09\/Cover-desert-power-1-768x428.png 768w, https:\/\/www.folkecenter.net\/wp-content\/uploads\/2023\/09\/Cover-desert-power-1-18x10.png 18w\" sizes=\"auto, (max-width: 1024px) 100vw, 1024px\" \/><\/figure>\n\n\n\n<p><\/p>\n\n\n\n<p class=\"has-text-align-center\" style=\"font-size:16px\">Desert Power<sup>\u00ae<\/sup>&nbsp;har til form\u00e5l at levere gr\u00f8n methanol til shippingindustrien for at bidrage til sektorens gr\u00f8nne omstilling. Nordisk Folkecenter vil bidrage ved at varetage markedsunders\u00f8gelsen og ved at st\u00f8tte ledelsen af \u200b\u200bprojektet.<\/p>\n\n\n\n<div class=\"wp-block-buttons is-content-justification-center is-layout-flex wp-container-core-buttons-is-layout-16018d1d wp-block-buttons-is-layout-flex\">\n<div class=\"wp-block-button has-custom-width wp-block-button__width-50 is-style-outline is-style-outline--3\"><a class=\"wp-block-button__link wp-element-button\" href=\"https:\/\/www.folkecenter.net\/da\/desert-power\/\">L\u00e6s mere<\/a><\/div>\n<\/div>\n<\/div>\n\n\n\n<div class=\"wp-block-column is-layout-flow wp-block-column-is-layout-flow\">\n<h2 class=\"wp-block-heading alignwide has-text-align-center has-medium-font-size\"><strong>TWE TURBINE<\/strong><\/h2>\n\n\n\n<figure class=\"wp-block-image size-full is-style-default, border, panel\"><img loading=\"lazy\" decoding=\"async\" width=\"2048\" height=\"1139\" src=\"https:\/\/www.folkecenter.net\/wp-content\/uploads\/2024\/08\/1722249113690.jpeg\" alt=\"TWE Tandem Wind Energy testing in Folkecenter\" class=\"wp-image-9654\" srcset=\"https:\/\/www.folkecenter.net\/wp-content\/uploads\/2024\/08\/1722249113690.jpeg 2048w, https:\/\/www.folkecenter.net\/wp-content\/uploads\/2024\/08\/1722249113690-300x167.jpeg 300w, https:\/\/www.folkecenter.net\/wp-content\/uploads\/2024\/08\/1722249113690-1024x570.jpeg 1024w, https:\/\/www.folkecenter.net\/wp-content\/uploads\/2024\/08\/1722249113690-768x427.jpeg 768w, https:\/\/www.folkecenter.net\/wp-content\/uploads\/2024\/08\/1722249113690-1536x854.jpeg 1536w, https:\/\/www.folkecenter.net\/wp-content\/uploads\/2024\/08\/1722249113690-18x10.jpeg 18w\" sizes=\"auto, (max-width: 2048px) 100vw, 2048px\" \/><\/figure>\n\n\n\n<p><\/p>\n\n\n\n<p class=\"has-text-align-center\" style=\"font-size:16px\">Otte Reinke, founder and CEO of TWE Tandem Wind Energy, shares in an interview his experience with the process from idea to positive list in collaboration with Nordic Folkecenter for Renewable Energy.<\/p>\n\n\n\n<div class=\"wp-block-buttons is-content-justification-center is-layout-flex wp-container-core-buttons-is-layout-16018d1d wp-block-buttons-is-layout-flex\">\n<div class=\"wp-block-button has-custom-width wp-block-button__width-50 is-style-outline is-style-outline--4\"><a class=\"wp-block-button__link wp-element-button\" href=\"https:\/\/www.folkecenter.net\/da\/birth-of-a-small-wind-turbine-the-story-of-twe-tandem-wind-energy\/\">L\u00e6s mere<\/a><\/div>\n<\/div>\n<\/div>\n<\/div>\n\n\n\n<div style=\"height:20px\" aria-hidden=\"true\" class=\"wp-block-spacer\"><\/div>\n\n\n\n<h2 class=\"wp-block-heading has-text-align-center has-large-font-size\"><strong>HVAD DER SIGES OM OS<\/strong><\/h2>\n\n\n\n<div class=\"wp-block-uagb-slider uagb-block-5ab92b8b uagb-slider-container\"><div class=\"uagb-slides uagb-swiper\"><div class=\"swiper-wrapper\">\n<div class=\"wp-block-uagb-slider-child uagb-slider-child-wrap swiper-slide uagb-block-f30cac18\"><div class=\"swiper-content\">\n<div class=\"wp-block-uagb-container uagb-block-78a5b809 alignfull uagb-is-root-container\"><div class=\"uagb-container-inner-blocks-wrap\">\n<div class=\"wp-block-uagb-info-box uagb-block-49e3e903 uagb-infobox__content-wrap  uagb-infobox-icon-left-title uagb-infobox-left uagb-infobox-image-valign-middle\"><div class=\"uagb-ifb-content\"><div class=\"uagb-ifb-left-title-image\"><div class=\"uagb-ifb-icon-wrap\"><svg xmlns=\"https:\/\/www.w3.org\/2000\/svg\" viewbox=\"0 0 512 512\"><path d=\"M32 192h320c52.94 0 96-43.06 96-96s-43.06-96-96-96h-32c-17.69 0-32 14.31-32 32s14.31 32 32 32h32c17.66 0 32 14.34 32 32s-14.34 32-32 32H32C14.31 128 0 142.3 0 160S14.31 192 32 192zM160 320H32c-17.69 0-32 14.31-32 32s14.31 32 32 32h128c17.66 0 32 14.34 32 32s-14.34 32-32 32H128c-17.69 0-32 14.31-32 32s14.31 32 32 32h32c52.94 0 96-43.06 96-96S212.9 320 160 320zM416 224H32C14.31 224 0 238.3 0 256s14.31 32 32 32h384c17.66 0 32 14.34 32 32s-14.34 32-32 32h-32c-17.69 0-32 14.31-32 32s14.31 32 32 32h32c52.94 0 96-43.06 96-96S468.9 224 416 224z\"><\/path><\/svg><\/div><div class=\"uagb-ifb-title-wrap\"><h3 class=\"uagb-ifb-title\"><em>Otto Reinke, Direkt\u00f8r i TWE Tandem Wind Energy, Tyskland<\/em><\/h3><\/div><\/div><p class=\"uagb-ifb-desc\"><em>Hos Nordic Folkecenters Test Center fandt vi et rigtig godt sted p\u00e5 grund af infrastrukturen, de mennesker og den knowhow, der er tilg\u00e6ngelig der<\/em>.<\/p><div class=\"uagb-ifb-button-wrapper wp-block-button\"><a href=\"https:\/\/www.folkecenter.net\/da\/birth-of-a-small-wind-turbine-the-story-of-twe-tandem-wind-energy\/\" class=\"uagb-infobox-cta-link wp-block-button__link\" target=\"_blank\" rel=\"noopener noreferrer\" onclick=\"return true;\"><span class=\"uagb-inline-editing\">L\u00e6s mere<\/span><\/a><\/div><\/div><\/div>\n<\/div><\/div>\n<\/div><\/div>\n\n\n\n<div class=\"wp-block-uagb-slider-child uagb-slider-child-wrap swiper-slide uagb-block-540bf843\"><div class=\"swiper-content\">\n<div class=\"wp-block-uagb-container uagb-block-a3b54b64 alignfull uagb-is-root-container\"><div class=\"uagb-container-inner-blocks-wrap\">\n<div class=\"wp-block-uagb-info-box uagb-block-cefd9129 uagb-infobox__content-wrap  uagb-infobox-icon-left-title uagb-infobox-left uagb-infobox-image-valign-middle\"><div class=\"uagb-ifb-content\"><div class=\"uagb-ifb-left-title-image\"><div class=\"uagb-ifb-icon-wrap\"><svg xmlns=\"https:\/\/www.w3.org\/2000\/svg\" viewbox=\"0 0 512 512\"><path d=\"M32 192h320c52.94 0 96-43.06 96-96s-43.06-96-96-96h-32c-17.69 0-32 14.31-32 32s14.31 32 32 32h32c17.66 0 32 14.34 32 32s-14.34 32-32 32H32C14.31 128 0 142.3 0 160S14.31 192 32 192zM160 320H32c-17.69 0-32 14.31-32 32s14.31 32 32 32h128c17.66 0 32 14.34 32 32s-14.34 32-32 32H128c-17.69 0-32 14.31-32 32s14.31 32 32 32h32c52.94 0 96-43.06 96-96S212.9 320 160 320zM416 224H32C14.31 224 0 238.3 0 256s14.31 32 32 32h384c17.66 0 32 14.34 32 32s-14.34 32-32 32h-32c-17.69 0-32 14.31-32 32s14.31 32 32 32h32c52.94 0 96-43.06 96-96S468.9 224 416 224z\"><\/path><\/svg><\/div><div class=\"uagb-ifb-title-wrap\"><h3 class=\"uagb-ifb-title\"><em>Peder Hansen, Chefingeni\u00f8r, Windharwest, USA<\/em><\/h3><\/div><\/div><p class=\"uagb-ifb-desc\"><em>Testen og vejledningen, som vi modtager fra Nordisk Folkecenter, er fantastisk, og testen har virkelig, virkelig hjulpet med vejledning til, hvad der er behov for ud fra et certificeringssynspunkt.<\/em>.<\/p><\/div><\/div>\n<\/div><\/div>\n<\/div><\/div>\n\n\n\n<div class=\"wp-block-uagb-slider-child uagb-slider-child-wrap swiper-slide uagb-block-44b9c33f\"><div class=\"swiper-content\">\n<div class=\"wp-block-uagb-container uagb-block-51dcb79a alignfull uagb-is-root-container\"><div class=\"uagb-container-inner-blocks-wrap\">\n<div class=\"wp-block-uagb-info-box uagb-block-efe1c64f uagb-infobox__content-wrap  uagb-infobox-icon-left-title uagb-infobox-left uagb-infobox-image-valign-middle\"><div class=\"uagb-ifb-content\"><div class=\"uagb-ifb-left-title-image\"><div class=\"uagb-ifb-icon-wrap\"><svg xmlns=\"https:\/\/www.w3.org\/2000\/svg\" viewbox=\"0 0 640 512\"><path d=\"M476 480h-152c-19.88 0-36-16.12-36-36v-348H192v156c0 19.88-16.12 36-36 36H31.1C14.33 288 0 273.7 0 256s14.33-31.1 31.1-31.1H128v-156c0-19.88 16.12-36 36-36h152c19.88 0 36 16.12 36 36v348h96v-156c0-19.88 16.12-36 36-36h124C625.7 224 640 238.3 640 256s-14.33 32-31.1 32H512v156C512 463.9 495.9 480 476 480z\"><\/path><\/svg><\/div><div class=\"uagb-ifb-title-wrap\"><h3 class=\"uagb-ifb-title\"><em>Christian Grant, grundl\u00e6gger, Wave2Power, Danmark<\/em><\/h3><\/div><\/div><p class=\"uagb-ifb-desc\"><em>Det er genialt! Hvorfor har ingen fortalt mig om Nordisk Folkecenter f\u00f8r?<\/em> <em>Jeg forst\u00e5r ikke, hvorfor der ikke er k\u00f8 derude<\/em>! <em>Jeg har aldrig m\u00f8dt hj\u00e6lpsomme mennesker som dem, der er der, der ikke beder om penge, selv f\u00f8r du \u00e5bner munden.<\/em> <em>Jeg kan ikke sige det nok: tag til Nordisk Folkecenter, hvis du arbejder med vedvarende energi! Det er det bedste sted i verden for SMV'er, der er involveret i disse emner.<\/em> <em>Det er som en fuglerede: der kan ideer vokse og m\u00e5ske flyve en dag.<\/em><\/p><div class=\"uagb-ifb-button-wrapper wp-block-button\"><a href=\"https:\/\/www.youtube.com\/watch?v=kSP9yUN7i_A\" class=\"uagb-infobox-cta-link wp-block-button__link\" target=\"_blank\" rel=\"noopener noreferrer\" onclick=\"return true;\"><span class=\"uagb-inline-editing\">Se video<\/span><\/a><\/div><\/div><\/div>\n<\/div><\/div>\n<\/div><\/div>\n\n\n\n<div class=\"wp-block-uagb-slider-child uagb-slider-child-wrap swiper-slide uagb-block-083c7c67\"><div class=\"swiper-content\">\n<div class=\"wp-block-uagb-container uagb-block-b6f4fa70 alignfull uagb-is-root-container\"><div class=\"uagb-container-inner-blocks-wrap\">\n<div class=\"wp-block-uagb-info-box uagb-block-628359ba uagb-infobox__content-wrap  uagb-infobox-icon-left-title uagb-infobox-left uagb-infobox-image-valign-top\"><div class=\"uagb-ifb-content\"><div class=\"uagb-ifb-left-title-image\"><div class=\"uagb-ifb-icon-wrap\"><svg xmlns=\"https:\/\/www.w3.org\/2000\/svg\" viewbox=\"0 0 512 512\"><path d=\"M32 192h320c52.94 0 96-43.06 96-96s-43.06-96-96-96h-32c-17.69 0-32 14.31-32 32s14.31 32 32 32h32c17.66 0 32 14.34 32 32s-14.34 32-32 32H32C14.31 128 0 142.3 0 160S14.31 192 32 192zM160 320H32c-17.69 0-32 14.31-32 32s14.31 32 32 32h128c17.66 0 32 14.34 32 32s-14.34 32-32 32H128c-17.69 0-32 14.31-32 32s14.31 32 32 32h32c52.94 0 96-43.06 96-96S212.9 320 160 320zM416 224H32C14.31 224 0 238.3 0 256s14.31 32 32 32h384c17.66 0 32 14.34 32 32s-14.34 32-32 32h-32c-17.69 0-32 14.31-32 32s14.31 32 32 32h32c52.94 0 96-43.06 96-96S468.9 224 416 224z\"><\/path><\/svg><\/div><div class=\"uagb-ifb-title-wrap\"><h3 class=\"uagb-ifb-title\"><em>Ulrich H\u00f8genhaven, CEO, Viking Wind<\/em><\/h3><\/div><\/div><p class=\"uagb-ifb-desc\"><em>Det er rigtig rart, at vi har et teststed her i Danmark med gode vindressourcer, s\u00e5 vi ikke skal bruge for meget tid p\u00e5 at f\u00e5 de n\u00f8dvendige data.<\/em><\/p><div class=\"uagb-ifb-button-wrapper wp-block-button\"><a href=\"https:\/\/www.youtube.com\/watch?v=2H2A3U3xbl0\" class=\"uagb-infobox-cta-link wp-block-button__link\" target=\"_blank\" rel=\"noopener noreferrer\" onclick=\"return true;\"><span class=\"uagb-inline-editing\">Se video<\/span><\/a><\/div><\/div><\/div>\n<\/div><\/div>\n<\/div><\/div>\n<\/div><\/div><div class=\"swiper-pagination\"><\/div><div class=\"swiper-button-prev\"><\/div><div class=\"swiper-button-next\"><\/div><\/div>","protected":false},"excerpt":{"rendered":"<p>ECOPRENEURS AND GREEN SMEs OUR SERVICES PROJECTS &#8211; BUSINESS CASES A GREENER GREY The purpose of the project &#8220;A Greener Grey&#8221; is to implement a number of sustainable measures and &#8230;<\/p>","protected":false},"author":1,"featured_media":0,"parent":0,"menu_order":0,"comment_status":"closed","ping_status":"closed","template":"","meta":{"_uag_custom_page_level_css":"","footnotes":""},"folder":[50],"class_list":["post-3782","page","type-page","status-publish","hentry"],"uagb_featured_image_src":{"full":false,"thumbnail":false,"medium":false,"medium_large":false,"large":false,"1536x1536":false,"2048x2048":false,"trp-custom-language-flag":false,"mgb-medium":false,"mgb-vertical":false,"mgb-banner":false,"onepress-blog-small":false,"onepress-small":false,"onepress-medium":false},"uagb_author_info":{"display_name":"admin","author_link":"http:\/\/www.folkecenter.net\/da\/author\/admin\/"},"uagb_comment_info":0,"uagb_excerpt":"ECOPRENEURS AND GREEN SMEs OUR SERVICES PROJECTS &#8211; BUSINESS CASES A GREENER GREY The purpose of the project &#8220;A Greener Grey&#8221; is to implement a number of sustainable measures and ...","_links":{"self":[{"href":"http:\/\/www.folkecenter.net\/da\/wp-json\/wp\/v2\/pages\/3782","targetHints":{"allow":["GET"]}}],"collection":[{"href":"http:\/\/www.folkecenter.net\/da\/wp-json\/wp\/v2\/pages"}],"about":[{"href":"http:\/\/www.folkecenter.net\/da\/wp-json\/wp\/v2\/types\/page"}],"author":[{"embeddable":true,"href":"http:\/\/www.folkecenter.net\/da\/wp-json\/wp\/v2\/users\/1"}],"replies":[{"embeddable":true,"href":"http:\/\/www.folkecenter.net\/da\/wp-json\/wp\/v2\/comments?post=3782"}],"version-history":[{"count":0,"href":"http:\/\/www.folkecenter.net\/da\/wp-json\/wp\/v2\/pages\/3782\/revisions"}],"wp:attachment":[{"href":"http:\/\/www.folkecenter.net\/da\/wp-json\/wp\/v2\/media?parent=3782"}],"wp:term":[{"taxonomy":"folder","embeddable":true,"href":"http:\/\/www.folkecenter.net\/da\/wp-json\/wp\/v2\/folder?post=3782"}],"curies":[{"name":"wp","href":"https:\/\/api.w.org\/{rel}","templated":true}]}}