{"id":1388,"date":"2022-05-19T14:15:40","date_gmt":"2022-05-19T14:15:40","guid":{"rendered":"https:\/\/www.folkecenter.eu\/Trial-CMS6\/?page_id=1388"},"modified":"2024-09-23T12:29:59","modified_gmt":"2024-09-23T10:29:59","slug":"publications","status":"publish","type":"page","link":"http:\/\/www.folkecenter.net\/da\/publications\/","title":{"rendered":"Publikationer"},"content":{"rendered":"<h1 class=\"wp-block-heading has-text-align-center\"><strong>PUBLIKATIONER<\/strong><\/h1>\n\n\n\n<div style=\"height:10px\" aria-hidden=\"true\" class=\"wp-block-spacer\"><\/div>\n\n\n\n<p class=\"has-text-align-center\" style=\"font-size:18px\">Vi udf\u00f8rer forsknings- og udviklingsprojekter i samarbejde med danske og internationale universiteter, forskningscentre, SMV'er, lokale myndigheder og andre civilsamfundsorganisationer. Nye energil\u00f8sninger, forbedrede produkter, v\u00e6rkt\u00f8jer til lokale myndigheder eller energipolitiske anbefalinger er nogle af resultaterne af disse projekter.<\/p>\n\n\n\n<p class=\"has-text-align-center\" style=\"font-size:18px\">Praktisk ekspertise og mange \u00e5rs t\u00e6t samarbejde med forskellige akt\u00f8rer, der f\u00e5r energiomstillingen til at ske, er vores merv\u00e6rdi som partnere i ethvert forskningsprojekt. Desuden er vores m\u00e5l i alle vores projekter at sikre, at den nyudviklede viden eller l\u00f8sninger ikke lander i en skuffe, men n\u00e5r de rigtige akt\u00f8rer eller markeder.<\/p>\n\n\n\n<hr class=\"wp-block-separator has-css-opacity is-style-wide\"\/>\n\n\n\n<div class=\"wp-block-columns is-layout-flex wp-container-core-columns-is-layout-9d6595d7 wp-block-columns-is-layout-flex\">\n<div class=\"wp-block-column is-style-default, border, panel is-layout-flow wp-block-column-is-layout-flow\">\n<h3 class=\"wp-block-heading alignwide has-text-align-center\"><strong>VINDM\u00d8LLENS HISTORIE I DANMARK<\/strong><\/h3>\n\n\n\n<figure class=\"wp-block-image size-full\"><img loading=\"lazy\" decoding=\"async\" width=\"700\" height=\"700\" src=\"https:\/\/www.folkecenter.net\/wp-content\/uploads\/2024\/09\/chapters.jpg\" alt=\"\" class=\"wp-image-10151\" style=\"object-fit:cover\" srcset=\"https:\/\/www.folkecenter.net\/wp-content\/uploads\/2024\/09\/chapters.jpg 700w, https:\/\/www.folkecenter.net\/wp-content\/uploads\/2024\/09\/chapters-300x300.jpg 300w, https:\/\/www.folkecenter.net\/wp-content\/uploads\/2024\/09\/chapters-150x150.jpg 150w, https:\/\/www.folkecenter.net\/wp-content\/uploads\/2024\/09\/chapters-12x12.jpg 12w, https:\/\/www.folkecenter.net\/wp-content\/uploads\/2024\/09\/chapters-600x600.jpg 600w\" sizes=\"auto, (max-width: 700px) 100vw, 700px\" \/><\/figure>\n\n\n\n<p><\/p>\n\n\n\n<p class=\"has-text-align-center\" style=\"font-size:16px\">Nordisk Folkecenter, Energimuseet, Poul la Cour Museet og Dansk Historisk Vindm\u00f8lleforening har udviklet en r\u00e6kke brochurer, der forklarer de store skridt, vindindustrien har gennemg\u00e5et. Resultatet af 14 \u00e5rs research i arkiverne resulterede i udgivelsen af\u00a012 brochurer\u00a0inklusive b\u00e5de forklaringer og billeder.<\/p>\n\n\n\n<div class=\"wp-block-buttons is-content-justification-center is-layout-flex wp-container-core-buttons-is-layout-16018d1d wp-block-buttons-is-layout-flex\">\n<div class=\"wp-block-button has-custom-width wp-block-button__width-50 is-style-outline is-style-outline--1\"><a class=\"wp-block-button__link wp-element-button\" href=\"https:\/\/www.folkecenter.net\/da\/wind-turbine-history-in-denmark\/\">L\u00e6s mere<\/a><\/div>\n<\/div>\n\n\n\n<div style=\"height:10px\" aria-hidden=\"true\" class=\"wp-block-spacer\"><\/div>\n<\/div>\n\n\n\n<div class=\"wp-block-column is-style-default, border, panel is-layout-flow wp-block-column-is-layout-flow\">\n<h3 class=\"wp-block-heading alignwide has-text-align-center\"><strong>KATALOG FOR SM\u00c5 VINDM\u00d8LLER<\/strong><\/h3>\n\n\n\n<figure class=\"wp-block-image size-full\"><img loading=\"lazy\" decoding=\"async\" width=\"700\" height=\"700\" src=\"https:\/\/www.folkecenter.net\/wp-content\/uploads\/2024\/09\/CATALOGUE.jpg\" alt=\"\" class=\"wp-image-10152\" style=\"object-fit:cover\" srcset=\"https:\/\/www.folkecenter.net\/wp-content\/uploads\/2024\/09\/CATALOGUE.jpg 700w, https:\/\/www.folkecenter.net\/wp-content\/uploads\/2024\/09\/CATALOGUE-300x300.jpg 300w, https:\/\/www.folkecenter.net\/wp-content\/uploads\/2024\/09\/CATALOGUE-150x150.jpg 150w, https:\/\/www.folkecenter.net\/wp-content\/uploads\/2024\/09\/CATALOGUE-12x12.jpg 12w, https:\/\/www.folkecenter.net\/wp-content\/uploads\/2024\/09\/CATALOGUE-600x600.jpg 600w\" sizes=\"auto, (max-width: 700px) 100vw, 700px\" \/><\/figure>\n\n\n\n<p><\/p>\n\n\n\n<p class=\"has-text-align-center\" style=\"font-size:16px\">Siden 1986 har hundredvis af unge mennesker fra hele verden deltaget i trainee-programmet. Du f\u00e5r teoretisk viden og praktisk erfaring med alle facetter af vedvarende energi, der er relevante for din uddannelse. Desuden f\u00e5r du uforglemmelige \u00f8jeblikke sammen med teamet og de andre trainees.<\/p>\n\n\n\n<div class=\"wp-block-buttons is-content-justification-center is-layout-flex wp-container-core-buttons-is-layout-16018d1d wp-block-buttons-is-layout-flex\">\n<div class=\"wp-block-button has-custom-width wp-block-button__width-50 is-style-outline is-style-outline--2\"><a class=\"wp-block-button__link wp-element-button\" href=\"https:\/\/www.folkecenter.net\/da\/catalogue-for-small-wind-turbines\/\">L\u00e6s mere<\/a><\/div>\n<\/div>\n\n\n\n<div style=\"height:10px\" aria-hidden=\"true\" class=\"wp-block-spacer\"><\/div>\n<\/div>\n\n\n\n<div class=\"wp-block-column is-style-default, border, panel is-layout-flow wp-block-column-is-layout-flow\">\n<h3 class=\"wp-block-heading alignwide has-text-align-center\"><strong>JUBIL\u00c6UMSBOG<br>40 \u00c5R<\/strong><\/h3>\n\n\n\n<figure class=\"wp-block-image size-full\"><img loading=\"lazy\" decoding=\"async\" width=\"700\" height=\"700\" src=\"https:\/\/www.folkecenter.net\/wp-content\/uploads\/2024\/09\/BOOK-40-YEARS.jpg\" alt=\"\" class=\"wp-image-10165\" style=\"object-fit:cover\" srcset=\"https:\/\/www.folkecenter.net\/wp-content\/uploads\/2024\/09\/BOOK-40-YEARS.jpg 700w, https:\/\/www.folkecenter.net\/wp-content\/uploads\/2024\/09\/BOOK-40-YEARS-300x300.jpg 300w, https:\/\/www.folkecenter.net\/wp-content\/uploads\/2024\/09\/BOOK-40-YEARS-150x150.jpg 150w, https:\/\/www.folkecenter.net\/wp-content\/uploads\/2024\/09\/BOOK-40-YEARS-12x12.jpg 12w, https:\/\/www.folkecenter.net\/wp-content\/uploads\/2024\/09\/BOOK-40-YEARS-600x600.jpg 600w\" sizes=\"auto, (max-width: 700px) 100vw, 700px\" \/><\/figure>\n\n\n\n<p><\/p>\n\n\n\n<p class=\"has-text-align-center\" style=\"font-size:16px\">I anledning af Nordisk Folkecenters 40 \u00e5rs jubil\u00e6um er det med stor hj\u00e6lp fra vores fantastiske netv\u00e6rk lykkedes at sammens\u00e6tte en bog om Nordisk Folkecenters historie og udviklingen af \u200b\u200bvedvarende energi i Danmark i samme periode.<\/p>\n\n\n\n<div class=\"wp-block-buttons is-content-justification-center is-layout-flex wp-container-core-buttons-is-layout-16018d1d wp-block-buttons-is-layout-flex\">\n<div class=\"wp-block-button has-custom-width wp-block-button__width-50 is-style-outline is-style-outline--3\"><a class=\"wp-block-button__link wp-element-button\" href=\"https:\/\/www.folkecenter.net\/da\/you-can-now-buy-the-folkecenter-40-year-book\/\">L\u00e6s mere<\/a><\/div>\n<\/div>\n\n\n\n<div style=\"height:10px\" aria-hidden=\"true\" class=\"wp-block-spacer\"><\/div>\n<\/div>\n<\/div>\n\n\n\n<div class=\"wp-block-columns is-layout-flex wp-container-core-columns-is-layout-9d6595d7 wp-block-columns-is-layout-flex\">\n<div class=\"wp-block-column is-style-default, border, panel is-layout-flow wp-block-column-is-layout-flow\">\n<h3 class=\"wp-block-heading alignwide has-text-align-center\"><strong>ARKIV<\/strong><br><strong>NYHEDER<\/strong><\/h3>\n\n\n\n<figure class=\"wp-block-image size-full\"><img loading=\"lazy\" decoding=\"async\" width=\"700\" height=\"700\" src=\"https:\/\/www.folkecenter.net\/wp-content\/uploads\/2024\/09\/energy-savings.jpg\" alt=\"\" class=\"wp-image-10096\" style=\"object-fit:cover\" srcset=\"https:\/\/www.folkecenter.net\/wp-content\/uploads\/2024\/09\/energy-savings.jpg 700w, https:\/\/www.folkecenter.net\/wp-content\/uploads\/2024\/09\/energy-savings-300x300.jpg 300w, https:\/\/www.folkecenter.net\/wp-content\/uploads\/2024\/09\/energy-savings-150x150.jpg 150w, https:\/\/www.folkecenter.net\/wp-content\/uploads\/2024\/09\/energy-savings-12x12.jpg 12w, https:\/\/www.folkecenter.net\/wp-content\/uploads\/2024\/09\/energy-savings-600x600.jpg 600w\" sizes=\"auto, (max-width: 700px) 100vw, 700px\" \/><\/figure>\n\n\n\n<p><\/p>\n\n\n\n<p class=\"has-text-align-center\" style=\"font-size:16px\">L\u00f8bende udgiver vi nyheder fra Nordisk Folkecenter, invitationer til og reportager om arrangementer, information om vedvarende energiteknologier, projektnyheder mv.<\/p>\n\n\n\n<div class=\"wp-block-buttons is-content-justification-center is-layout-flex wp-container-core-buttons-is-layout-16018d1d wp-block-buttons-is-layout-flex\">\n<div class=\"wp-block-button has-custom-width wp-block-button__width-50 is-style-outline is-style-outline--4\"><a class=\"wp-block-button__link wp-element-button\" href=\"https:\/\/www.folkecenter.net\/da\/archive-news\/\">G\u00e5 til arkiv<\/a><\/div>\n<\/div>\n\n\n\n<div style=\"height:10px\" aria-hidden=\"true\" class=\"wp-block-spacer\"><\/div>\n<\/div>\n\n\n\n<div class=\"wp-block-column is-style-default, border, panel is-layout-flow wp-block-column-is-layout-flow\">\n<h3 class=\"wp-block-heading alignwide has-text-align-center\"><strong>GR\u00d8NNE FIF &amp; FACTS FOR HELE FAMILIEN<\/strong><\/h3>\n\n\n\n<figure class=\"wp-block-image size-full\"><img loading=\"lazy\" decoding=\"async\" width=\"700\" height=\"700\" src=\"https:\/\/www.folkecenter.net\/wp-content\/uploads\/2024\/09\/GRONNE-FIFS.jpg\" alt=\"\" class=\"wp-image-10334\" style=\"object-fit:cover\" srcset=\"https:\/\/www.folkecenter.net\/wp-content\/uploads\/2024\/09\/GRONNE-FIFS.jpg 700w, https:\/\/www.folkecenter.net\/wp-content\/uploads\/2024\/09\/GRONNE-FIFS-300x300.jpg 300w, https:\/\/www.folkecenter.net\/wp-content\/uploads\/2024\/09\/GRONNE-FIFS-150x150.jpg 150w, https:\/\/www.folkecenter.net\/wp-content\/uploads\/2024\/09\/GRONNE-FIFS-12x12.jpg 12w, https:\/\/www.folkecenter.net\/wp-content\/uploads\/2024\/09\/GRONNE-FIFS-600x600.jpg 600w\" sizes=\"auto, (max-width: 700px) 100vw, 700px\" \/><\/figure>\n\n\n\n<p><\/p>\n\n\n\n<p class=\"has-text-align-center\" style=\"font-size:16px\">Dette h\u00e6fte er lavet til alle, der \u00f8nsker at g\u00f8re noget for en b\u00e6redygtig verden. Vi har samlet et par gode tips, ideer og informationer til dig, som inspiration (dansk)<\/p>\n\n\n\n<div class=\"wp-block-buttons is-content-justification-center is-layout-flex wp-container-core-buttons-is-layout-16018d1d wp-block-buttons-is-layout-flex\">\n<div class=\"wp-block-button has-custom-width wp-block-button__width-50 is-style-outline is-style-outline--5\"><a class=\"wp-block-button__link wp-element-button\" href=\"https:\/\/www.folkecenter.net\/wp-content\/uploads\/2023\/05\/Gronne-familier-brochure.pdf\">L\u00e6s<\/a><\/div>\n<\/div>\n\n\n\n<div style=\"height:10px\" aria-hidden=\"true\" class=\"wp-block-spacer\"><\/div>\n<\/div>\n\n\n\n<div class=\"wp-block-column is-style-default, border, panel is-layout-flow wp-block-column-is-layout-flow\">\n<h3 class=\"wp-block-heading alignwide has-text-align-center\"><strong>NYHEDER I DIN INDBAKKE HVER M\u00c5NED<\/strong><\/h3>\n\n\n\n<figure class=\"wp-block-image size-full\"><img loading=\"lazy\" decoding=\"async\" width=\"700\" height=\"700\" src=\"https:\/\/www.folkecenter.net\/wp-content\/uploads\/2024\/09\/NOTONLYSTUDY.jpg\" alt=\"\" class=\"wp-image-10224\" style=\"object-fit:cover\" srcset=\"https:\/\/www.folkecenter.net\/wp-content\/uploads\/2024\/09\/NOTONLYSTUDY.jpg 700w, https:\/\/www.folkecenter.net\/wp-content\/uploads\/2024\/09\/NOTONLYSTUDY-300x300.jpg 300w, https:\/\/www.folkecenter.net\/wp-content\/uploads\/2024\/09\/NOTONLYSTUDY-150x150.jpg 150w, https:\/\/www.folkecenter.net\/wp-content\/uploads\/2024\/09\/NOTONLYSTUDY-12x12.jpg 12w, https:\/\/www.folkecenter.net\/wp-content\/uploads\/2024\/09\/NOTONLYSTUDY-600x600.jpg 600w\" sizes=\"auto, (max-width: 700px) 100vw, 700px\" \/><\/figure>\n\n\n\n<p><\/p>\n\n\n\n<p class=\"has-text-align-center\" style=\"font-size:16px\">Nyhedsbrevet udkommer en gang om m\u00e5neden og giver dig et unikt indblik i arbejdet p\u00e5 Nordisk Folkecenter for Vedvarende Energi.<\/p>\n\n\n\n<div class=\"wp-block-buttons is-content-justification-center is-layout-flex wp-container-core-buttons-is-layout-16018d1d wp-block-buttons-is-layout-flex\">\n<div class=\"wp-block-button has-custom-width wp-block-button__width-50 is-style-outline is-style-outline--6\"><a class=\"wp-block-button__link wp-element-button\" href=\"https:\/\/www.folkecenter.net\/da\/newsletter\/\">Tilmeld<\/a><\/div>\n<\/div>\n\n\n\n<div style=\"height:10px\" aria-hidden=\"true\" class=\"wp-block-spacer\"><\/div>\n<\/div>\n<\/div>\n\n\n\n<div class=\"wp-block-columns is-layout-flex wp-container-core-columns-is-layout-9d6595d7 wp-block-columns-is-layout-flex\">\n<div class=\"wp-block-column is-layout-flow wp-block-column-is-layout-flow\"><\/div>\n\n\n\n<div class=\"wp-block-column is-layout-flow wp-block-column-is-layout-flow\"><\/div>\n\n\n\n<div class=\"wp-block-column is-layout-flow wp-block-column-is-layout-flow\"><\/div>\n<\/div>","protected":false},"excerpt":{"rendered":"<p>PUBLICATIONS We carry out research and development projects in collaboration with Danish and international universities, research centres, SMEs, local authorities and other civil society organisations. New energy solutions, improved products, &#8230;<\/p>","protected":false},"author":1,"featured_media":0,"parent":0,"menu_order":0,"comment_status":"closed","ping_status":"closed","template":"","meta":{"_uag_custom_page_level_css":"","footnotes":""},"folder":[50],"class_list":["post-1388","page","type-page","status-publish","hentry"],"uagb_featured_image_src":{"full":false,"thumbnail":false,"medium":false,"medium_large":false,"large":false,"1536x1536":false,"2048x2048":false,"trp-custom-language-flag":false,"mgb-medium":false,"mgb-vertical":false,"mgb-banner":false,"onepress-blog-small":false,"onepress-small":false,"onepress-medium":false},"uagb_author_info":{"display_name":"admin","author_link":"http:\/\/www.folkecenter.net\/da\/author\/admin\/"},"uagb_comment_info":0,"uagb_excerpt":"PUBLICATIONS We carry out research and development projects in collaboration with Danish and international universities, research centres, SMEs, local authorities and other civil society organisations. New energy solutions, improved products, ...","_links":{"self":[{"href":"http:\/\/www.folkecenter.net\/da\/wp-json\/wp\/v2\/pages\/1388","targetHints":{"allow":["GET"]}}],"collection":[{"href":"http:\/\/www.folkecenter.net\/da\/wp-json\/wp\/v2\/pages"}],"about":[{"href":"http:\/\/www.folkecenter.net\/da\/wp-json\/wp\/v2\/types\/page"}],"author":[{"embeddable":true,"href":"http:\/\/www.folkecenter.net\/da\/wp-json\/wp\/v2\/users\/1"}],"replies":[{"embeddable":true,"href":"http:\/\/www.folkecenter.net\/da\/wp-json\/wp\/v2\/comments?post=1388"}],"version-history":[{"count":0,"href":"http:\/\/www.folkecenter.net\/da\/wp-json\/wp\/v2\/pages\/1388\/revisions"}],"wp:attachment":[{"href":"http:\/\/www.folkecenter.net\/da\/wp-json\/wp\/v2\/media?parent=1388"}],"wp:term":[{"taxonomy":"folder","embeddable":true,"href":"http:\/\/www.folkecenter.net\/da\/wp-json\/wp\/v2\/folder?post=1388"}],"curies":[{"name":"wp","href":"https:\/\/api.w.org\/{rel}","templated":true}]}}